{"id":1628,"date":"2015-09-02T16:20:12","date_gmt":"2015-09-02T13:20:12","guid":{"rendered":"http:\/\/drose.com.tr\/online\/?page_id=1628"},"modified":"2016-09-09T14:25:01","modified_gmt":"2016-09-09T11:25:01","slug":"hediye-paketleri","status":"publish","type":"page","link":"https:\/\/drose.com.tr\/online\/hediye-paketleri\/","title":{"rendered":"HED\u0130YE PAKETLER\u0130"},"content":{"rendered":"<div id='av_section_1'  class='avia-section main_color avia-section-default avia-no-shadow avia-full-stretch avia-bg-style-scroll  avia-builder-el-0  el_before_av_section  avia-builder-el-first   container_wrap sidebar_right' style='background-color: #ffefdd; background-repeat: no-repeat; background-image: url(https:\/\/drose.com.tr\/online\/wp-content\/uploads\/2015\/07\/drose_home2.jpg);background-attachment: scroll; background-position: center center;  '  data-section-bg-repeat='stretch'><div class='av-section-color-overlay-wrap'><a href='#next-section' title='' class='scroll-down-link '  aria-hidden='true' data-av_icon='\ue877' data-av_iconfont='entypo-fontello'><\/a><div class='container' ><main  role=\"main\" itemprop=\"mainContentOfPage\"  class='template-page content  av-content-small alpha units'><div class='post-entry post-entry-type-page post-entry-1628'><div class='entry-content-wrapper clearfix'>\n<div class=\"flex_column av_one_full  flex_column_div first  avia-builder-el-1  avia-builder-el-no-sibling  \" style='padding:50px 0px 0px 0px ; border-radius:0px; '><div  class='avia-image-container avia_animated_image avia_animate_when_almost_visible top-to-bottom av-styling-    avia-builder-el-2  avia-builder-el-no-sibling  avia-align-center '  itemprop=\"image\" itemscope=\"itemscope\" itemtype=\"https:\/\/schema.org\/ImageObject\"  ><div class='avia-image-container-inner'><div class='avia-image-overlay-wrap'><img class='avia_image' src='https:\/\/drose.com.tr\/online\/wp-content\/uploads\/2015\/07\/odul_home.png' alt='' title='odul_home' height=\"114\" width=\"840\"  itemprop=\"thumbnailUrl\"  \/><\/div><\/div><\/div><\/div>\n\n<\/div><\/div><\/main><!-- close content main element --><\/div><\/div><\/div><div id='av_section_2'  class='avia-section main_color avia-section-default avia-no-shadow avia-full-stretch av-section-color-overlay-active avia-bg-style-fixed  avia-builder-el-3  el_after_av_section  el_before_av_section   av-minimum-height av-minimum-height-25  container_wrap sidebar_right' style='background-repeat: no-repeat; background-image: url(https:\/\/drose.com.tr\/online\/wp-content\/uploads\/2015\/09\/hediye-paketleri-banner.jpg);background-attachment: fixed; background-position: center center;  '  data-section-bg-repeat='stretch' data-av_minimum_height_pc='25'><div class='av-section-color-overlay-wrap'><div class='av-section-color-overlay' style='opacity: 0.3; background-color: #5e5e5e; background-image: url(https:\/\/drose.com.tr\/online\/wp-content\/themes\/enfold\/images\/background-images\/dots-mini-light.png); background-repeat: repeat;'><\/div><div class='container' ><div class='template-page content  av-content-small alpha units'><div class='post-entry post-entry-type-page post-entry-1628'><div class='entry-content-wrapper clearfix'>\n<div  style='padding-bottom:10px; color:#ffffff;' class='av-special-heading av-special-heading-h3 custom-color-heading blockquote modern-quote modern-centered  avia-builder-el-4  avia-builder-el-no-sibling  '><h3 class='av-special-heading-tag '  itemprop=\"headline\"  >HED\u0130YE PAKETLER\u0130<\/h3><div class='special-heading-border'><div class='special-heading-inner-border' style='border-color:#ffffff'><\/div><\/div><\/div>\n<\/div><\/div><\/div><!-- close content main div --><\/div><\/div><\/div><div id='av_section_3'  class='avia-section main_color avia-section-default avia-no-shadow avia-bg-style-scroll  avia-builder-el-5  el_after_av_section  el_before_av_section   container_wrap sidebar_right' style='background-color: #ffefdd;  '  ><div class='container' ><div class='template-page content  av-content-small alpha units'><div class='post-entry post-entry-type-page post-entry-1628'><div class='entry-content-wrapper clearfix'>\n<div   data-autoplay=''  data-interval='5'  data-animation='fade'  data-hoverpause='1'  class='template-shop avia-content-slider avia-content-grid-active avia-product-slider1 avia-content-slider-even  avia-builder-el-6  avia-builder-el-no-sibling   shop_columns_4' ><div class='avia-content-slider-inner'><ul class=\"products\"><li class=\"product type-product post-2491 status-publish first instock product_cat-ardic product_cat-hediye_paketleri product_cat-vitrin product_tag-hediye product_tag-home product_tag-standart has-post-thumbnail shipping-taxable purchasable product-type-simple\">\n\t<div class='inner_product main_color wrapped_style noLightbox  av-product-class-no_button'><a href=\"https:\/\/drose.com.tr\/online\/urun\/0-dogal-zeytinyagi-formullu-ardic-katrani-sabunu\/\" class=\"woocommerce-LoopProduct-link woocommerce-loop-product__link\"><div class='thumbnail_container'><img loading=\"lazy\" decoding=\"async\" width=\"300\" height=\"300\" src=\"https:\/\/drose.com.tr\/online\/wp-content\/uploads\/2016\/04\/katran-300x300.jpg\" class=\"attachment-shop_catalog size-shop_catalog wp-post-image\" alt=\"\" srcset=\"https:\/\/drose.com.tr\/online\/wp-content\/uploads\/2016\/04\/katran-300x300.jpg 300w, https:\/\/drose.com.tr\/online\/wp-content\/uploads\/2016\/04\/katran-150x150.jpg 150w, https:\/\/drose.com.tr\/online\/wp-content\/uploads\/2016\/04\/katran-768x768.jpg 768w, https:\/\/drose.com.tr\/online\/wp-content\/uploads\/2016\/04\/katran-350x350.jpg 350w, https:\/\/drose.com.tr\/online\/wp-content\/uploads\/2016\/04\/katran-110x110.jpg 110w, https:\/\/drose.com.tr\/online\/wp-content\/uploads\/2016\/04\/katran-400x400.jpg 400w, https:\/\/drose.com.tr\/online\/wp-content\/uploads\/2016\/04\/katran-70x70.jpg 70w, https:\/\/drose.com.tr\/online\/wp-content\/uploads\/2016\/04\/katran-180x180.jpg 180w, https:\/\/drose.com.tr\/online\/wp-content\/uploads\/2016\/04\/katran-600x600.jpg 600w, https:\/\/drose.com.tr\/online\/wp-content\/uploads\/2016\/04\/katran-120x120.jpg 120w, https:\/\/drose.com.tr\/online\/wp-content\/uploads\/2016\/04\/katran.jpg 1000w\" sizes=\"auto, (max-width: 300px) 100vw, 300px\" \/><span class='cart-loading'><\/span><\/div><div class='inner_product_header'><div class='avia-arrow'><\/div><div class='inner_product_header_table'><div class='inner_product_header_cell'><h2 class=\"woocommerce-loop-product__title\">D&#8217;ROSE 12&#8217;li Ard\u0131\u00e7 Katran\u0131 Sabunu UYUZ, B\u0130T, EGZAMA, SEDEF, V\u0130T\u0130L\u0130GO, MANTAR, AKNE, S\u0130YAH NOKTA \u0130\u00c7\u0130N YARDIMCI \u00dcR\u00dcN<\/h2>\n\t<span class=\"price\"><span class=\"woocommerce-Price-amount amount\"><bdi>2,400.00<span class=\"woocommerce-Price-currencySymbol\">&#8378;<\/span><\/bdi><\/span><\/span>\n<\/div><\/div><\/div><\/a><\/div><\/li>\n<li class=\"product type-product post-2502 status-publish instock product_cat-biberiye product_cat-hediye_paketleri product_cat-vitrin product_tag-hediye product_tag-home product_tag-standart has-post-thumbnail shipping-taxable purchasable product-type-simple\">\n\t<div class='inner_product main_color wrapped_style noLightbox  av-product-class-no_button'><a href=\"https:\/\/drose.com.tr\/online\/urun\/0-dogal-zeytinyagi-formullu-biberiye-sabunu-12li\/\" class=\"woocommerce-LoopProduct-link woocommerce-loop-product__link\"><div class='thumbnail_container'><img loading=\"lazy\" decoding=\"async\" width=\"300\" height=\"300\" src=\"https:\/\/drose.com.tr\/online\/wp-content\/uploads\/2016\/04\/be1-300x300.jpg\" class=\"attachment-shop_catalog size-shop_catalog wp-post-image\" alt=\"\" srcset=\"https:\/\/drose.com.tr\/online\/wp-content\/uploads\/2016\/04\/be1-300x300.jpg 300w, https:\/\/drose.com.tr\/online\/wp-content\/uploads\/2016\/04\/be1-150x150.jpg 150w, https:\/\/drose.com.tr\/online\/wp-content\/uploads\/2016\/04\/be1-768x768.jpg 768w, https:\/\/drose.com.tr\/online\/wp-content\/uploads\/2016\/04\/be1-350x350.jpg 350w, https:\/\/drose.com.tr\/online\/wp-content\/uploads\/2016\/04\/be1-110x110.jpg 110w, https:\/\/drose.com.tr\/online\/wp-content\/uploads\/2016\/04\/be1-400x400.jpg 400w, https:\/\/drose.com.tr\/online\/wp-content\/uploads\/2016\/04\/be1-70x70.jpg 70w, https:\/\/drose.com.tr\/online\/wp-content\/uploads\/2016\/04\/be1-180x180.jpg 180w, https:\/\/drose.com.tr\/online\/wp-content\/uploads\/2016\/04\/be1-600x600.jpg 600w, https:\/\/drose.com.tr\/online\/wp-content\/uploads\/2016\/04\/be1-120x120.jpg 120w, https:\/\/drose.com.tr\/online\/wp-content\/uploads\/2016\/04\/be1.jpg 1000w\" sizes=\"auto, (max-width: 300px) 100vw, 300px\" \/><span class='cart-loading'><\/span><\/div><div class='inner_product_header'><div class='avia-arrow'><\/div><div class='inner_product_header_table'><div class='inner_product_header_cell'><h2 class=\"woocommerce-loop-product__title\">D&#8217;ROSE 12&#8217;li Biberiye Sabunu<\/h2>\n\t<span class=\"price\"><span class=\"woocommerce-Price-amount amount\"><bdi>2,400.00<span class=\"woocommerce-Price-currencySymbol\">&#8378;<\/span><\/bdi><\/span><\/span>\n<\/div><\/div><\/div><\/a><\/div><\/li>\n<li class=\"product type-product post-2499 status-publish instock product_cat-ardic product_cat-biberiye product_cat-hediye_paketleri product_cat-vitrin product_tag-hediye product_tag-home product_tag-standart has-post-thumbnail shipping-taxable purchasable product-type-simple\">\n\t<div class='inner_product main_color wrapped_style noLightbox  av-product-class-no_button'><a href=\"https:\/\/drose.com.tr\/online\/urun\/0-dogal-zeytinyagi-formullu-ardic-katrani-sabunu-ve-biberiye-sabunu\/\" class=\"woocommerce-LoopProduct-link woocommerce-loop-product__link\"><div class='thumbnail_container'><img loading=\"lazy\" decoding=\"async\" width=\"300\" height=\"300\" src=\"https:\/\/drose.com.tr\/online\/wp-content\/uploads\/2016\/04\/b1-300x300.jpg\" class=\"attachment-shop_catalog size-shop_catalog wp-post-image\" alt=\"\" srcset=\"https:\/\/drose.com.tr\/online\/wp-content\/uploads\/2016\/04\/b1-300x300.jpg 300w, https:\/\/drose.com.tr\/online\/wp-content\/uploads\/2016\/04\/b1-150x150.jpg 150w, https:\/\/drose.com.tr\/online\/wp-content\/uploads\/2016\/04\/b1-768x768.jpg 768w, https:\/\/drose.com.tr\/online\/wp-content\/uploads\/2016\/04\/b1-350x350.jpg 350w, https:\/\/drose.com.tr\/online\/wp-content\/uploads\/2016\/04\/b1-110x110.jpg 110w, https:\/\/drose.com.tr\/online\/wp-content\/uploads\/2016\/04\/b1-400x400.jpg 400w, https:\/\/drose.com.tr\/online\/wp-content\/uploads\/2016\/04\/b1-70x70.jpg 70w, https:\/\/drose.com.tr\/online\/wp-content\/uploads\/2016\/04\/b1-180x180.jpg 180w, https:\/\/drose.com.tr\/online\/wp-content\/uploads\/2016\/04\/b1-600x600.jpg 600w, https:\/\/drose.com.tr\/online\/wp-content\/uploads\/2016\/04\/b1-120x120.jpg 120w, https:\/\/drose.com.tr\/online\/wp-content\/uploads\/2016\/04\/b1.jpg 1000w\" sizes=\"auto, (max-width: 300px) 100vw, 300px\" \/><span class='cart-loading'><\/span><\/div><div class='inner_product_header'><div class='avia-arrow'><\/div><div class='inner_product_header_table'><div class='inner_product_header_cell'><h2 class=\"woocommerce-loop-product__title\">D&#8217;ROSE 12&#8217;li Ard\u0131\u00e7 Katran\u0131 &#038; Biberiye Sabunu<\/h2>\n\t<span class=\"price\"><span class=\"woocommerce-Price-amount amount\"><bdi>2,400.00<span class=\"woocommerce-Price-currencySymbol\">&#8378;<\/span><\/bdi><\/span><\/span>\n<\/div><\/div><\/div><\/a><\/div><\/li>\n<li class=\"product type-product post-2412 status-publish last instock product_cat-gulsuyu product_cat-hediye_paketleri product_cat-vitrin product_tag-hediye product_tag-home product_tag-standart has-post-thumbnail shipping-taxable purchasable product-type-simple\">\n\t<div class='inner_product main_color wrapped_style noLightbox  av-product-class-no_button'><a href=\"https:\/\/drose.com.tr\/online\/urun\/hediyelik-isparta-gulu-set\/\" class=\"woocommerce-LoopProduct-link woocommerce-loop-product__link\"><div class='thumbnail_container'><img loading=\"lazy\" decoding=\"async\" width=\"450\" height=\"450\" src=\"https:\/\/drose.com.tr\/online\/wp-content\/uploads\/2016\/08\/3LUSET_-450x450.jpg\" class=\"attachment-shop_catalog size-shop_catalog wp-post-image\" alt=\"\" srcset=\"https:\/\/drose.com.tr\/online\/wp-content\/uploads\/2016\/08\/3LUSET_-450x450.jpg 450w, https:\/\/drose.com.tr\/online\/wp-content\/uploads\/2016\/08\/3LUSET_-300x300.jpg 300w, https:\/\/drose.com.tr\/online\/wp-content\/uploads\/2016\/08\/3LUSET_-80x80.jpg 80w, https:\/\/drose.com.tr\/online\/wp-content\/uploads\/2016\/08\/3LUSET_-768x768.jpg 768w, https:\/\/drose.com.tr\/online\/wp-content\/uploads\/2016\/08\/3LUSET_-36x36.jpg 36w, https:\/\/drose.com.tr\/online\/wp-content\/uploads\/2016\/08\/3LUSET_-180x180.jpg 180w, https:\/\/drose.com.tr\/online\/wp-content\/uploads\/2016\/08\/3LUSET_-705x705.jpg 705w, https:\/\/drose.com.tr\/online\/wp-content\/uploads\/2016\/08\/3LUSET_-100x100.jpg 100w, https:\/\/drose.com.tr\/online\/wp-content\/uploads\/2016\/08\/3LUSET_.jpg 1000w\" sizes=\"auto, (max-width: 450px) 100vw, 450px\" \/><span class='cart-loading'><\/span><\/div><div class='inner_product_header'><div class='avia-arrow'><\/div><div class='inner_product_header_table'><div class='inner_product_header_cell'><h2 class=\"woocommerce-loop-product__title\">D&#8217;ROSE Rosa Damascena \u00dc\u00e7l\u00fc Set<\/h2>\n\t<span class=\"price\"><span class=\"woocommerce-Price-amount amount\"><bdi>2,850.00<span class=\"woocommerce-Price-currencySymbol\">&#8378;<\/span><\/bdi><\/span><\/span>\n<\/div><\/div><\/div><\/a><\/div><\/li>\n<li class=\"product type-product post-2221 status-publish first instock product_cat-gulsuyu product_cat-hediye_paketleri product_cat-vitrin product_tag-home product_tag-standart has-post-thumbnail shipping-taxable purchasable product-type-simple\">\n\t<div class='inner_product main_color wrapped_style noLightbox  av-product-class-no_button'><a href=\"https:\/\/drose.com.tr\/online\/urun\/drose-0-saf-yagli-isparta-gulsuyu\/\" class=\"woocommerce-LoopProduct-link woocommerce-loop-product__link\"><div class='thumbnail_container'><img loading=\"lazy\" decoding=\"async\" width=\"450\" height=\"450\" src=\"https:\/\/drose.com.tr\/online\/wp-content\/uploads\/2016\/08\/2LISET_-450x450.jpg\" class=\"attachment-shop_catalog size-shop_catalog wp-post-image\" alt=\"\" srcset=\"https:\/\/drose.com.tr\/online\/wp-content\/uploads\/2016\/08\/2LISET_-450x450.jpg 450w, https:\/\/drose.com.tr\/online\/wp-content\/uploads\/2016\/08\/2LISET_-300x300.jpg 300w, https:\/\/drose.com.tr\/online\/wp-content\/uploads\/2016\/08\/2LISET_-80x80.jpg 80w, https:\/\/drose.com.tr\/online\/wp-content\/uploads\/2016\/08\/2LISET_-36x36.jpg 36w, https:\/\/drose.com.tr\/online\/wp-content\/uploads\/2016\/08\/2LISET_-180x180.jpg 180w, https:\/\/drose.com.tr\/online\/wp-content\/uploads\/2016\/08\/2LISET_-100x100.jpg 100w, https:\/\/drose.com.tr\/online\/wp-content\/uploads\/2016\/08\/2LISET_.jpg 650w\" sizes=\"auto, (max-width: 450px) 100vw, 450px\" \/><span class='cart-loading'><\/span><\/div><div class='inner_product_header'><div class='avia-arrow'><\/div><div class='inner_product_header_table'><div class='inner_product_header_cell'><h2 class=\"woocommerce-loop-product__title\">D&#8217;ROSE NATURAL COSMETIC Rosa Damascena \u0130kili Set<\/h2>\n\t<span class=\"price\"><span class=\"woocommerce-Price-amount amount\"><bdi>1,200.00<span class=\"woocommerce-Price-currencySymbol\">&#8378;<\/span><\/bdi><\/span><\/span>\n<\/div><\/div><\/div><\/a><\/div><\/li>\n<\/ul><\/div><\/div><div class=\"clear\"><\/div>\n<\/p>\n<\/div><\/div><\/div><!-- close content main div --><\/div><\/div><div id='av_section_4'  class='avia-section main_color avia-section-default avia-no-shadow avia-full-stretch av-section-color-overlay-active avia-bg-style-fixed   av-minimum-height av-minimum-height-50  container_wrap sidebar_right' style='background-repeat: no-repeat; background-image: url(https:\/\/drose.com.tr\/online\/wp-content\/uploads\/2015\/09\/hediye-paketleri-banner.jpg);background-attachment: fixed; background-position: center center;  '  data-section-bg-repeat='stretch' data-av_minimum_height_pc='50'><div class='av-section-color-overlay-wrap'><div class='av-section-color-overlay' style='opacity: 0.3; background-color: #5e5e5e; background-image: url(https:\/\/drose.com.tr\/online\/wp-content\/themes\/enfold\/images\/background-images\/dots-mini-light.png); background-repeat: repeat;'><\/div><div class='container' ><div class='template-page content  av-content-small alpha units'><div class='post-entry post-entry-type-page post-entry-1628'><div class='entry-content-wrapper clearfix'>\n<div  class='avia-image-container avia_animated_image avia_animate_when_almost_visible bottom-to-top av-styling-    avia-align-center '  itemprop=\"image\" itemscope=\"itemscope\" itemtype=\"https:\/\/schema.org\/ImageObject\"  ><div class='avia-image-container-inner'><div class='avia-image-overlay-wrap'><img class='avia_image' src='https:\/\/drose.com.tr\/online\/wp-content\/uploads\/2016\/08\/drose_logo_beyaz.png' alt='' title='drose_logo_beyaz' height=\"139\" width=\"484\"  itemprop=\"thumbnailUrl\"  \/><\/div><\/div><\/div>\n<\/div><\/div><\/div><!-- close content main div --><\/div><\/div><\/div><div id='after_section_4'  class='main_color av_default_container_wrap container_wrap sidebar_right' style=' '  ><div class='container' ><div class='template-page content  av-content-small alpha units'><div class='post-entry post-entry-type-page post-entry-1628'><div class='entry-content-wrapper clearfix'>\n","protected":false},"excerpt":{"rendered":"","protected":false},"author":33,"featured_media":0,"parent":0,"menu_order":0,"comment_status":"open","ping_status":"open","template":"","meta":{"footnotes":""},"class_list":["post-1628","page","type-page","status-publish","hentry"],"_links":{"self":[{"href":"https:\/\/drose.com.tr\/online\/wp-json\/wp\/v2\/pages\/1628","targetHints":{"allow":["GET"]}}],"collection":[{"href":"https:\/\/drose.com.tr\/online\/wp-json\/wp\/v2\/pages"}],"about":[{"href":"https:\/\/drose.com.tr\/online\/wp-json\/wp\/v2\/types\/page"}],"author":[{"embeddable":true,"href":"https:\/\/drose.com.tr\/online\/wp-json\/wp\/v2\/users\/33"}],"replies":[{"embeddable":true,"href":"https:\/\/drose.com.tr\/online\/wp-json\/wp\/v2\/comments?post=1628"}],"version-history":[{"count":16,"href":"https:\/\/drose.com.tr\/online\/wp-json\/wp\/v2\/pages\/1628\/revisions"}],"predecessor-version":[{"id":3347,"href":"https:\/\/drose.com.tr\/online\/wp-json\/wp\/v2\/pages\/1628\/revisions\/3347"}],"wp:attachment":[{"href":"https:\/\/drose.com.tr\/online\/wp-json\/wp\/v2\/media?parent=1628"}],"curies":[{"name":"wp","href":"https:\/\/api.w.org\/{rel}","templated":true}]}}