{"id":1647,"date":"2015-07-31T17:38:24","date_gmt":"2015-07-31T14:38:24","guid":{"rendered":"http:\/\/drose.com.tr\/online\/?page_id=1647"},"modified":"2021-08-16T14:01:49","modified_gmt":"2021-08-16T11:01:49","slug":"hakkimizda","status":"publish","type":"page","link":"https:\/\/drose.com.tr\/online\/hakkimizda\/","title":{"rendered":"HAKKIMIZDA"},"content":{"rendered":"<p style=\"text-align: justify;\">D&#8217;ROSE do\u011fal zeytinya\u011fl\u0131, bitkisel cilt bak\u0131m sabunlar\u0131, tutku ve \u00f6zenli \u00e7al\u0131\u015fmalar sonucu ortaya \u00e7\u0131km\u0131\u015ft\u0131r.\u00a0T\u00fcm \u00fcr\u00fcnler\u00a0cilt tiplerinin\u00a0\u00f6zellikleri ve ihtiya\u00e7lar\u0131na g\u00f6re form\u00fcle edilmi\u015ftir.<\/p>\n<p style=\"text-align: justify;\">\u00c7al\u0131\u015fmalar\u0131m\u0131z\u0131n \u00e7\u0131k\u0131\u015f noktas\u0131, insana ve do\u011faya zarar vermeden etkin faydalanmay\u0131 ve memnuniyeti sa\u011flayarak, siz kullan\u0131c\u0131lar\u0131m\u0131zla bulu\u015fturmak olmu\u015ftur. Do\u011fan\u0131n bize sundu\u011fu bitkisel saf hammaddelerle \u00e7al\u0131\u015farak, cildinizle dost sabunlar\u0131m\u0131z\u0131 \u00fcrettik.<\/p>\n<p style=\"text-align: justify;\">\u00dcr\u00fcnlerimizin tamam\u0131 el yap\u0131m\u0131 ve el kesimidir. Do\u011fal sabun, yap\u0131s\u0131 gere\u011fi el yap\u0131m\u0131 olmal\u0131d\u0131r. Sabunlar\u0131m\u0131z so\u011fuk proses y\u00f6ntemiyle, i\u00e7eri\u011findeki bitkisel \u00f6zlere hi\u00e7bir zarar vermeden \u00fcretilmektedir.<\/p>\n<p style=\"text-align: justify;\">\u00dcr\u00fcnlerimizde temel zeytinya\u011f\u0131n\u0131n yan\u0131nda, t\u00fcm form\u00fclasyonlar\u0131m\u0131zda bulunan hindistan cevizi ya\u011f\u0131, kay\u0131s\u0131 ya\u011f\u0131, hint ya\u011f\u0131 ve shea ya\u011f\u0131 sabunlara dayan\u0131kl\u0131l\u0131k, k\u00f6p\u00fcrme kapasitesinde art\u0131\u015f, cildin derin temizlenmesi, ya\u011f-nem dengesinin korunmas\u0131 gibi ciddi etkinlikler sa\u011flam\u0131\u015ft\u0131r.<\/p>\n<p style=\"text-align: justify;\">Ayr\u0131ca her sabunun kendi form\u00fclasyonu \u00e7er\u00e7evesinde; aromatik ve sabit bitkisel ya\u011flar, baharatlar, bitki yaprak ve \u00e7i\u00e7ekleri ile zenginle\u015ftirilmi\u015f, do\u011fal olarak renklendirilmi\u015f, estetik ho\u015f do\u011fal bir \u00e7ekicilik kazand\u0131r\u0131lm\u0131\u015ft\u0131r. Kesinlikle g\u0131da, kozmetik vb. boya kullan\u0131lmam\u0131\u015ft\u0131r. Kimyasal katk\u0131 maddesi ve hayvansal ya\u011f i\u00e7ermez.<\/p>\n<p style=\"text-align: justify;\">Zengin form\u00fclasyonlarla olu\u015fturulmu\u015f D&#8217;ROSE do\u011fal zeytinya\u011fl\u0131 cilt bak\u0131m sabunlar\u0131, i\u00e7eri\u011findeki vitamin, mineral ve ya\u011f asitleri sayesinde cildi temizlerken besleyen, onaran, nemlendiren, yumu\u015fatan birer cilt bak\u0131m sabunu haline gelmi\u015flerdir.<\/p>\n<p class=\"notice\" style=\"text-align: justify;\">\u00dcr\u00fcnler ile ilgili bilgiler sadece bilgilendirme ama\u00e7l\u0131d\u0131r. \u00dcr\u00fcnlerin etkinlikleri literat\u00fcre veya geleneksel kullan\u0131ma dayanmaktad\u0131r.<\/p>\n<p class=\"notice\" style=\"text-align: justify;\">Sabun \u00e7e\u015fitlerine\u00a0g\u00f6re; haricen el, y\u00fcz, sa\u00e7 ve genel v\u00fccut temizli\u011finde ve cildinizin bak\u0131m\u0131nda kullan\u0131lan \u00fcr\u00fcnlerimiz, ila\u00e7 de\u011fildir, tedavi ama\u00e7l\u0131 kullan\u0131lmaz.<\/p>\n<p class=\"notice\" style=\"text-align: justify;\">Sabunlar\u0131m\u0131z\u0131 g\u00f6ze, a\u00e7\u0131k yaraya ve genital b\u00f6lgeye uygulamay\u0131n\u0131z. Kulland\u0131ktan sonra kuru yerde tutunuz.<\/p>\n","protected":false},"excerpt":{"rendered":"<p>D&#8217;ROSE do\u011fal zeytinya\u011fl\u0131, bitkisel cilt bak\u0131m sabunlar\u0131, tutku ve \u00f6zenli \u00e7al\u0131\u015fmalar sonucu ortaya \u00e7\u0131km\u0131\u015ft\u0131r.\u00a0T\u00fcm \u00fcr\u00fcnler\u00a0cilt tiplerinin\u00a0\u00f6zellikleri ve ihtiya\u00e7lar\u0131na g\u00f6re form\u00fcle edilmi\u015ftir. \u00c7al\u0131\u015fmalar\u0131m\u0131z\u0131n \u00e7\u0131k\u0131\u015f noktas\u0131, insana ve do\u011faya zarar vermeden etkin faydalanmay\u0131 ve memnuniyeti sa\u011flayarak, siz kullan\u0131c\u0131lar\u0131m\u0131zla bulu\u015fturmak olmu\u015ftur. Do\u011fan\u0131n bize sundu\u011fu bitkisel saf hammaddelerle \u00e7al\u0131\u015farak, cildinizle dost sabunlar\u0131m\u0131z\u0131 \u00fcrettik. \u00dcr\u00fcnlerimizin tamam\u0131 el yap\u0131m\u0131 ve el [&hellip;]<\/p>\n","protected":false},"author":33,"featured_media":0,"parent":0,"menu_order":0,"comment_status":"open","ping_status":"open","template":"","meta":{"footnotes":""},"class_list":["post-1647","page","type-page","status-publish","hentry"],"_links":{"self":[{"href":"https:\/\/drose.com.tr\/online\/wp-json\/wp\/v2\/pages\/1647","targetHints":{"allow":["GET"]}}],"collection":[{"href":"https:\/\/drose.com.tr\/online\/wp-json\/wp\/v2\/pages"}],"about":[{"href":"https:\/\/drose.com.tr\/online\/wp-json\/wp\/v2\/types\/page"}],"author":[{"embeddable":true,"href":"https:\/\/drose.com.tr\/online\/wp-json\/wp\/v2\/users\/33"}],"replies":[{"embeddable":true,"href":"https:\/\/drose.com.tr\/online\/wp-json\/wp\/v2\/comments?post=1647"}],"version-history":[{"count":8,"href":"https:\/\/drose.com.tr\/online\/wp-json\/wp\/v2\/pages\/1647\/revisions"}],"predecessor-version":[{"id":9066,"href":"https:\/\/drose.com.tr\/online\/wp-json\/wp\/v2\/pages\/1647\/revisions\/9066"}],"wp:attachment":[{"href":"https:\/\/drose.com.tr\/online\/wp-json\/wp\/v2\/media?parent=1647"}],"curies":[{"name":"wp","href":"https:\/\/api.w.org\/{rel}","templated":true}]}}