{"id":1691,"date":"2015-08-06T17:19:05","date_gmt":"2015-08-06T14:19:05","guid":{"rendered":"http:\/\/drose.com.tr\/online\/?page_id=1691"},"modified":"2016-09-06T10:54:38","modified_gmt":"2016-09-06T07:54:38","slug":"gizlilik-bildirimi","status":"publish","type":"page","link":"https:\/\/drose.com.tr\/online\/gizlilik-bildirimi\/","title":{"rendered":"Gizlilik Bildirimi"},"content":{"rendered":"<p><strong>Gizlilik Bildirimi<\/strong><\/p>\n<p>\u0130\u015fbu Gizlilik Politikas\u0131nda\u00a0Drose Natural\u00a0\u00a0Cosmetic ve G\u00fclsuyu Naturel Kozmetik Sabun Do\u011fal Aromatik \u00dcr. ve Tekstil Sanayi \u0130\u00e7 ve D\u0131\u015f Ticaret Ltd. \u015eti. sitesini (www.drose.com.tr) ifade eder.<\/p>\n<p style=\"text-align: justify;\"><strong>drose.com.tr<\/strong>, &#8220;E-Ticaret Sitesi&#8221;nden Kullan\u0131c\u0131lar taraf\u0131ndan kendisine elektronik ortamdan iletilen ki\u015fisel bilgileri, \u00dcyeleri ile yapt\u0131\u011f\u0131 &#8221; <strong>drose.com.tr<\/strong> Kullan\u0131c\u0131 S\u00f6zle\u015fmesi&#8221; ile belirlenen ama\u00e7lar ve kapsam d\u0131\u015f\u0131nda \u00fc\u00e7\u00fcnc\u00fc ki\u015filere a\u00e7\u0131klamayacakt\u0131r.<\/p>\n<p style=\"text-align: justify;\">Sistemle ilgili sorunlar\u0131n tan\u0131mlanmas\u0131 ve &#8220;E-Ticaret Sitesi&#8221;nde \u00e7\u0131kabilecek sorunlar\u0131n ivedilikle giderilebilmesi i\u00e7in, <strong>drose.com.tr<\/strong>, gerekti\u011finde kullan\u0131c\u0131lar\u0131n IP adresini tespit etmekte ve bunu kullanmaktad\u0131r. IP adresleri, kullan\u0131c\u0131lar\u0131 genel bir \u015fekilde tan\u0131mlamak ve kapsaml\u0131 demografik bilgi toplamak amac\u0131yla da kullan\u0131labilir.<\/p>\n<p style=\"text-align: justify;\">\u00dcyelik veya &#8220;E-Ticaret Sitesi&#8221; \u00fczerindeki \u00e7e\u015fitli form ve oylamalar\u0131n doldurulmas\u0131 suretiyle kullan\u0131c\u0131lar\u0131n kendileriyle ilgili bir tak\u0131m ki\u015fisel bilgileri (isim-soyisim, firma bilgileri, telefon, adres veya e-posta adresleri gibi) <strong>drose.com.tr<\/strong> &#8220;E-Ticaret Sitesi&#8221; \u00fczerinden vermeleri gerekebilir.<\/p>\n<p style=\"text-align: justify;\"><strong>drose.com.tr<\/strong>, <strong>drose.com.tr<\/strong> Kullan\u0131c\u0131 S\u00f6zle\u015fmesi ile belirlenen ama\u00e7lar ve kapsam d\u0131\u015f\u0131nda da, talep edilen bilgileri <strong>drose.com.tr<\/strong> veya i\u015fbirli\u011fi i\u00e7inde oldu\u011fu ki\u015filer taraf\u0131ndan do\u011frudan pazarlama yapmak amac\u0131yla kullanabilir.<\/p>\n<p style=\"text-align: justify;\">Ki\u015fisel bilgiler, gerekti\u011finde kullan\u0131c\u0131yla temas kurmak i\u00e7in de kullan\u0131labilir.<\/p>\n<p style=\"text-align: justify;\"><strong>drose.com.tr<\/strong> taraf\u0131ndan talep edilen bilgiler veya kullan\u0131c\u0131 taraf\u0131ndan sa\u011flanan bilgiler veya <strong>drose.com.tr<\/strong> &#8220;E-Ticaret Sitesi&#8221; \u00fczerinden yap\u0131lan i\u015flemlerle ilgili bilgiler; <strong>drose.com.tr<\/strong> ve i\u015fbirli\u011fi i\u00e7inde oldu\u011fu ki\u015filer taraf\u0131ndan, &#8220;<strong>drose.com.tr<\/strong> Kullan\u0131c\u0131 S\u00f6zle\u015fmesi&#8221; ile belirlenen ama\u00e7lar ve kapsam d\u0131\u015f\u0131nda da, kullan\u0131c\u0131n\u0131n kimli\u011fi if\u015fa edilmeden \u00e7e\u015fitli istatistiksel de\u011ferlendirmeler, veri taban\u0131 olu\u015fturma ve pazar ara\u015ft\u0131rmalar\u0131nda kullan\u0131labilir.<\/p>\n<p style=\"text-align: justify;\"><strong>drose.com.tr<\/strong> &#8220;E-Ticaret Sitesi&#8221; d\u00e2hilinde ba\u015fka sitelere link verebilir. <strong>drose.com.tr<\/strong>, link vas\u0131tas\u0131yla eri\u015filen sitelerin gizlilik uygulamalar\u0131 ve i\u00e7eriklerine y\u00f6nelik herhangi bir sorumluluk ta\u015f\u0131mamaktad\u0131r.<\/p>\n<p style=\"text-align: justify;\">Ki\u015fisel bilgileriniz; ki\u015fi isim-soyisim, firma bilgileri, adresi, telefon numaras\u0131, e-posta adresi ve kullan\u0131c\u0131y\u0131 tan\u0131mlamaya y\u00f6nelik her t\u00fcrl\u00fc bilgiyi i\u00e7ermektedir. <strong>drose.com.tr<\/strong>, i\u015fbu gizlilik politikas\u0131nda aksi belirtilmedik\u00e7e ki\u015fisel bilgilerinizden herhangi birini <strong>drose.com.tr<\/strong>\u2019in i\u015fbirli\u011fi i\u00e7inde olmad\u0131\u011f\u0131 \u015firketlere ve \u00fc\u00e7\u00fcnc\u00fc ki\u015filere a\u00e7\u0131klamayacakt\u0131r.<\/p>\n<p style=\"text-align: justify;\">A\u015fa\u011f\u0131da belirtilen s\u0131n\u0131rl\u0131 durumlarda <strong>drose.com.tr<\/strong>, i\u015fbu &#8220;Gizlilik Politikas\u0131&#8221; h\u00fck\u00fcmleri d\u0131\u015f\u0131nda kullan\u0131c\u0131lara ait bilgileri \u00fc\u00e7\u00fcnc\u00fc ki\u015filere a\u00e7\u0131klayabilir. Bu durumlar s\u0131n\u0131rl\u0131 say\u0131da olmak \u00fczere;<\/p>\n<p style=\"text-align: justify;\">\u2022 Kanun, Kanun H\u00fckm\u00fcnde Kararname, Y\u00f6netmelik v.b. yetkili hukuki otorite taraf\u0131ndan \u00e7\u0131kar\u0131lan ve y\u00fcr\u00fcrl\u00fckte olan hukuk kurallar\u0131n\u0131n getirdi\u011fi zorunluluklara uymak;<br \/>\n\u2022 <strong>drose.com.tr<\/strong>\u2019n\u0131n kullan\u0131c\u0131larla akdetti\u011fi &#8220;<strong>drose.com.tr<\/strong> Kullan\u0131c\u0131 S\u00f6zle\u015fmesi&#8221;nin ve di\u011fer s\u00f6zle\u015fmelerin gereklerini yerine getirmek ve bunlar\u0131 uygulamaya koymak amac\u0131yla;<br \/>\n\u2022 Yetkili idari ve adli otorite taraf\u0131ndan usul\u00fcne g\u00f6re y\u00fcr\u00fct\u00fclen bir ara\u015ft\u0131rma veya soru\u015fturman\u0131n y\u00fcr\u00fct\u00fcm\u00fc amac\u0131yla kullan\u0131c\u0131larla ilgili bilgi talep edilmesi;<br \/>\n\u2022 Kullan\u0131c\u0131lar\u0131n haklar\u0131 veya g\u00fcvenliklerini korumak i\u00e7in bilgi vermenin gerekli oldu\u011fu hallerdir.<\/p>\n<p style=\"text-align: justify;\"><strong>drose.com.tr<\/strong>, gizli bilgileri kesinlikle \u00f6zel ve gizli tutmay\u0131, bunu bir s\u0131r saklama y\u00fck\u00fcm\u00fc olarak addetmeyi ve gizlili\u011fin sa\u011flanmas\u0131 ve s\u00fcrd\u00fcr\u00fclmesi, gizli bilginin tamam\u0131n\u0131n veya herhangi bir k\u0131sm\u0131n\u0131n kamu alan\u0131na girmesini veya yetkisiz kullan\u0131m\u0131n\u0131 veya \u00fc\u00e7\u00fcnc\u00fc bir ki\u015fiye if\u015fas\u0131n\u0131 \u00f6nlemek i\u00e7in gerekli t\u00fcm tedbirleri almay\u0131 ve gerekli \u00f6zeni g\u00f6stermeyi taahh\u00fct etmektedir.<\/p>\n<p style=\"text-align: justify;\"><strong>drose.com.tr<\/strong>, kullan\u0131c\u0131lar ve kullan\u0131c\u0131lar\u0131n &#8220;E-Ticaret Sitesi&#8221;ni kullan\u0131m\u0131 hakk\u0131ndaki bilgileri teknik bir ileti\u015fim dosyas\u0131n\u0131 (\u00c7erez-Cookie) kullanarak elde edebilir. Bahsi ge\u00e7en teknik ileti\u015fim dosyalar\u0131, ana bellekte saklanmak \u00fczere bir internet sitesinin kullan\u0131c\u0131n\u0131n taray\u0131c\u0131s\u0131na (browser) g\u00f6nderdi\u011fi k\u00fc\u00e7\u00fck metin dosyalar\u0131d\u0131r. Teknik ileti\u015fim dosyas\u0131 bir internet sitesi hakk\u0131nda durum ve tercihleri saklayarak \u0130nternet&#8217;in kullan\u0131m\u0131n\u0131 kolayla\u015ft\u0131r\u0131r. Teknik ileti\u015fim dosyas\u0131, &#8220;E-Ticaret Sitesi&#8221;ni ka\u00e7 ki\u015finin kulland\u0131\u011f\u0131n\u0131, bir ki\u015finin &#8220;E-Ticaret Sitesi&#8221;ni hangi ama\u00e7la, ka\u00e7 kez ziyaret etti\u011fini ve ne kadar kald\u0131klar\u0131 hakk\u0131nda istatistiksel bilgileri elde etmeye ve kullan\u0131c\u0131lar i\u00e7in \u00f6zel tasarlanm\u0131\u015f kullan\u0131c\u0131 sayfalar\u0131ndan dinamik olarak reklam ve i\u00e7erik \u00fcretilmesine yard\u0131mc\u0131 olur. <strong>drose.com.tr<\/strong> hi\u00e7bir \u015fekilde kredi kart\u0131 bilgilerinizi saklamaz.<\/p>\n<p style=\"text-align: justify;\">Teknik ileti\u015fim dosyas\u0131, ana bellekte veya e-postan\u0131zdan veri veya ba\u015fkaca herhangi bir ki\u015fisel bilgi almak i\u00e7in tasarlanmam\u0131\u015ft\u0131r. Taray\u0131c\u0131lar\u0131n pek \u00e7o\u011fu ba\u015fta teknik ileti\u015fim dosyas\u0131n\u0131 kabul eder bi\u00e7imde tasarlanm\u0131\u015ft\u0131r ancak kullan\u0131c\u0131lar dilerse teknik ileti\u015fim dosyas\u0131n\u0131n gelmemesi veya teknik ileti\u015fim dosyas\u0131n\u0131n g\u00f6nderildi\u011finde ikaz verilmesini sa\u011flayacak bi\u00e7imde ayarlar\u0131 de\u011fi\u015ftirebilirler.<\/p>\n<p style=\"text-align: justify;\"><strong>drose.com.tr<\/strong>, taraf\u0131ndan &#8220;E-Ticaret Sitesi&#8221; d\u00e2hilinde d\u00fczenlenen periyodik anketlere cevap veren kullan\u0131c\u0131lardan talep edilen bilgiler, <strong>drose.com.tr<\/strong> ve i\u015fbirli\u011fi i\u00e7indeki ki\u015filer taraf\u0131ndan bu kullan\u0131c\u0131lara do\u011frudan pazarlama yapmak, istatistiki analiz yapmak ve veri taban\u0131 olu\u015fturmak amac\u0131yla kullan\u0131lmaktad\u0131r. <strong>drose.com.tr<\/strong>, i\u015fbu &#8220;Gizlilik Politikas\u0131&#8221; h\u00fck\u00fcmlerini diledi\u011fi zaman &#8220;E-Ticaret Sitesi&#8221;de yay\u0131nlamak suretiyle de\u011fi\u015ftirebilir. <strong>drose.com.tr<\/strong>\u2019\u0131n de\u011fi\u015fiklik yapt\u0131\u011f\u0131 Gizlilik Politikas\u0131 h\u00fck\u00fcmleri &#8220;E-Ticaret Sitesi&#8221;nde yay\u0131nland\u0131\u011f\u0131 tarihte y\u00fcr\u00fcrl\u00fck kazan\u0131r.<\/p>\n","protected":false},"excerpt":{"rendered":"<p>Gizlilik Bildirimi \u0130\u015fbu Gizlilik Politikas\u0131nda\u00a0Drose Natural\u00a0\u00a0Cosmetic ve G\u00fclsuyu Naturel Kozmetik Sabun Do\u011fal Aromatik \u00dcr. ve Tekstil Sanayi \u0130\u00e7 ve D\u0131\u015f Ticaret Ltd. \u015eti. sitesini (www.drose.com.tr) ifade eder. drose.com.tr, &#8220;E-Ticaret Sitesi&#8221;nden Kullan\u0131c\u0131lar taraf\u0131ndan kendisine elektronik ortamdan iletilen ki\u015fisel bilgileri, \u00dcyeleri ile yapt\u0131\u011f\u0131 &#8221; drose.com.tr Kullan\u0131c\u0131 S\u00f6zle\u015fmesi&#8221; ile belirlenen ama\u00e7lar ve kapsam d\u0131\u015f\u0131nda \u00fc\u00e7\u00fcnc\u00fc ki\u015filere a\u00e7\u0131klamayacakt\u0131r. Sistemle [&hellip;]<\/p>\n","protected":false},"author":33,"featured_media":0,"parent":0,"menu_order":0,"comment_status":"open","ping_status":"open","template":"","meta":{"footnotes":""},"class_list":["post-1691","page","type-page","status-publish","hentry"],"_links":{"self":[{"href":"https:\/\/drose.com.tr\/online\/wp-json\/wp\/v2\/pages\/1691","targetHints":{"allow":["GET"]}}],"collection":[{"href":"https:\/\/drose.com.tr\/online\/wp-json\/wp\/v2\/pages"}],"about":[{"href":"https:\/\/drose.com.tr\/online\/wp-json\/wp\/v2\/types\/page"}],"author":[{"embeddable":true,"href":"https:\/\/drose.com.tr\/online\/wp-json\/wp\/v2\/users\/33"}],"replies":[{"embeddable":true,"href":"https:\/\/drose.com.tr\/online\/wp-json\/wp\/v2\/comments?post=1691"}],"version-history":[{"count":6,"href":"https:\/\/drose.com.tr\/online\/wp-json\/wp\/v2\/pages\/1691\/revisions"}],"predecessor-version":[{"id":3223,"href":"https:\/\/drose.com.tr\/online\/wp-json\/wp\/v2\/pages\/1691\/revisions\/3223"}],"wp:attachment":[{"href":"https:\/\/drose.com.tr\/online\/wp-json\/wp\/v2\/media?parent=1691"}],"curies":[{"name":"wp","href":"https:\/\/api.w.org\/{rel}","templated":true}]}}