{"id":1793,"date":"2015-09-02T16:34:25","date_gmt":"2015-09-02T13:34:25","guid":{"rendered":"https:\/\/drose.com.tr\/online\/?page_id=1793"},"modified":"2022-03-14T15:09:01","modified_gmt":"2022-03-14T12:09:01","slug":"isparta-gulu-rosa-damascena","status":"publish","type":"page","link":"https:\/\/drose.com.tr\/online\/isparta-gulu-rosa-damascena\/","title":{"rendered":"ROSA DAMASCENA"},"content":{"rendered":"<div id='av_section_1'  class='avia-section main_color avia-section-default avia-no-shadow avia-full-stretch avia-bg-style-scroll  avia-builder-el-0  el_before_av_section  avia-builder-el-first   container_wrap sidebar_right' style='background-color: #ffefdd; background-repeat: no-repeat; background-image: url(https:\/\/drose.com.tr\/online\/wp-content\/uploads\/2015\/07\/drose_home2.jpg);background-attachment: scroll; background-position: center center;  '  data-section-bg-repeat='stretch'><div class='av-section-color-overlay-wrap'><a href='#next-section' title='' class='scroll-down-link '  aria-hidden='true' data-av_icon='\ue877' data-av_iconfont='entypo-fontello'><\/a><div class='container' ><main  role=\"main\" itemprop=\"mainContentOfPage\"  class='template-page content  av-content-small alpha units'><div class='post-entry post-entry-type-page post-entry-1793'><div class='entry-content-wrapper clearfix'>\n<div class=\"flex_column av_one_full  flex_column_div first  avia-builder-el-1  avia-builder-el-no-sibling  \" style='padding:50px 0px 0px 0px ; border-radius:0px; '><div  class='avia-image-container avia_animated_image avia_animate_when_almost_visible top-to-bottom av-styling-    avia-builder-el-2  avia-builder-el-no-sibling  avia-align-center '  itemprop=\"image\" itemscope=\"itemscope\" itemtype=\"https:\/\/schema.org\/ImageObject\"  ><div class='avia-image-container-inner'><div class='avia-image-overlay-wrap'><img class='avia_image' src='https:\/\/drose.com.tr\/online\/wp-content\/uploads\/2015\/07\/odul_home.png' alt='' title='odul_home' height=\"114\" width=\"840\"  itemprop=\"thumbnailUrl\"  \/><\/div><\/div><\/div><\/div>\n\n<\/div><\/div><\/main><!-- close content main element --><\/div><\/div><\/div><div id='av_section_2'  class='avia-section main_color avia-section-default avia-no-shadow avia-full-stretch av-section-color-overlay-active avia-bg-style-fixed  avia-builder-el-3  el_after_av_section  el_before_av_textblock   av-minimum-height av-minimum-height-25  container_wrap sidebar_right' style='background-repeat: no-repeat; background-image: url(https:\/\/drose.com.tr\/online\/wp-content\/uploads\/2015\/09\/ROSADAMASCENABANNER.jpg);background-attachment: fixed; background-position: center center;  '  data-section-bg-repeat='stretch' data-av_minimum_height_pc='25'><div class='av-section-color-overlay-wrap'><div class='av-section-color-overlay' style='opacity: 0.3; background-color: #5e5e5e; background-image: url(https:\/\/drose.com.tr\/online\/wp-content\/themes\/enfold\/images\/background-images\/dots-mini-light.png); background-repeat: repeat;'><\/div><a href='#next-section' title='' class='scroll-down-link '  aria-hidden='true' data-av_icon='\ue877' data-av_iconfont='entypo-fontello'><\/a><div class='container' ><div class='template-page content  av-content-small alpha units'><div class='post-entry post-entry-type-page post-entry-1793'><div class='entry-content-wrapper clearfix'>\n<div  style='padding-bottom:10px; color:#ffffff;' class='av-special-heading av-special-heading-h3 custom-color-heading blockquote modern-quote modern-centered  avia-builder-el-4  avia-builder-el-no-sibling  '><h3 class='av-special-heading-tag '  itemprop=\"headline\"  >ROSA DAMASCENA<\/h3><div class='special-heading-border'><div class='special-heading-inner-border' style='border-color:#ffffff'><\/div><\/div><\/div>\n<\/div><\/div><\/div><!-- close content main div --><\/div><\/div><\/div><div id='after_section_2'  class='main_color av_default_container_wrap container_wrap sidebar_right' style=' '  ><div class='container' ><div class='template-page content  av-content-small alpha units'><div class='post-entry post-entry-type-page post-entry-1793'><div class='entry-content-wrapper clearfix'>\n<section class=\"av_textblock_section \"  itemscope=\"itemscope\" itemtype=\"https:\/\/schema.org\/CreativeWork\" ><div class='avia_textblock  '   itemprop=\"text\" ><p>[symple_column size=&#8221;one-half&#8221; position=&#8221;first&#8221; fade_in=&#8221;false&#8221;]<\/p>\n<p><strong>T\u00fcrkiye\u2019nin G\u00fcl Bah\u00e7esi<\/strong><\/p>\n<p style=\"text-align: justify;\">Tarihin her d\u00f6neminde g\u00fcl, insanl\u0131\u011f\u0131n dikkatini \u00e7ekmi\u015f, krali\u00e7elerin, sultanlar\u0131n ve h\u00fck\u00fcmdarlar\u0131n adeta g\u00f6zdesi, g\u00f6n\u00fcl el\u00e7isi olmu\u015ftur. Zaman i\u00e7inde a\u015fk, g\u00fczellik, sava\u015f, bar\u0131\u015f ve siyaset alanlar\u0131nda sembol olarak kullan\u0131lm\u0131\u015ft\u0131r. Rosa Damascena ve g\u00fclya\u011f\u0131 \u00fcretimi 100 y\u0131l\u0131 a\u015fk\u0131n s\u00fcredir Isparta\u2019da ger\u00e7ekle\u015ftirilmektedir. Bu \u00f6zelli\u011fiyle Isparta\u2019ya \u201cT\u00fcrkiye\u2019nin G\u00fcl Bah\u00e7esi\u201d denilmektedir.<\/p>\n<p><strong>Rosa Damascena<\/strong><\/p>\n<p style=\"text-align: justify;\">Latince ad\u0131 Rosa damascena olup melez bir t\u00fcrd\u00fcr. Yayg\u0131n ad\u0131 ise, en fazla Isparta\u2019da yeti\u015ftirilmesi sebebiyle, Isparta g\u00fcl\u00fcd\u00fcr. Etraf\u0131 a\u00e7\u0131k, havadar, bol \u0131\u015f\u0131kl\u0131 arazilerde, ilkbahar aylar\u0131nda kurak, don ve k\u0131ra\u011f\u0131 olmayan ve \u00e7i\u00e7ek zaman\u0131 \u00e7i\u011f d\u00fc\u015fen iklim b\u00f6lgelerinden ho\u015flan\u0131r. Killi ve kire\u00e7li topraklar\u0131 sevmez. Hafif kumlu, t\u0131nl\u0131, milli derin ve s\u00fczek, organik maddesi bol topraklar g\u00fcl \u00fcretimi i\u00e7in en uygun topraklard\u0131r.<\/p>\n<p><strong>G\u00fclya\u011f\u0131<\/strong><\/p>\n<p style=\"text-align: justify;\">G\u00fclya\u011f\u0131 Parf\u00fcm ve kozmetik sanayiinin en \u00f6nemli ve pahal\u0131 hammaddelerinden olan g\u00fclya\u011f\u0131 pembe ya\u011f g\u00fcllerinin buharl\u0131 distilasyon y\u00f6ntemiyle kaynat\u0131lmas\u0131yla \u00fcretilir. D\u00fcnya standartlar\u0131na uygun kalitede g\u00fclya\u011f\u0131, deniz seviyesinden 1050 m ve daha fazla y\u00fckseklikte yer alan, Isparta ve y\u00f6resinde yeti\u015ftirilen g\u00fcllerden elde edilir. Her y\u0131l May\u0131s ve Haziran aylar\u0131nda toplanan g\u00fcller, hava \u015fartlar\u0131n\u0131n da katk\u0131s\u0131 sonucu \u00fcst\u00fcn kalitede g\u00fclya\u011f\u0131 \u00fcretiminin ger\u00e7ekle\u015ftirilmesini sa\u011flar.<\/p>\n<p>[\/symple_column]<\/p>\n<p>[symple_column size=&#8221;one-half&#8221; position=&#8221;last&#8221; fade_in=&#8221;false&#8221;]<\/p>\n<p>[\/symple_column]<\/p>\n<p>[symple_column size=&#8221;one-half&#8221; position=&#8221;first&#8221; fade_in=&#8221;false&#8221;]<\/p>\n<p><a href=\"https:\/\/drose.com.tr\/online\/wp-content\/uploads\/2015\/08\/rose-flowers-ethiopia_press.jpg\"><img loading=\"lazy\" decoding=\"async\" class=\"wp-image-1990 \" src=\"https:\/\/drose.com.tr\/online\/wp-content\/uploads\/2015\/08\/rose-flowers-ethiopia_press-300x200.jpg\" alt=\"\" width=\"377\" height=\"251\" srcset=\"https:\/\/drose.com.tr\/online\/wp-content\/uploads\/2015\/08\/rose-flowers-ethiopia_press-300x200.jpg 300w, https:\/\/drose.com.tr\/online\/wp-content\/uploads\/2015\/08\/rose-flowers-ethiopia_press.jpg 614w\" sizes=\"auto, (max-width: 377px) 100vw, 377px\" \/><\/a><\/p>\n<p style=\"text-align: justify;\">[\/symple_column]<\/p>\n<p style=\"text-align: justify;\">[symple_column size=&#8221;one-half&#8221; position=&#8221;last&#8221; fade_in=&#8221;false&#8221;]<\/p>\n<p><strong>D&#8217;ROSE % 100 Saf G\u00fcl Ya\u011fl\u0131 G\u00fclsuyu<\/strong><\/p>\n<p style=\"text-align: justify;\">Isparta g\u00fcl bah\u00e7elerinden erken saatlerde toplanan taze g\u00fcl \u00e7i\u00e7eklerinden, bak\u0131r kazan ve odun ate\u015fi ile geleneksel y\u00f6ntemlerle, su buhar\u0131 distilasyonu sonucu elde edilen g\u00fcl ya\u011f\u0131 ayr\u0131lmam\u0131\u015f ve seyreltilmemi\u015f saf g\u00fcl suyudur.<\/p>\n<p>Do\u011fal tonik \u00f6zelli\u011fi ile cildi s\u0131k\u0131la\u015ft\u0131r\u0131r ve nemlendirir.\u00a0 \u0130yi bir cilt temizleyicisi olarak t\u0131kanm\u0131\u015f g\u00f6zenekleri temizleyen D&#8217;ROSE %100 Saf G\u00fcl Ya\u011fl\u0131 G\u00fclsuyu d\u00fczenli kullan\u0131ld\u0131\u011f\u0131nda cilt lekelerinin giderilmesine, g\u00f6z alt\u0131 morluklar\u0131n\u0131n ve \u015fi\u015fliklerin azalmas\u0131na yard\u0131mc\u0131 olur. Ciltteki k\u0131zar\u0131kl\u0131klar\u0131 al\u0131r. Do\u011fal yap\u0131s\u0131yla cildin PH de\u011ferini korumas\u0131n\u0131 sa\u011flar.<\/p>\n<p style=\"text-align: justify;\">Naturel olmas\u0131 ve zararl\u0131 madde i\u00e7ermemesi nedeniyle baz\u0131 yiyecek maddeleri ve tatl\u0131larda aroma olarak da kullan\u0131labilir.<\/p>\n<p style=\"text-align: justify;\">G\u00fcnl\u00fck y\u00fcz temizli\u011finiz i\u00e7in tek ba\u015f\u0131na\u00a0g\u00fclsuyu kullanabilirsiniz. G\u00f6zalt\u0131n\u0131zdaki koyu halkalar i\u00e7in, g\u00fclsuyu\u00a0uygulad\u0131\u011f\u0131n\u0131z\u00a0makyaj pamu\u011funu g\u00f6z alt\u0131n\u0131zda birka\u00e7 dakika bekletiniz, k\u0131sa s\u00fcrede koyu halkalar\u0131n hafifledi\u011fini g\u00f6recek, rahatl\u0131k hissedeceksiniz.<\/p>\n<p style=\"text-align: justify;\">[\/symple_column]<\/p>\n<p><a href=\"https:\/\/drose.com.tr\/online\/wp-content\/uploads\/2015\/07\/4-1.jpg\"><img loading=\"lazy\" decoding=\"async\" class=\"wp-image-3009 alignleft\" src=\"https:\/\/drose.com.tr\/online\/wp-content\/uploads\/2015\/07\/4-1-300x200.jpg\" alt=\"\" width=\"398\" height=\"265\" srcset=\"https:\/\/drose.com.tr\/online\/wp-content\/uploads\/2015\/07\/4-1-300x200.jpg 300w, https:\/\/drose.com.tr\/online\/wp-content\/uploads\/2015\/07\/4-1-768x513.jpg 768w, https:\/\/drose.com.tr\/online\/wp-content\/uploads\/2015\/07\/4-1-1030x688.jpg 1030w, https:\/\/drose.com.tr\/online\/wp-content\/uploads\/2015\/07\/4-1-705x471.jpg 705w, https:\/\/drose.com.tr\/online\/wp-content\/uploads\/2015\/07\/4-1-450x300.jpg 450w, https:\/\/drose.com.tr\/online\/wp-content\/uploads\/2015\/07\/4-1.jpg 1062w\" sizes=\"auto, (max-width: 398px) 100vw, 398px\" \/><\/a><\/p>\n<\/div><\/section>\n<\/div><\/div><\/div><!-- close content main div --><\/div><\/div><div id='av_section_3'  class='avia-section main_color avia-section-default avia-no-shadow avia-full-stretch av-section-color-overlay-active avia-bg-style-fixed  avia-builder-el-6  el_after_av_textblock  avia-builder-el-last   av-minimum-height av-minimum-height-50  container_wrap sidebar_right' style='background-repeat: no-repeat; background-image: url(https:\/\/drose.com.tr\/online\/wp-content\/uploads\/2015\/09\/ROSADAMASCENABANNER.jpg);background-attachment: fixed; background-position: center center;  '  data-section-bg-repeat='stretch' data-av_minimum_height_pc='50'><div class='av-section-color-overlay-wrap'><div class='av-section-color-overlay' style='opacity: 0.3; background-color: #5e5e5e; background-image: url(https:\/\/drose.com.tr\/online\/wp-content\/themes\/enfold\/images\/background-images\/dots-mini-light.png); background-repeat: repeat;'><\/div><div class='container' ><div class='template-page content  av-content-small alpha units'><div class='post-entry post-entry-type-page post-entry-1793'><div class='entry-content-wrapper clearfix'>\n<div  class='avia-image-container avia_animated_image avia_animate_when_almost_visible bottom-to-top av-styling-    avia-builder-el-7  avia-builder-el-no-sibling  avia-align-center '  itemprop=\"image\" itemscope=\"itemscope\" itemtype=\"https:\/\/schema.org\/ImageObject\"  ><div class='avia-image-container-inner'><div class='avia-image-overlay-wrap'><img class='avia_image' src='https:\/\/drose.com.tr\/online\/wp-content\/uploads\/2016\/08\/drose_logo_beyaz.png' alt='' title='drose_logo_beyaz' height=\"139\" width=\"484\"  itemprop=\"thumbnailUrl\"  \/><\/div><\/div><\/div>\n<\/div><\/div><\/div><!-- close content main div --><\/div><\/div><\/div><div id='after_section_3'  class='main_color av_default_container_wrap container_wrap sidebar_right' style=' '  ><div class='container' ><div class='template-page content  av-content-small alpha units'><div class='post-entry post-entry-type-page post-entry-1793'><div class='entry-content-wrapper clearfix'>\n","protected":false},"excerpt":{"rendered":"","protected":false},"author":33,"featured_media":0,"parent":0,"menu_order":0,"comment_status":"open","ping_status":"open","template":"","meta":{"footnotes":""},"class_list":["post-1793","page","type-page","status-publish","hentry"],"_links":{"self":[{"href":"https:\/\/drose.com.tr\/online\/wp-json\/wp\/v2\/pages\/1793","targetHints":{"allow":["GET"]}}],"collection":[{"href":"https:\/\/drose.com.tr\/online\/wp-json\/wp\/v2\/pages"}],"about":[{"href":"https:\/\/drose.com.tr\/online\/wp-json\/wp\/v2\/types\/page"}],"author":[{"embeddable":true,"href":"https:\/\/drose.com.tr\/online\/wp-json\/wp\/v2\/users\/33"}],"replies":[{"embeddable":true,"href":"https:\/\/drose.com.tr\/online\/wp-json\/wp\/v2\/comments?post=1793"}],"version-history":[{"count":43,"href":"https:\/\/drose.com.tr\/online\/wp-json\/wp\/v2\/pages\/1793\/revisions"}],"predecessor-version":[{"id":9212,"href":"https:\/\/drose.com.tr\/online\/wp-json\/wp\/v2\/pages\/1793\/revisions\/9212"}],"wp:attachment":[{"href":"https:\/\/drose.com.tr\/online\/wp-json\/wp\/v2\/media?parent=1793"}],"curies":[{"name":"wp","href":"https:\/\/api.w.org\/{rel}","templated":true}]}}