{"id":1795,"date":"2015-09-02T16:34:40","date_gmt":"2015-09-02T13:34:40","guid":{"rendered":"https:\/\/drose.com.tr\/online\/?page_id=1795"},"modified":"2023-12-19T00:15:49","modified_gmt":"2023-12-18T21:15:49","slug":"odullerimiz","status":"publish","type":"page","link":"https:\/\/drose.com.tr\/online\/odullerimiz\/","title":{"rendered":"\u00d6D\u00dcLLER\u0130M\u0130Z"},"content":{"rendered":"<div id='av_section_1'  class='avia-section main_color avia-section-default avia-no-shadow avia-full-stretch avia-bg-style-scroll  avia-builder-el-0  el_before_av_section  avia-builder-el-first   container_wrap sidebar_right' style='background-color: #ffefdd; background-repeat: no-repeat; background-image: url(https:\/\/drose.com.tr\/online\/wp-content\/uploads\/2015\/07\/drose_home2.jpg);background-attachment: scroll; background-position: center center;  '  data-section-bg-repeat='stretch'><div class='av-section-color-overlay-wrap'><a href='#next-section' title='' class='scroll-down-link '  aria-hidden='true' data-av_icon='\ue877' data-av_iconfont='entypo-fontello'><\/a><div class='container' ><main  role=\"main\" itemprop=\"mainContentOfPage\"  class='template-page content  av-content-small alpha units'><div class='post-entry post-entry-type-page post-entry-1795'><div class='entry-content-wrapper clearfix'>\n<div class=\"flex_column av_one_full  flex_column_div first  avia-builder-el-1  avia-builder-el-no-sibling  \" style='padding:50px 0px 0px 0px ; border-radius:0px; '><div  class='avia-image-container avia_animated_image avia_animate_when_almost_visible top-to-bottom av-styling-    avia-builder-el-2  avia-builder-el-no-sibling  avia-align-center '  itemprop=\"image\" itemscope=\"itemscope\" itemtype=\"https:\/\/schema.org\/ImageObject\"  ><div class='avia-image-container-inner'><div class='avia-image-overlay-wrap'><img class='avia_image' src='https:\/\/drose.com.tr\/online\/wp-content\/uploads\/2023\/11\/odul_home-1.png' alt='' title='odul_home' height=\"114\" width=\"840\"  itemprop=\"thumbnailUrl\"  \/><\/div><\/div><\/div><\/div><\/div><\/div><\/main><!-- close content main element --><\/div><\/div><\/div><div id='av_section_2'  class='avia-section main_color avia-section-default avia-no-shadow avia-full-stretch avia-bg-style-fixed  avia-builder-el-3  el_after_av_section  el_before_av_layout_row   container_wrap sidebar_right' style='background-color: #ffefdd; background-repeat: no-repeat; background-image: url(https:\/\/drose.com.tr\/online\/wp-content\/uploads\/2015\/09\/odul.jpg);background-attachment: fixed; background-position: top center;  '  data-section-bg-repeat='stretch'><div class='container' ><div class='template-page content  av-content-small alpha units'><div class='post-entry post-entry-type-page post-entry-1795'><div class='entry-content-wrapper clearfix'>\n<div class=\"flex_column av_one_full  flex_column_div first  avia-builder-el-4  avia-builder-el-no-sibling  \" style='padding:50px 0px 0px 0px ; border-radius:0px; '><div  style='padding-bottom:10px; color:#ffffff;' class='av-special-heading av-special-heading-h3 custom-color-heading blockquote modern-quote modern-centered  avia-builder-el-5  avia-builder-el-no-sibling  '><h3 class='av-special-heading-tag '  itemprop=\"headline\"  >D\u2019ROSE NATURAL COSMETIC <\/h3><div class ='av-subheading av-subheading_below av_custom_color ' style='font-size:15px;'><p>Br\u00fcksel\u2019de d\u00fczenlenen t\u00f6renle, \u201c2016 Avrupa\u2019n\u0131n En \u0130yi Uygulamalar\u0131 Alt\u0131n Kalite \u00d6d\u00fcl\u00fc\u201dne lay\u0131k g\u00f6r\u00fclm\u00fc\u015ft\u00fcr.<\/p>\n<\/div><div class='special-heading-border'><div class='special-heading-inner-border' style='border-color:#ffffff'><\/div><\/div><\/div><\/div>\n<\/p>\n<\/div><\/div><\/div><!-- close content main div --><\/div><\/div><div id='av-layout-grid-1'  class='av-layout-grid-container entry-content-wrapper main_color av-flex-cells     avia-builder-el-6  el_after_av_section  el_before_av_section  submenu-not-first container_wrap sidebar_right' style=' '  >\n<div class=\"flex_cell no_margin av_one_third  avia-builder-el-7  el_before_av_cell_one_third  avia-builder-el-first   \" style='vertical-align:top; padding:50px; background-color:#fff6ec; '><div class='flex_cell_inner' ><p><div  style='padding-bottom:10px; ' class='av-special-heading av-special-heading-h3    avia-builder-el-8  el_before_av_textblock  avia-builder-el-first  '><h3 class='av-special-heading-tag '  itemprop=\"headline\"  >ESQR Uluslararas\u0131 Avrupa Kalite Ba\u015far\u0131 \u00d6d\u00fcl\u00fc Alt\u0131n Kategori<\/h3><div class='special-heading-border'><div class='special-heading-inner-border' ><\/div><\/div><\/div><br \/>\n<section class=\"av_textblock_section \"  itemscope=\"itemscope\" itemtype=\"https:\/\/schema.org\/CreativeWork\" ><div class='avia_textblock  '   itemprop=\"text\" ><p style=\"text-align: justify;\">T\u00fcrkiye kozmetik sekt\u00f6r\u00fcn\u00fcn lider markas\u0131 D\u2019ROSE NATUREL KOZMET\u0130K, 13-14 Haziran 2015 tarihlerinde Londra&#8217;da ger\u00e7ekle\u015ftirilen t\u00f6rende, ESQR (European Society for Quality Research- Switzerland) taraf\u0131ndan, kalite k\u00fclt\u00fcr\u00fcn\u00fcn yerle\u015fmesi i\u00e7in g\u00f6stermi\u015f oldu\u011fu \u00e7aba ve kalite y\u00f6netimi ad\u0131na\u00a0sa\u011flam\u0131\u015f oldu\u011fu katk\u0131lardan dolay\u0131, 150 \u00fclke taraf\u0131ndan yap\u0131lan oylama ve de\u011ferlendirme sonucunda Avrupa\u2019n\u0131n kalite alan\u0131nda en prestijli \u00f6d\u00fcl\u00fc olan \u201c<strong>European Quality Achievement &#8211; Avrupa Kalite Ba\u015far\u0131 \u00d6d\u00fcl\u00fc<\/strong>\u201d ne lay\u0131k g\u00f6r\u00fclm\u00fc\u015ft\u00fcr.<\/p>\n<p style=\"text-align: justify;\">Uzun y\u0131llar Ar-Ge \u00fcretim, inovasyon konular\u0131nda hizmet veren ve Kalite Y\u00f6netimi konusundaki \u00e7al\u0131\u015fmalar\u0131n\u0131 aral\u0131ks\u0131z s\u00fcrd\u00fcren D\u2019ROSE NATUREL KOZMET\u0130K&#8217;in, ESQR\u2019\u0131n i\u015f ili\u015fkisinde bulundu\u011fu firmalar ve hizmet verdi\u011fi m\u00fc\u015fteriler taraf\u0131ndan yap\u0131lan oylama sonucunda aday g\u00f6sterilmi\u015f olmas\u0131 kazan\u0131lan \u00f6d\u00fcl\u00fc daha da anlaml\u0131 k\u0131lm\u0131\u015ft\u0131r.<\/p>\n<p style=\"text-align: justify;\">D\u2019ROSE NATUREL KOZMET\u0130K olarak, bu alandaki \u00e7abam\u0131z\u0131n Alt\u0131n Kategoride &#8220;<strong>Avrupa Kalite Ba\u015far\u0131 \u00d6d\u00fcl\u00fc<\/strong>&#8221; ile ta\u00e7land\u0131r\u0131lmas\u0131 bizleri gururland\u0131rm\u0131\u015f ve motive etmi\u015ftir.<\/p>\n<\/div><\/section><br \/>\n<div  class='avia-image-container avia_animated_image avia_animate_when_almost_visible left-to-right av-styling-    avia-builder-el-10  el_after_av_textblock  avia-builder-el-last  avia-align-center '  itemprop=\"image\" itemscope=\"itemscope\" itemtype=\"https:\/\/schema.org\/ImageObject\"  ><div class='avia-image-container-inner'><div class='avia-image-overlay-wrap'><img class='avia_image' src='https:\/\/drose.com.tr\/online\/wp-content\/uploads\/2015\/09\/o_3.png' alt='' title='o_3' height=\"852\" width=\"343\"  itemprop=\"thumbnailUrl\"  \/><\/div><\/div><\/div><\/p>\n<\/div><\/div><div class=\"flex_cell no_margin av_one_third  avia-builder-el-11  el_after_av_cell_one_third  el_before_av_cell_one_third   \" style='vertical-align:top; padding:50px; background-color:#f1ba4d; '><div class='flex_cell_inner' ><p><div  style='padding-bottom:10px; ' class='av-special-heading av-special-heading-h3    avia-builder-el-12  el_before_av_textblock  avia-builder-el-first  '><h3 class='av-special-heading-tag '  itemprop=\"headline\"  >BID Uluslararas\u0131 D\u00fcnya Kalite Taahh\u00fct \u00d6d\u00fcl\u00fc Platin Kategori<\/h3><div class='special-heading-border'><div class='special-heading-inner-border' ><\/div><\/div><\/div><br \/>\n<section class=\"av_textblock_section \"  itemscope=\"itemscope\" itemtype=\"https:\/\/schema.org\/CreativeWork\" ><div class='avia_textblock  '   itemprop=\"text\" ><p style=\"text-align: justify;\">D\u2019ROSE NATUREL KOZMET\u0130K, kalite y\u00f6netimi ve \u00e7evre duyarl\u0131l\u0131\u011f\u0131 konular\u0131nda alm\u0131\u015f oldu\u011fu \u00f6d\u00fcllere yenisini ekleyerek d\u00fcnya markas\u0131 oldu\u011funu bir kez daha kan\u0131tlam\u0131\u015ft\u0131r.<\/p>\n<p style=\"text-align: justify;\">D\u2019ROSE NATUREL KOZMET\u0130K olarak, 23-24 Ekim 2015 tarihinde Paris\u2019te ger\u00e7ekle\u015ftirilecek t\u00f6renle &#8220;<strong>Platin Kategori<\/strong>&#8221; de yap\u0131lan oylama ve de\u011ferlendirme sonucunda, \u00fc\u00e7\u00fcnc\u00fc \u00f6d\u00fcl\u00fcm\u00fcz olan &#8220;<strong>World Quality Commitment &#8211; D\u00fcnya Kalite Taahh\u00fct \u00d6d\u00fcl\u00fc<\/strong>&#8221; alacak olman\u0131n gururu ile D\u2019ROSE NATUREL KOZMET\u0130K&#8217;i ve \u00fclkemizi d\u00fcnya markalar\u0131 aras\u0131nda tan\u0131tman\u0131n mutlulu\u011funu ya\u015famaktay\u0131z. D\u2019ROSE NATUREL KOZMET\u0130K olarak, kalite ve ba\u015far\u0131m\u0131z\u0131 daha da ta\u00e7land\u0131racak nice sayg\u0131n \u00f6d\u00fcllere lay\u0131k olmak hedefindeyiz.<\/p>\n<p style=\"text-align: justify;\"><strong>D\u2019ROSE NATUREL KOZMET\u0130K&#8217;in Avrupa\u2019dan ald\u0131\u011f\u0131 \u00f6d\u00fcllerin \u00f6nemi ba\u015fvuru yap\u0131lmaks\u0131z\u0131n al\u0131nm\u0131\u015f \u00f6d\u00fcller olmas\u0131ndan kaynaklanmaktad\u0131r. 170 \u00fclke taraf\u0131ndan yap\u0131lan oylama ve de\u011ferlendirme sonucunda, bu \u00fclkelerden gelen oylarla se\u00e7ilmi\u015f ve \u00f6d\u00fcle lay\u0131k g\u00f6r\u00fclm\u00fc\u015ft\u00fcr. <\/strong><\/p>\n<p style=\"text-align: justify;\">BID ve ESQR gibi kurulu\u015flar, markalar\u0131n haberi olmadan onlar\u0131 izlemeye alarak, markalar\u0131n Ar-Ge \u00e7al\u0131\u015fmalar\u0131, kulland\u0131\u011f\u0131 teknolojik alt yap\u0131, bilgi teknolojileri, toplam kalite y\u00f6netim modelleri, entegre y\u00f6netim sistemleri, kurumsal sosyal sorumluluk projeleri gibi alanlarda geli\u015fim s\u00fcreleri, ge\u00e7irdikleri d\u00f6n\u00fc\u015f\u00fcmler, geldikleri nokta, hedefleri ve kaliteyi s\u00fcrd\u00fcrebilirlikleri 2 y\u0131l s\u00fcreyle inceleyenerek ara\u015ft\u0131rma raporlar\u0131 haz\u0131rlanmaktad\u0131r. Bu sonu\u00e7lara g\u00f6re yap\u0131lan oylama ile \u00f6d\u00fcl alacak markalar belirlenmektedir.<\/p>\n<\/div><\/section><br \/>\n<div  class='avia-image-container avia_animated_image avia_animate_when_almost_visible bottom-to-top av-styling-    avia-builder-el-14  el_after_av_textblock  avia-builder-el-last  avia-align-center '  itemprop=\"image\" itemscope=\"itemscope\" itemtype=\"https:\/\/schema.org\/ImageObject\"  ><div class='avia-image-container-inner'><div class='avia-image-overlay-wrap'><img class='avia_image' src='https:\/\/drose.com.tr\/online\/wp-content\/uploads\/2015\/09\/o_3-1.png' alt='' title='o_3' height=\"888\" width=\"355\"  itemprop=\"thumbnailUrl\"  \/><\/div><\/div><\/div><\/p>\n<\/div><\/div><div class=\"flex_cell no_margin av_one_third  avia-builder-el-15  el_after_av_cell_one_third  avia-builder-el-last   \" style='vertical-align:top; padding:50px; background-color:#fff6ec; '><div class='flex_cell_inner' ><p><div  style='padding-bottom:10px; ' class='av-special-heading av-special-heading-h3    avia-builder-el-16  el_before_av_textblock  avia-builder-el-first  '><h3 class='av-special-heading-tag '  itemprop=\"headline\"  >BID Uluslararas\u0131 Avrupa Toplam Kalite Y\u00f6netimi \u00d6d\u00fcl\u00fc Alt\u0131n Kategori<\/h3><div class='special-heading-border'><div class='special-heading-inner-border' ><\/div><\/div><\/div><br \/>\n<section class=\"av_textblock_section \"  itemscope=\"itemscope\" itemtype=\"https:\/\/schema.org\/CreativeWork\" ><div class='avia_textblock  '   itemprop=\"text\" ><p style=\"text-align: justify;\">D\u2019ROSE NATUREL KOZMET\u0130K, 2014 y\u0131l\u0131nd a da Frankfurt\u2019ta d\u00fczenlenen t\u00f6renle, BID (Business Initiative Directions) \u00f6d\u00fclleri &#8220;<strong>Alt\u0131n Kategori<\/strong>&#8220;de, 170 \u00fclke taraf\u0131ndan yap\u0131lan oylama ve de\u011ferlendirme sonucunda, \u201c<strong>Uluslararas\u0131 Toplam Kalite Y\u00f6netimi \u00d6d\u00fcl\u00fc<\/strong>&#8220;ne lay\u0131k g\u00f6r\u00fclm\u00fc\u015f ve \u00f6d\u00fcl\u00fc \u00fclkemize getirmi\u015fti.<\/p>\n<p style=\"text-align: justify;\"><strong>D\u2019ROSE NATUREL KOZMET\u0130K bu kurulu\u015flar taraf\u0131ndan 2014 bas\u0131n y\u00fcz\u00fc se\u00e7ilmi\u015f, ayr\u0131ca onur \u00fcyesi se\u00e7ilerek oy verme hakk\u0131na da sahip olmu\u015ftur. 150 Avrupa \u00fclkesinden olu\u015fan j\u00fcride yeralan D\u2019ROSE NATUREL KOZMET\u0130K olarak oy kullanma ve bir \u015firket \u00f6nerme hakk\u0131 kazanm\u0131\u015ft\u0131r. <\/strong><\/p>\n<p style=\"text-align: justify;\">T\u00fcm \u00e7al\u0131\u015fmalar\u0131nda \u00e7evreye ve insan sa\u011fl\u0131\u011f\u0131na olan duyarl\u0131l\u0131\u011f\u0131n\u0131 \u00f6n planda tutan D\u2019ROSE NATUREL KOZMET\u0130K, Isparta&#8217;da Bitkisel Kozmetik ve Do\u011fal G\u00fcl Kozmeti\u011fi alan\u0131nda uzun y\u0131llar s\u00fcrd\u00fcrd\u00fc\u011f\u00fc Ar-Ge \u00e7al\u0131\u015fmalar\u0131 sonucunda dizayn etti\u011fi \u00f6zel form\u00fclasyonlarla kalite ve \u00fcr\u00fcn g\u00fcvenirlili\u011fi anlam\u0131ndaki \u00f6zverili \u00e7al\u0131\u015fmalar\u0131n\u0131n sonucunda Avrupada ve D\u00fcnyada dikkatleri \u00fczerine toplayarak D\u00fcnya Markas\u0131 olma yolunda b\u00fcy\u00fck yol katetmi\u015ftir.<\/p>\n<\/div><\/section><br \/>\n<div  class='avia-image-container avia_animated_image avia_animate_when_almost_visible right-to-left av-styling-    avia-builder-el-18  el_after_av_textblock  avia-builder-el-last  avia-align-center '  itemprop=\"image\" itemscope=\"itemscope\" itemtype=\"https:\/\/schema.org\/ImageObject\"  ><div class='avia-image-container-inner'><div class='avia-image-overlay-wrap'><img class='avia_image' src='https:\/\/drose.com.tr\/online\/wp-content\/uploads\/2015\/09\/o_2-1.png' alt='' title='o_2' height=\"852\" width=\"343\"  itemprop=\"thumbnailUrl\"  \/><\/div><\/div><\/div><\/p>\n<\/div><\/div>\n<\/div>\n<div id='av_section_3'  class='avia-section main_color avia-section-default avia-no-shadow avia-full-stretch av-section-color-overlay-active avia-bg-style-scroll  avia-builder-el-19  el_after_av_layout_row  avia-builder-el-last   av-minimum-height av-minimum-height-50  container_wrap sidebar_right' style='background-repeat: no-repeat; background-image: url(https:\/\/drose.com.tr\/online\/wp-content\/uploads\/2015\/09\/odul.jpg);background-attachment: scroll; background-position: top center;  '  data-section-bg-repeat='stretch' data-av_minimum_height_pc='50'><div class='av-section-color-overlay-wrap'><div class='av-section-color-overlay' style='opacity: 0.3; background-color: #5e5e5e; background-image: url(https:\/\/drose.com.tr\/online\/wp-content\/themes\/enfold\/images\/background-images\/dots-mini-light.png); background-repeat: repeat;'><\/div><div class='container' ><div class='template-page content  av-content-small alpha units'><div class='post-entry post-entry-type-page post-entry-1795'><div class='entry-content-wrapper clearfix'>\n<div  class='avia-image-container avia_animated_image avia_animate_when_almost_visible bottom-to-top av-styling-    avia-builder-el-20  avia-builder-el-no-sibling  avia-align-center '  itemprop=\"image\" itemscope=\"itemscope\" itemtype=\"https:\/\/schema.org\/ImageObject\"  ><div class='avia-image-container-inner'><div class='avia-image-overlay-wrap'><img class='avia_image' src='https:\/\/drose.com.tr\/online\/wp-content\/uploads\/2016\/08\/drose_logo_beyaz.png' alt='' title='drose_logo_beyaz' height=\"139\" width=\"484\"  itemprop=\"thumbnailUrl\"  \/><\/div><\/div><\/div>\n<\/div><\/div><\/div><!-- close content main div --><\/div><\/div><\/div><div id='after_section_3'  class='main_color av_default_container_wrap container_wrap sidebar_right' style=' '  ><div class='container' ><div class='template-page content  av-content-small alpha units'><div class='post-entry post-entry-type-page post-entry-1795'><div class='entry-content-wrapper clearfix'>\n","protected":false},"excerpt":{"rendered":"","protected":false},"author":33,"featured_media":0,"parent":0,"menu_order":0,"comment_status":"open","ping_status":"open","template":"","meta":{"footnotes":""},"class_list":["post-1795","page","type-page","status-publish","hentry"],"_links":{"self":[{"href":"https:\/\/drose.com.tr\/online\/wp-json\/wp\/v2\/pages\/1795","targetHints":{"allow":["GET"]}}],"collection":[{"href":"https:\/\/drose.com.tr\/online\/wp-json\/wp\/v2\/pages"}],"about":[{"href":"https:\/\/drose.com.tr\/online\/wp-json\/wp\/v2\/types\/page"}],"author":[{"embeddable":true,"href":"https:\/\/drose.com.tr\/online\/wp-json\/wp\/v2\/users\/33"}],"replies":[{"embeddable":true,"href":"https:\/\/drose.com.tr\/online\/wp-json\/wp\/v2\/comments?post=1795"}],"version-history":[{"count":28,"href":"https:\/\/drose.com.tr\/online\/wp-json\/wp\/v2\/pages\/1795\/revisions"}],"predecessor-version":[{"id":9551,"href":"https:\/\/drose.com.tr\/online\/wp-json\/wp\/v2\/pages\/1795\/revisions\/9551"}],"wp:attachment":[{"href":"https:\/\/drose.com.tr\/online\/wp-json\/wp\/v2\/media?parent=1795"}],"curies":[{"name":"wp","href":"https:\/\/api.w.org\/{rel}","templated":true}]}}