{"id":2328,"date":"2016-01-11T14:01:16","date_gmt":"2016-01-11T12:01:16","guid":{"rendered":"https:\/\/drose.com.tr\/online\/?page_id=2328"},"modified":"2016-08-29T22:31:26","modified_gmt":"2016-08-29T19:31:26","slug":"yeni_uyelik","status":"publish","type":"page","link":"https:\/\/drose.com.tr\/online\/yeni_uyelik\/","title":{"rendered":"Yeni \u00dcyelik"},"content":{"rendered":"<div class=\"registration-form woocommerce\">\r\n\r\n\t\r\n\t<h2>Register<\/h2>\r\n\r\n\t<form method=\"post\" class=\"register\">\r\n\r\n\t\t\t\t<p class=\"woocommerce-FormRow woocommerce-FormRow--first form-row form-row-first\">\r\n\t\t\t<label for=\"reg_sr_firstname\">First Name<\/label>\r\n\t\t\t<input type=\"text\" class=\"woocommerce-Input woocommerce-Input--text input-text\" name=\"sr_firstname\" id=\"reg_sr_firstname\" value=\"\" \/>\r\n\t\t<\/p>\r\n\r\n\t\t<p class=\"woocommerce-FormRow woocommerce-FormRow--last form-row form-row-last\">\r\n\t\t\t<label for=\"reg_sr_lastname\">Last Name<\/label>\r\n\t\t\t<input type=\"text\" class=\"woocommerce-Input woocommerce-Input--text input-text\" name=\"sr_lastname\" id=\"reg_sr_lastname\" value=\"\"  \/>\r\n\t\t<\/p>\r\n\t\t\r\n\t\t\r\n\t\t<p class=\"woocommerce-FormRow woocommerce-FormRow--wide form-row form-row-wide\">\r\n\t\t\t<label for=\"reg_email\">Email address <span class=\"required\">*<\/span><\/label>\r\n\t\t\t<input type=\"email\" class=\"woocommerce-Input woocommerce-Input--text input-text\" name=\"email\" id=\"reg_email\" value=\"\" \/>\r\n\t\t<\/p>\r\n\r\n\t\t\r\n\t\t\t<p class=\"woocommerce-FormRow woocommerce-FormRow--wide form-row form-row-wide\">\r\n\t\t\t\t<label for=\"reg_password\">Password <span class=\"required\">*<\/span><\/label>\r\n\t\t\t\t<input type=\"password\" class=\"woocommerce-Input woocommerce-Input--text input-text\" name=\"password\" id=\"reg_password\" \/>\r\n\t\t\t<\/p>\r\n\r\n\t\t\r\n\t\t<!-- Spam Trap -->\r\n\t\t<div style=\"left: -999em; position: absolute;\"><label for=\"trap\">Anti-spam<\/label><input type=\"text\" name=\"email_2\" id=\"trap\" tabindex=\"-1\" autocomplete=\"off\" \/><\/div>\r\n\r\n\t\t<wc-order-attribution-inputs><\/wc-order-attribution-inputs><div class=\"woocommerce-privacy-policy-text\"><p>Ki\u015fisel verileriniz sipari\u015finizi i\u015flemek, bu web sitesindeki deneyiminizi desteklemek ve gizlilik politikam\u0131zda a\u00e7\u0131klanan di\u011fer ama\u00e7lar i\u00e7in kullan\u0131lacakt\u0131r <a href=\"https:\/\/drose.com.tr\/online\/gizlilik-bildirimi\/\" class=\"woocommerce-privacy-policy-link\" target=\"_blank\">gizlilik ilkesi<\/a>.<\/p>\n<\/div>\t\t\r\n\t\t<p class=\"woocomerce-FormRow form-row\">\r\n\t\t\t<input type=\"hidden\" id=\"woocommerce-register-nonce\" name=\"woocommerce-register-nonce\" value=\"a89c27ddb1\" \/><input type=\"hidden\" name=\"_wp_http_referer\" value=\"\/online\/wp-json\/wp\/v2\/pages\/2328\" \/>\t\t\t<input type=\"submit\" class=\"woocommerce-Button button\" name=\"register\" value=\"Register\" \/>\r\n\t\t<\/p>\r\n\r\n\t\t<p class=\"woocommerce-simple-registration-login-link\">\r\n\t\t\t<a href=\"https:\/\/drose.com.tr\/online\/wp-login.php?redirect_to=https%3A%2F%2Fdrose.com.tr%2Fonline%2Fyeni_uyelik%2F\">Log in<\/a>\r\n\t\t<\/p>\r\n\r\n\t\t\r\n\t<\/form>\r\n\r\n<\/div>\r\n\n","protected":false},"excerpt":{"rendered":"","protected":false},"author":33,"featured_media":0,"parent":0,"menu_order":0,"comment_status":"closed","ping_status":"closed","template":"","meta":{"footnotes":""},"class_list":["post-2328","page","type-page","status-publish","hentry"],"_links":{"self":[{"href":"https:\/\/drose.com.tr\/online\/wp-json\/wp\/v2\/pages\/2328","targetHints":{"allow":["GET"]}}],"collection":[{"href":"https:\/\/drose.com.tr\/online\/wp-json\/wp\/v2\/pages"}],"about":[{"href":"https:\/\/drose.com.tr\/online\/wp-json\/wp\/v2\/types\/page"}],"author":[{"embeddable":true,"href":"https:\/\/drose.com.tr\/online\/wp-json\/wp\/v2\/users\/33"}],"replies":[{"embeddable":true,"href":"https:\/\/drose.com.tr\/online\/wp-json\/wp\/v2\/comments?post=2328"}],"version-history":[{"count":5,"href":"https:\/\/drose.com.tr\/online\/wp-json\/wp\/v2\/pages\/2328\/revisions"}],"predecessor-version":[{"id":3006,"href":"https:\/\/drose.com.tr\/online\/wp-json\/wp\/v2\/pages\/2328\/revisions\/3006"}],"wp:attachment":[{"href":"https:\/\/drose.com.tr\/online\/wp-json\/wp\/v2\/media?parent=2328"}],"curies":[{"name":"wp","href":"https:\/\/api.w.org\/{rel}","templated":true}]}}