{"id":1772,"date":"2015-08-25T14:42:55","date_gmt":"2015-08-25T11:42:55","guid":{"rendered":"https:\/\/drose.com.tr\/online\/?post_type=product&#038;p=1772"},"modified":"2025-10-23T13:25:37","modified_gmt":"2025-10-23T10:25:37","slug":"tarcin-zencefil","status":"publish","type":"product","link":"https:\/\/drose.com.tr\/online\/urun\/tarcin-zencefil\/","title":{"rendered":"D&#8217;ROSE Tar\u00e7\u0131n &#038; Zencefil Sabunu"},"content":{"rendered":"<p>Do\u011fal Bitkisel Form\u00fcll\u00fc\u00a0D\u2019ROSE Tar\u00e7\u0131n &amp; Zencefil Sabunu, cilt gen\u00e7le\u015fmesinde \u00f6nemli yeri olan yedi farkl\u0131 antioksidan i\u00e7eri\u011fi ile cildi derinlemesine temizlerken yenilenmesine yard\u0131mc\u0131 olur. Antibakteriyel ve antimikrobiyel \u00f6zelli\u011fi cildi bakterilerden ar\u0131nd\u0131r\u0131r ve sivilce olu\u015fumunu \u00f6nler. \u0130\u00e7eri\u011findeki tar\u00e7\u0131n tozu ve ya\u011f\u0131n\u0131n peeling etkisi, sivilce izlerinin ve cilt lekelerinin giderilmesine yard\u0131mc\u0131 olur. Cildi derinlemesine ar\u0131nd\u0131rma \u00f6zelli\u011fine sahiptir. Cildin ya\u011f ve nem dengesini korur, ho\u015f kokusuyla cildi ferahlat\u0131r ve tazeler. Vitamin, mineralce zengin yap\u0131s\u0131yla cilde zindelik ve canl\u0131l\u0131k verir.<\/p>\n<p><strong>HER C\u0130LT T\u0130P\u0130 \u0130\u00c7\u0130N UYGUNDUR.<\/strong><\/p>\n<p>Zengin ya\u011f kar\u0131\u015f\u0131m\u0131n\u0131n yan\u0131 s\u0131ra tar\u00e7\u0131n ve zencefil ya\u011f\u0131 ile form\u00fcle edilmi\u015f olan, D\u2019ROSE \u00a0Tar\u00e7\u0131n &amp; Zencefil Sabunu sa\u00e7 derisinde kepeklenme olu\u015fumunu engellemeye yard\u0131mc\u0131 olur. Kan ak\u0131\u015f\u0131n\u0131 h\u0131zland\u0131ran ve sa\u00e7 k\u00f6klerini uyaran etken maddelere sahip oldu\u011fu i\u00e7in sa\u00e7 d\u00f6k\u00fclmesini engellemeye yard\u0131mc\u0131 olur ve sa\u00e7 derisini besler. Do\u011fal rengi ve \u00e7ekici kokusuyla banyonuzda vazge\u00e7emeyece\u011finiz bu \u00f6zel sabun, egzotik ve uyar\u0131c\u0131 kokusuyla afrodizyak etkiye sahiptir.<\/p>\n<p>Do\u011fal bitkisel form\u00fcll\u00fc sabunlar\u0131m\u0131zdaki cildi nemlendirme, y\u00fcksek kapasitede temizleme \u00f6zelli\u011fi ve cilt \u00fczerindeki \u00f6nemli faydalan\u0131m etkileri i\u00e7eri\u011findeki ya\u011flar\u0131n \u00f6zelliklerinden gelmektedir.<\/p>\n<p><strong>D&#8217;ROSE NATUREL KOZMET\u0130K \u00dcR\u00dcNLER\u0130 UZUN S\u00dcREN AR-GE \u00c7ALI\u015eMALARI SONUCUNDA \u00dcRET\u0130LMEKTED\u0130R.<\/strong><\/p>\n<p><strong>DO\u011eAYA, SA\u011eLI\u011eINIZA VE C\u0130LD\u0130N\u0130ZE DOST\u2026<\/strong><\/p>\n<p><strong>\u0130\u00e7indekiler:<\/strong> Olea Europaea [zeytin] ya\u011f\u0131, Cocos Nucifera [hindistan cevizi] ya\u011f\u0131, Ricinus Communis [hint] ya\u011f\u0131, Cinnamomum [tar\u00e7\u0131n] ya\u011f\u0131, Prunus armeniaca [kay\u0131s\u0131 \u00e7ekirde\u011fi] ya\u011f\u0131, Butyrospermum Parkii [shea] ya\u011f\u0131, Zingiber Officinale [zencefil] ya\u011f\u0131, Cinnamomum zeylanicum [tar\u00e7\u0131n tozu], do\u011fal kaynak suyu, sodyum hidroksit, tuz, koku.<\/p>\n<p><strong>SLS (SOD\u0130UM LAURYL SULFATE), PARABEN, ALKOL, K\u0130MYASAL SABUN B\u0130LE\u015eENLER\u0130, HAZIR SABUN BAZI VE HAYVANSAL YA\u011e \u0130\u00c7ERMEZ.<\/strong><\/p>\n<p>\u00dcr\u00fcnlerimiz el yap\u0131m\u0131 ve el kesimidir. Do\u011fal sabun, yap\u0131s\u0131 gere\u011fi el yap\u0131m\u0131 olmal\u0131d\u0131r. Sabunlar\u0131m\u0131z so\u011fuk proses y\u00f6ntemiyle, i\u00e7eri\u011findeki bitkisel \u00f6zlere hi\u00e7bir zarar vermeden \u00fcretilmektedir. \u00dcr\u00fcnlerimizde temel zeytinya\u011f\u0131n\u0131n yan\u0131nda, t\u00fcm form\u00fclasyonlar\u0131m\u0131zda bulunan hindistan cevizi ya\u011f\u0131, kay\u0131s\u0131 ya\u011f\u0131, hint ya\u011f\u0131 ve shea ya\u011f\u0131 sabunlara dayan\u0131kl\u0131l\u0131k, k\u00f6p\u00fcrme kapasitesinde art\u0131\u015f, cildin derin temizlenmesi, ya\u011f-nem dengesinin korunmas\u0131 gibi ciddi etkinlikler sa\u011flam\u0131\u015ft\u0131r. Ayr\u0131ca her sabunun kendi form\u00fclasyonu \u00e7er\u00e7evesinde; aromatik ve sabit bitkisel ya\u011flar, baharatlar, bitki yaprak ve \u00e7i\u00e7ekleri ile zenginle\u015ftirilmi\u015f, do\u011fal olarak renklendirilmi\u015f, kesinlikle g\u0131da ve kozmetik vb. boya kullan\u0131lmam\u0131\u015ft\u0131r.<\/p>\n<p><strong>G\u00f6ze, genital b\u00f6lgeye ve a\u00e7\u0131k yaralara uygulamay\u0131n\u0131z.\u00a0Kulland\u0131ktan sonra kuru yerde tutunuz.<\/strong><\/p>\n<p>&nbsp;<\/p>\n","protected":false},"excerpt":{"rendered":"<p><strong>El Yap\u0131m\u0131 &amp;\u00a0El Kesimi<\/strong><\/p>\n<p>Do\u011fal Bitkisel Form\u00fcll\u00fc\u00a0D\u2019ROSE Tar\u00e7\u0131n &amp; Zencefil Sabunu, zeytinya\u011f\u0131, hindistan cevizi ya\u011f\u0131, hint ya\u011f\u0131, kay\u0131s\u0131 \u00e7ekirde\u011fi ya\u011f\u0131, shea ya\u011f\u0131, tar\u00e7\u0131n ya\u011f\u0131, zencefil ya\u011f\u0131 ile harmanlanm\u0131\u015f zengin ya\u011f kar\u0131\u015f\u0131m\u0131 ve tar\u00e7\u0131n tozu ile form\u00fcle edilmi\u015ftir.<\/p>\n<p><strong>Tekli\u00a0Paket:<\/strong>\u00a01\u00a0adet x 100 gr Tar\u00e7\u0131n &amp; Zencefil Sabunu i\u00e7erir.<\/p>\n<p>&nbsp;<\/p>\n","protected":false},"featured_media":9528,"comment_status":"closed","ping_status":"closed","template":"","meta":[],"product_brand":[],"product_cat":[258,271],"product_tag":[260,274],"class_list":{"0":"post-1772","1":"product","2":"type-product","3":"status-publish","4":"has-post-thumbnail","6":"product_cat-tarcin","7":"product_cat-vitrin","8":"product_tag-home","9":"product_tag-standart","10":"product_shipping_class-1-sinif-kargo","12":"first","13":"instock","14":"shipping-taxable","15":"purchasable","16":"product-type-simple"},"_links":{"self":[{"href":"https:\/\/drose.com.tr\/online\/wp-json\/wp\/v2\/product\/1772","targetHints":{"allow":["GET"]}}],"collection":[{"href":"https:\/\/drose.com.tr\/online\/wp-json\/wp\/v2\/product"}],"about":[{"href":"https:\/\/drose.com.tr\/online\/wp-json\/wp\/v2\/types\/product"}],"replies":[{"embeddable":true,"href":"https:\/\/drose.com.tr\/online\/wp-json\/wp\/v2\/comments?post=1772"}],"wp:featuredmedia":[{"embeddable":true,"href":"https:\/\/drose.com.tr\/online\/wp-json\/wp\/v2\/media\/9528"}],"wp:attachment":[{"href":"https:\/\/drose.com.tr\/online\/wp-json\/wp\/v2\/media?parent=1772"}],"wp:term":[{"taxonomy":"product_brand","embeddable":true,"href":"https:\/\/drose.com.tr\/online\/wp-json\/wp\/v2\/product_brand?post=1772"},{"taxonomy":"product_cat","embeddable":true,"href":"https:\/\/drose.com.tr\/online\/wp-json\/wp\/v2\/product_cat?post=1772"},{"taxonomy":"product_tag","embeddable":true,"href":"https:\/\/drose.com.tr\/online\/wp-json\/wp\/v2\/product_tag?post=1772"}],"curies":[{"name":"wp","href":"https:\/\/api.w.org\/{rel}","templated":true}]}}