{"id":2013,"date":"2016-08-15T11:45:01","date_gmt":"2016-08-15T08:45:01","guid":{"rendered":"https:\/\/drose.com.tr\/online\/?product=isparta-gulsuyu-2li-eko-paket"},"modified":"2025-10-23T13:39:13","modified_gmt":"2025-10-23T10:39:13","slug":"isparta-gulsuyu-2li-eko-paket","status":"publish","type":"product","link":"https:\/\/drose.com.tr\/online\/urun\/isparta-gulsuyu-2li-eko-paket\/","title":{"rendered":"G\u00fcl Sabunu 2&#8217;li Paket"},"content":{"rendered":"<p style=\"text-align: justify;\"><strong>D\u2019ROSE DO\u011eAL B\u0130TK\u0130SEL FORM\u00dcLL\u00dc ISPARTA G\u00dcL SABUNU (Rosa Damascena) \/ EL YAPIMI &amp; EL KES\u0130M\u0130<\/strong><\/p>\n<p style=\"text-align: justify;\">D\u2019ROSE Do\u011fal Bitkisel Form\u00fcll\u00fc Isparta G\u00fcl Sabunu \u201cRosa Damascena\u201d olarak bilinen ve g\u00fcl ya\u011f\u0131 \u00fcretiminde kullan\u0131lan mis kokulu, nadide Isparta g\u00fcl\u00fcn\u00fcn \u00e7i\u00e7ekleri ve g\u00fcl ya\u011f\u0131n\u0131n yan\u0131 s\u0131ra zeytinya\u011f\u0131, hindistan cevizi ya\u011f\u0131, hint ya\u011f\u0131, kay\u0131s\u0131 \u00e7ekirde\u011fi ya\u011f\u0131 ve shea ya\u011f\u0131ndan olu\u015fan zengin bitkisel ya\u011f i\u00e7eri\u011fi ile ger\u00e7ek bir g\u00fcl sabunudur. Do\u011fal yap\u0131s\u0131yla, her cilt tipi i\u00e7in uygundur. Antiseptik ve antibakteriyel \u00f6zelli\u011fi ile D\u2019ROSE Do\u011fal Bitkisel Form\u00fcll\u00fc Isparta G\u00fcl Sabunu siyah noktalar\u0131 ar\u0131nd\u0131r\u0131r, sedef, dermatit, egzama ve di\u011fer cilt problemlerine kar\u015f\u0131 cildi rahatlat\u0131r ve sakinle\u015ftirir. Cildi derinlemesine temizlerken cildin do\u011fal ya\u011f \u00fcretimini dengelemeye yard\u0131mc\u0131 olur. \u0130\u00e7eri\u011finde yeralan zeytinya\u011f\u0131 sabuna deri hastal\u0131klar\u0131 tedavisinde m\u00fckemmel bir \u00e7\u00f6z\u00fcm olan antioksidatif \u00f6zellik sa\u011flar. D\u2019ROSE Do\u011fal Bitkisel Form\u00fcll\u00fc Isparta G\u00fcl Sabunu, i\u00e7eri\u011finde yeralan bitkisel ya\u011f kar\u0131\u015f\u0131m\u0131n\u0131n vitamin, mineral ve antioksidanlar bak\u0131m\u0131ndan zengin yap\u0131s\u0131yla cilt h\u00fccrelerini tamir ederek daha gen\u00e7 bir g\u00f6r\u00fcn\u00fcm kazand\u0131r\u0131r. Cildi canland\u0131r\u0131c\u0131, g\u00fc\u00e7lendirici ve s\u0131k\u0131la\u015ft\u0131r\u0131c\u0131 etkisiyle p\u00fcr\u00fczs\u00fcz bir cilt dokusu olu\u015fturur. Yo\u011fun nemlendirici ve yumu\u015fat\u0131c\u0131 \u00f6zelli\u011fe sahip yap\u0131s\u0131yla ciltdeki ince k\u0131r\u0131\u015f\u0131kl\u0131klara kar\u015f\u0131 etkili D\u2019ROSE Do\u011fal Bitkisel Form\u00fcll\u00fc Isparta G\u00fcl Sabunu, hassas ve allerjik ciltlerde, cildin g\u00fc\u00e7lenmesine, olu\u015fan k\u0131zar\u0131kl\u0131klar\u0131n yat\u0131\u015ft\u0131r\u0131lmas\u0131na yard\u0131mc\u0131 olur. \u0130\u00e7eri\u011finde bulunan shea ya\u011f\u0131 UV \u0131\u015f\u0131nlar\u0131na kar\u015f\u0131 do\u011fal bir g\u00fcne\u015f koruyucudur.<\/p>\n<blockquote><p><strong>HER C\u0130LT T\u0130P\u0130 \u0130\u00c7\u0130N UYGUNDUR.<\/strong><\/p><\/blockquote>\n<p>Do\u011fal bitkisel form\u00fcll\u00fc sabunlar\u0131m\u0131zdaki cildi nemlendirme, y\u00fcksek kapasitede temizleme \u00f6zelli\u011fi ve cilt \u00fczerindeki \u00f6nemli faydalan\u0131m etkileri i\u00e7eri\u011findeki ya\u011flar\u0131n \u00f6zelliklerinden gelmektedir.<\/p>\n<p><strong>D&#8217;ROSE NATUREL KOZMET\u0130K \u00dcR\u00dcNLER\u0130 UZUN S\u00dcREN AR-GE \u00c7ALI\u015eMALARI SONUCUNDA \u00dcRET\u0130LMEKTED\u0130R.<\/strong><\/p>\n<p><strong>DO\u011eAYA, SA\u011eLI\u011eINIZA VE C\u0130LD\u0130N\u0130ZE DOST\u2026<\/strong><\/p>\n<p><strong>\u0130\u00e7indekiler:<\/strong> Olea Europaea [zeytin] ya\u011f\u0131, Cocos Nucifera [hindistan cevizi] ya\u011f\u0131, Ricinus Communis [hint] ya\u011f\u0131, Prunus armeniaca [kay\u0131s\u0131 \u00e7ekirde\u011fi] ya\u011f\u0131, Butyrospermum Parkii [shea] ya\u011f\u0131, Rosa Damascena \u00e7i\u00e7ekleri, Rosa Damascena ya\u011f\u0131, do\u011fal kaynak suyu, sodyum hidroksit, tuz, koku.<\/p>\n<p><strong>SLS (SOD\u0130UM LAURYL SULFATE), PARABEN, ALKOL, K\u0130MYASAL SABUN B\u0130LE\u015eENLER\u0130, HAZIR SABUN BAZI VE HAYVANSAL YA\u011e \u0130\u00c7ERMEZ.<\/strong><\/p>\n<ul>\n<li>G\u00f6ze, genital b\u00f6lgeye ve a\u00e7\u0131k yaralara uygulamay\u0131n\u0131z.<\/li>\n<li>Kulland\u0131ktan sonra kuru yerde tutunuz.<\/li>\n<li>\u00dcr\u00fcnlerimiz el yap\u0131m\u0131 ve el kesimidir.<\/li>\n<\/ul>\n<p>Do\u011fal sabun, yap\u0131s\u0131 gere\u011fi el yap\u0131m\u0131 olmal\u0131d\u0131r. Sabunlar\u0131m\u0131z so\u011fuk proses y\u00f6ntemiyle, i\u00e7eri\u011findeki bitkisel \u00f6zlere hi\u00e7bir zarar vermeden \u00fcretilmektedir. \u00dcr\u00fcnlerimizde temel zeytinya\u011f\u0131n\u0131n yan\u0131nda, t\u00fcm form\u00fclasyonlar\u0131m\u0131zda bulunan hindistan cevizi ya\u011f\u0131, kay\u0131s\u0131 ya\u011f\u0131, hint ya\u011f\u0131 ve shea ya\u011f\u0131 sabunlara dayan\u0131kl\u0131l\u0131k, k\u00f6p\u00fcrme kapasitesinde art\u0131\u015f, cildin derin temizlenmesi, ya\u011f-nem dengesinin korunmas\u0131 gibi ciddi etkinlikler sa\u011flam\u0131\u015ft\u0131r. Ayr\u0131ca her sabunun kendi form\u00fclasyonu \u00e7er\u00e7evesinde; aromatik ve sabit bitkisel ya\u011flar, baharatlar, bitki yaprak ve \u00e7i\u00e7ekleri ile zenginle\u015ftirilmi\u015f, do\u011fal olarak renklendirilmi\u015f, kesinlikle g\u0131da ve kozmetik vb. boya kullan\u0131lmam\u0131\u015ft\u0131r.<\/p>\n","protected":false},"excerpt":{"rendered":"<p><strong>2&#8217;li Paket<\/strong><\/p>\n<p>El Yap\u0131m\u0131 &#8211; El Kesimi<\/p>\n<p>D\u2019ROSE Do\u011fal Bitkisel Form\u00fcll\u00fc Isparta G\u00fcl Sabunu i\u00e7eri\u011findeki zeytinya\u011f\u0131, hindistan cevizi ya\u011f\u0131, hint ya\u011f\u0131, kay\u0131s\u0131 \u00e7ekirde\u011fi ya\u011f\u0131, shea ya\u011f\u0131 ve g\u00fcl ya\u011f\u0131ndan olu\u015fan zengin ya\u011f kar\u0131\u015f\u0131m\u0131 ile sa\u00e7 k\u00f6klerini besleyerek daha sa\u011fl\u0131kl\u0131 uzamas\u0131na, sa\u00e7 u\u00e7lardaki k\u0131r\u0131klar\u0131n azalmas\u0131na yard\u0131mc\u0131 olur. Sa\u00e7 dokusunu d\u00fczelterek y\u0131pranm\u0131\u015f, solgun g\u00f6r\u00fcnen sa\u00e7lar\u0131n g\u00f6r\u00fcn\u00fcm\u00fcn\u00fc d\u00fczeltir. Koparak d\u00f6k\u00fclmeleri azalt\u0131r ve kepek gibi sa\u00e7 derisinde ya\u015fanan sorunlar\u0131n giderilmesine yard\u0131mc\u0131 olur.<\/p>\n<p>2&#8217;li Paket: 2 adet x 100 gr Isparta G\u00fcl Sabunu i\u00e7erir.<\/p>\n","protected":false},"featured_media":9535,"comment_status":"closed","ping_status":"closed","template":"","meta":[],"product_brand":[],"product_cat":[251],"product_tag":[274],"class_list":{"0":"post-2013","1":"product","2":"type-product","3":"status-publish","4":"has-post-thumbnail","6":"product_cat-gul","7":"product_tag-standart","8":"product_shipping_class-2-sinif-kargo","10":"first","11":"instock","12":"shipping-taxable","13":"purchasable","14":"product-type-simple"},"_links":{"self":[{"href":"https:\/\/drose.com.tr\/online\/wp-json\/wp\/v2\/product\/2013","targetHints":{"allow":["GET"]}}],"collection":[{"href":"https:\/\/drose.com.tr\/online\/wp-json\/wp\/v2\/product"}],"about":[{"href":"https:\/\/drose.com.tr\/online\/wp-json\/wp\/v2\/types\/product"}],"replies":[{"embeddable":true,"href":"https:\/\/drose.com.tr\/online\/wp-json\/wp\/v2\/comments?post=2013"}],"wp:featuredmedia":[{"embeddable":true,"href":"https:\/\/drose.com.tr\/online\/wp-json\/wp\/v2\/media\/9535"}],"wp:attachment":[{"href":"https:\/\/drose.com.tr\/online\/wp-json\/wp\/v2\/media?parent=2013"}],"wp:term":[{"taxonomy":"product_brand","embeddable":true,"href":"https:\/\/drose.com.tr\/online\/wp-json\/wp\/v2\/product_brand?post=2013"},{"taxonomy":"product_cat","embeddable":true,"href":"https:\/\/drose.com.tr\/online\/wp-json\/wp\/v2\/product_cat?post=2013"},{"taxonomy":"product_tag","embeddable":true,"href":"https:\/\/drose.com.tr\/online\/wp-json\/wp\/v2\/product_tag?post=2013"}],"curies":[{"name":"wp","href":"https:\/\/api.w.org\/{rel}","templated":true}]}}