{"id":2058,"date":"2015-10-18T15:33:50","date_gmt":"2015-10-18T12:33:50","guid":{"rendered":"https:\/\/drose.com.tr\/online\/?product=nar-karanfil-sabunu-2li-eko-paket"},"modified":"2025-10-23T13:40:41","modified_gmt":"2025-10-23T10:40:41","slug":"nar-karanfil-sabunu-2li-eko-paket","status":"publish","type":"product","link":"https:\/\/drose.com.tr\/online\/urun\/nar-karanfil-sabunu-2li-eko-paket\/","title":{"rendered":"D&#8217;ROSE Nar &#038; Karanfil Sabunu 2&#8217;li Paket"},"content":{"rendered":"<p>Besleyici ve nemlendirici yap\u0131s\u0131yla Do\u011fal Bitkisel Form\u00fcll\u00fc D\u2019ROSE\u00a0Nar &amp; Karanfil Sabunu, i\u00e7eri\u011findeki etkili molek\u00fcller sayesinde, cilt gen\u00e7le\u015fir, canlan\u0131r, yumu\u015fak ve p\u00fcr\u00fczs\u00fcz bir g\u00f6r\u00fcn\u00fcm kazan\u0131r. Sedef, egzama, g\u00fcne\u015f yan\u0131\u011f\u0131, kesikler, \u00e7atlaklar, yaralar, sivilce ve akne izleri gibi cilt problemlerinin \u015fikayetlerinin azalmas\u0131na yard\u0131mc\u0131 olur. Nar \u00e7ekirde\u011fi ya\u011f\u0131nda bulunan punisik asit, ciltte kolajen \u00fcretimini artt\u0131rarak, k\u0131r\u0131\u015f\u0131kl\u0131klar\u0131n \u00f6n\u00fcne ge\u00e7er, gen\u00e7 bir cilt g\u00f6r\u00fcn\u00fcm\u00fc sa\u011flar. \u0130\u00e7eri\u011findeki karanfil ya\u011f\u0131, antiseptik, antiviral ve antifungal etkisiyle mantar hastal\u0131klar\u0131na kar\u015f\u0131 rahatlamaya yard\u0131mc\u0131 olur.<\/p>\n<blockquote><p><strong>HER C\u0130LT T\u0130P\u0130 \u0130\u00c7\u0130N UYGUNDUR.<\/strong><\/p><\/blockquote>\n<p>Do\u011fal Bitkisel Form\u00fcll\u00fc D\u2019ROSE\u00a0Nar &amp; Karanfil Sabunu, zengin bitkisel ya\u011f kar\u0131\u015f\u0131mlar\u0131ndan olu\u015fmaktad\u0131r. Bu zengin ya\u011f kar\u0131\u015f\u0131m\u0131n\u0131n yan\u0131 s\u0131ra nar ve karanfil ya\u011f\u0131 ile g\u00fc\u00e7lendirilmi\u015f olan Do\u011fal Bitkisel Form\u00fcll\u00fc D\u2019ROSE\u00a0Nar &amp; Karanfil Sabunu, zay\u0131f ve k\u0131r\u0131lan sa\u00e7lar i\u00e7in destekleyici ve onar\u0131c\u0131d\u0131r. \u0130\u00e7erdi\u011fi bile\u015fikler, g\u00fc\u00e7l\u00fc antioksidanlar ve vitaminler sa\u00e7lar\u0131n g\u00fc\u00e7lenmesini ve sa\u011fl\u0131kl\u0131 uzamas\u0131n\u0131 sa\u011flar. Kepeklenme, ka\u015f\u0131nt\u0131, kuruluk d\u00f6k\u00fclme gibi sa\u00e7 sorunlar\u0131n\u0131 \u00f6nlemeye yard\u0131mc\u0131 olur.<\/p>\n<p>Sabunlar\u0131m\u0131zdaki cildi nemlendirme, y\u00fcksek kapasitede temizleme \u00f6zelli\u011fi ve cilt \u00fczerindeki \u00f6nemli faydalan\u0131m etkileri i\u00e7eri\u011findeki ya\u011flar\u0131n \u00f6zelliklerinden gelmektedir.<\/p>\n<p><strong>DO\u011eAYA, SA\u011eLI\u011eINIZA VE C\u0130LD\u0130N\u0130ZE DOST\u2026<\/strong><\/p>\n<p><strong>\u0130\u00e7indekiler:<\/strong> Olea Europaea [zeytin] ya\u011f\u0131, Cocos Nucifera [hindistan cevizi] ya\u011f\u0131, Ricinus Communis [hint] ya\u011f\u0131, Prunus armeniaca [kay\u0131s\u0131 \u00e7ekirde\u011fi] ya\u011f\u0131, Butyrospermum Parkii [shea] ya\u011f\u0131, Lavandula Angustifolia [lavanta] ya\u011f\u0131, Punica Granatum [nar \u00e7ekirde\u011fi] ya\u011f\u0131, Syzygium Aromaticum [karanfil] ya\u011f\u0131, do\u011fal kaynak suyu, sodyum hidroksit, tuz, koku.<\/p>\n<p><strong>SLS (SOD\u0130UM LAURYL SULFATE), PARABEN, ALKOL, K\u0130MYASAL SABUN B\u0130LE\u015eENLER\u0130, HAZIR SABUN BAZI VE HAYVANSAL YA\u011e \u0130\u00c7ERMEZ.<\/strong><\/p>\n<p><strong>G\u00f6ze, genital b\u00f6lgeye ve a\u00e7\u0131k yaralara uygulamay\u0131n\u0131z.<\/strong><\/p>\n<p><strong>Kulland\u0131ktan sonra kuru yerde tutunuz.<\/strong><\/p>\n<p>\u00dcr\u00fcnlerimiz el yap\u0131m\u0131 ve el kesimidir. Do\u011fal sabun, yap\u0131s\u0131 gere\u011fi el yap\u0131m\u0131 olmal\u0131d\u0131r. Sabunlar\u0131m\u0131z so\u011fuk proses y\u00f6ntemiyle, i\u00e7eri\u011findeki bitkisel \u00f6zlere hi\u00e7bir zarar vermeden \u00fcretilmektedir. \u00dcr\u00fcnlerimizde temel zeytinya\u011f\u0131n\u0131n yan\u0131nda, t\u00fcm form\u00fclasyonlar\u0131m\u0131zda bulunan hindistan cevizi ya\u011f\u0131, kay\u0131s\u0131 ya\u011f\u0131, hint ya\u011f\u0131 ve shea ya\u011f\u0131 sabunlara dayan\u0131kl\u0131l\u0131k, k\u00f6p\u00fcrme kapasitesinde art\u0131\u015f, cildin derin temizlenmesi, ya\u011f-nem dengesinin korunmas\u0131 gibi ciddi etkinlikler sa\u011flam\u0131\u015ft\u0131r. Ayr\u0131ca her sabunun kendi form\u00fclasyonu \u00e7er\u00e7evesinde; aromatik ve sabit bitkisel ya\u011flar, baharatlar, bitki yaprak ve \u00e7i\u00e7ekleri ile zenginle\u015ftirilmi\u015f, kesinlikle g\u0131da, kozmetik vb. boya kullan\u0131lmam\u0131\u015ft\u0131r.<\/p>\n<p>&nbsp;<\/p>\n<p>&nbsp;<\/p>\n","protected":false},"excerpt":{"rendered":"<p><strong>El Yap\u0131m\u0131 &amp;\u00a0El Kesimi<\/strong><\/p>\n<p>Zeytinya\u011f\u0131, hindistan cevizi ya\u011f\u0131, hint ya\u011f\u0131, kay\u0131s\u0131 \u00e7ekirde\u011fi ya\u011f\u0131, lavanta ya\u011f\u0131, shea ya\u011f\u0131, nar \u00e7ekirde\u011fi ya\u011f\u0131 ve karanfil ya\u011f\u0131ndan olu\u015fan zengin bitkisel ya\u011f kar\u0131\u015f\u0131m\u0131ndan olu\u015fan i\u00e7eri\u011fi ile Do\u011fal Bitkisel Form\u00fcll\u00fc D\u2019ROSE\u00a0Nar &amp; Karanfil Sabunu, y\u00fcksek nemlendirme \u00f6zelli\u011fi ve egzotik kokusuyla, cildinizde uyar\u0131c\u0131 ve canland\u0131r\u0131c\u0131 masaj etkisi hissettirir. Zengin bitkisel ya\u011f kar\u0131\u015f\u0131m\u0131n\u0131n yan\u0131 s\u0131ra nar \u00e7ekirde\u011fi ya\u011f\u0131ndaki antioksidanlar, cildi serbest radikallerin zararlar\u0131na kar\u015f\u0131 korur ve cildin do\u011fal ya\u011f \u00fcretimini dengeler.<\/p>\n<p><strong>2&#8217;li\u00a0Eko Paket:\u00a0<\/strong>2\u00a0adet x 100 gr Nar &amp; Karanfil Sabunu i\u00e7erir.<\/p>\n","protected":false},"featured_media":9524,"comment_status":"closed","ping_status":"closed","template":"","meta":[],"product_brand":[],"product_cat":[259,271],"product_tag":[274],"class_list":{"0":"post-2058","1":"product","2":"type-product","3":"status-publish","4":"has-post-thumbnail","6":"product_cat-nar","7":"product_cat-vitrin","8":"product_tag-standart","9":"product_shipping_class-2-sinif-kargo","11":"first","12":"instock","13":"shipping-taxable","14":"purchasable","15":"product-type-simple"},"_links":{"self":[{"href":"https:\/\/drose.com.tr\/online\/wp-json\/wp\/v2\/product\/2058","targetHints":{"allow":["GET"]}}],"collection":[{"href":"https:\/\/drose.com.tr\/online\/wp-json\/wp\/v2\/product"}],"about":[{"href":"https:\/\/drose.com.tr\/online\/wp-json\/wp\/v2\/types\/product"}],"replies":[{"embeddable":true,"href":"https:\/\/drose.com.tr\/online\/wp-json\/wp\/v2\/comments?post=2058"}],"wp:featuredmedia":[{"embeddable":true,"href":"https:\/\/drose.com.tr\/online\/wp-json\/wp\/v2\/media\/9524"}],"wp:attachment":[{"href":"https:\/\/drose.com.tr\/online\/wp-json\/wp\/v2\/media?parent=2058"}],"wp:term":[{"taxonomy":"product_brand","embeddable":true,"href":"https:\/\/drose.com.tr\/online\/wp-json\/wp\/v2\/product_brand?post=2058"},{"taxonomy":"product_cat","embeddable":true,"href":"https:\/\/drose.com.tr\/online\/wp-json\/wp\/v2\/product_cat?post=2058"},{"taxonomy":"product_tag","embeddable":true,"href":"https:\/\/drose.com.tr\/online\/wp-json\/wp\/v2\/product_tag?post=2058"}],"curies":[{"name":"wp","href":"https:\/\/api.w.org\/{rel}","templated":true}]}}