{"id":2064,"date":"2015-10-18T15:54:12","date_gmt":"2015-10-18T12:54:12","guid":{"rendered":"https:\/\/drose.com.tr\/online\/?product=argan-sabunu-2li-eko-paket"},"modified":"2025-10-23T13:37:49","modified_gmt":"2025-10-23T10:37:49","slug":"argan-sabunu-2li-eko-paket","status":"publish","type":"product","link":"https:\/\/drose.com.tr\/online\/urun\/argan-sabunu-2li-eko-paket\/","title":{"rendered":"D&#8217;ROSE Argan Sabunu 2&#8217;li Paket"},"content":{"rendered":"<p>Do\u011fal Bitkisel Form\u00fcll\u00fc D\u2019ROSE\u00a0Argan Sabunu, i\u00e7eri\u011fini olu\u015fturan zengin bitkisel ya\u011f kar\u0131\u015f\u0131m\u0131 ve argan ya\u011f\u0131ndaki aktif bile\u015fenlerden triterpenoitler ile cildi d\u0131\u015f etkenlere kar\u015f\u0131 korur. Y\u00fcksek E vitamini i\u00e7eri\u011fi cildi nemlendirirken, ya\u015flanma etkilerini azalt\u0131r, k\u0131r\u0131\u015f\u0131kl\u0131klar\u0131 \u00f6nlemeye yard\u0131mc\u0131 olur, daha s\u0131k\u0131 ve canl\u0131 bir cilt dokusu kazand\u0131r\u0131r. \u0130\u00e7erdi\u011fi bile\u015fenler sayesinde yaralar\u0131 iyile\u015ftirir ve cildi g\u00fcne\u015ften korur. Antiseptik \u00f6zelli\u011fi sivilce olu\u015fumunu engellemeye yard\u0131mc\u0131 olur.<\/p>\n<blockquote><p><strong>HER C\u0130LT T\u0130P\u0130 \u0130\u00c7\u0130N UYGUNDUR.<\/strong><\/p><\/blockquote>\n<p>Do\u011fal Bitkisel Form\u00fcll\u00fc D\u2019ROSE\u00a0Argan Sabunu, cilt bak\u0131m\u0131n\u0131n yan\u0131s\u0131ra sa\u00e7lar i\u00e7in de form\u00fcle edilmi\u015ftir. Sa\u00e7 derisini ve sa\u00e7\u0131 nemlendirerek, kepek problemini engellemeye yard\u0131mc\u0131 olur. Sa\u00e7 dokusunu onar\u0131r daha g\u00fc\u00e7l\u00fc, canl\u0131 ve parlak bir sa\u00e7 g\u00f6r\u00fcn\u00fcm\u00fc kazand\u0131r\u0131r.<\/p>\n<p>Do\u011fal bitkisel form\u00fcll\u00fc sabunlar\u0131m\u0131zdaki cildi nemlendirme, y\u00fcksek kapasitede temizleme \u00f6zelli\u011fi ve cilt \u00fczerindeki \u00f6nemli faydalan\u0131m etkileri i\u00e7eri\u011findeki ya\u011flar\u0131n \u00f6zelliklerinden gelmektedir<\/p>\n<p><strong>\u00a0DO\u011eAYA, SA\u011eLI\u011eINIZA VE C\u0130LD\u0130N\u0130ZE DOST\u2026<\/strong><\/p>\n<p><img loading=\"lazy\" decoding=\"async\" class=\"size-full wp-image-2061 alignright\" src=\"https:\/\/drose.com.tr\/online\/wp-content\/uploads\/2015\/08\/argan2.png\" alt=\"argan2\" width=\"292\" height=\"207\" \/><strong>\u0130\u00e7indekiler:<\/strong> Olea Europaea [zeytin] ya\u011f\u0131, Cocos Nucifera [hindistan cevizi] ya\u011f\u0131, Ricinus Communis [hint] ya\u011f\u0131, Prunus armeniaca [kay\u0131s\u0131] ya\u011f\u0131, Butyrospermum Parkii [shea] ya\u011f\u0131, Argania Spinosa [argan] ya\u011f\u0131, Persea gratissima [avokado] ya\u011f\u0131, do\u011fal kaynak suyu, sodyum hidroksit, tuz, koku.<\/p>\n<p><strong>SLS (SOD\u0130UM LAURYL SULFATE), PARABEN, ALKOL, K\u0130MYASAL SABUN B\u0130LE\u015eENLER\u0130, HAZIR SABUN BAZI VE HAYVANSAL YA\u011e \u0130\u00c7ERMEZ.<\/strong><\/p>\n<p><strong>G\u00f6ze, genital b\u00f6lgeye ve a\u00e7\u0131k yaralara uygulamay\u0131n\u0131z.<\/strong><br \/>\n<strong> Kulland\u0131ktan sonra kuru yerde tutunuz.<\/strong><br \/>\n\u00dcr\u00fcnlerimiz el yap\u0131m\u0131 ve el kesimidir. Do\u011fal sabun, yap\u0131s\u0131 gere\u011fi el yap\u0131m\u0131 olmal\u0131d\u0131r. Sabunlar\u0131m\u0131z so\u011fuk proses y\u00f6ntemiyle, i\u00e7eri\u011findeki bitkisel \u00f6zlere hi\u00e7bir zarar vermeden \u00fcretilmektedir. \u00dcr\u00fcnlerimizde temel zeytinya\u011f\u0131n\u0131n yan\u0131nda, t\u00fcm form\u00fclasyonlar\u0131m\u0131zda bulunan hindistan cevizi ya\u011f\u0131, kay\u0131s\u0131 ya\u011f\u0131, hint ya\u011f\u0131 ve shea ya\u011f\u0131 sabunlara dayan\u0131kl\u0131l\u0131k, k\u00f6p\u00fcrme kapasitesinde art\u0131\u015f, cildin derin temizlenmesi, ya\u011f-nem dengesinin korunmas\u0131 gibi ciddi etkinlikler sa\u011flam\u0131\u015ft\u0131r. Ayr\u0131ca her sabunun kendi form\u00fclasyonu \u00e7er\u00e7evesinde; aromatik ve sabit bitkisel ya\u011flar, baharatlar, bitki yaprak ve \u00e7i\u00e7ekleri ile zenginle\u015ftirilmi\u015f, kesinlikle g\u0131da, kozmetik vb. boya kullan\u0131lmam\u0131\u015ft\u0131r.<\/p>\n<p><img loading=\"lazy\" decoding=\"async\" class=\"size-full wp-image-2062\" src=\"https:\/\/drose.com.tr\/online\/wp-content\/uploads\/2015\/08\/argan-yagi.jpg\" alt=\"http:\/\/sac-bakimyagi.blogspot.com\/\" width=\"1600\" height=\"933\" srcset=\"https:\/\/drose.com.tr\/online\/wp-content\/uploads\/2015\/08\/argan-yagi.jpg 1600w, https:\/\/drose.com.tr\/online\/wp-content\/uploads\/2015\/08\/argan-yagi-300x175.jpg 300w, https:\/\/drose.com.tr\/online\/wp-content\/uploads\/2015\/08\/argan-yagi-1024x597.jpg 1024w\" sizes=\"auto, (max-width: 1600px) 100vw, 1600px\" \/><\/p>\n","protected":false},"excerpt":{"rendered":"<p><strong>El Yap\u0131m\u0131 &amp;\u00a0El Kesimi<\/strong><\/p>\n<p>Do\u011fal Bitkisel Form\u00fcll\u00fc D\u2019ROSE\u00a0Argan Sabunu, y\u00fcksek E vitamini ve antioksidan i\u00e7eri\u011fi ile zengin argan ya\u011f\u0131, zeytinya\u011f\u0131, avokado ya\u011f\u0131, kay\u0131s\u0131 \u00e7ekirde\u011fi ya\u011f\u0131, hindistan cevizi ya\u011f\u0131, hint ya\u011f\u0131 ve shea ya\u011f\u0131 ile g\u00fc\u00e7lendirilmi\u015ftir. T\u00fcm cilt tipleri i\u00e7in y\u00fcksek nemlendirici, yumu\u015fat\u0131c\u0131 ve onar\u0131c\u0131d\u0131r.<\/p>\n<p><strong>2&#8217;li Paket:<\/strong>\u00a02\u00a0adet x 100 gr\u00a0Argan Sabunu\u00a0i\u00e7erir.<\/p>\n","protected":false},"featured_media":9520,"comment_status":"closed","ping_status":"closed","template":"","meta":[],"product_brand":[],"product_cat":[248,271],"product_tag":[274],"class_list":{"0":"post-2064","1":"product","2":"type-product","3":"status-publish","4":"has-post-thumbnail","6":"product_cat-argan","7":"product_cat-vitrin","8":"product_tag-standart","9":"product_shipping_class-2-sinif-kargo","11":"first","12":"instock","13":"shipping-taxable","14":"purchasable","15":"product-type-simple"},"_links":{"self":[{"href":"https:\/\/drose.com.tr\/online\/wp-json\/wp\/v2\/product\/2064","targetHints":{"allow":["GET"]}}],"collection":[{"href":"https:\/\/drose.com.tr\/online\/wp-json\/wp\/v2\/product"}],"about":[{"href":"https:\/\/drose.com.tr\/online\/wp-json\/wp\/v2\/types\/product"}],"replies":[{"embeddable":true,"href":"https:\/\/drose.com.tr\/online\/wp-json\/wp\/v2\/comments?post=2064"}],"wp:featuredmedia":[{"embeddable":true,"href":"https:\/\/drose.com.tr\/online\/wp-json\/wp\/v2\/media\/9520"}],"wp:attachment":[{"href":"https:\/\/drose.com.tr\/online\/wp-json\/wp\/v2\/media?parent=2064"}],"wp:term":[{"taxonomy":"product_brand","embeddable":true,"href":"https:\/\/drose.com.tr\/online\/wp-json\/wp\/v2\/product_brand?post=2064"},{"taxonomy":"product_cat","embeddable":true,"href":"https:\/\/drose.com.tr\/online\/wp-json\/wp\/v2\/product_cat?post=2064"},{"taxonomy":"product_tag","embeddable":true,"href":"https:\/\/drose.com.tr\/online\/wp-json\/wp\/v2\/product_tag?post=2064"}],"curies":[{"name":"wp","href":"https:\/\/api.w.org\/{rel}","templated":true}]}}