{"id":2080,"date":"2021-12-19T16:16:57","date_gmt":"2021-12-19T13:16:57","guid":{"rendered":"https:\/\/drose.com.tr\/online\/?product=ardic-katrani-sabunu-2li-eko-paket"},"modified":"2025-10-23T13:31:10","modified_gmt":"2025-10-23T10:31:10","slug":"ardic-katrani-sabunu-2li-eko-paket","status":"publish","type":"product","link":"https:\/\/drose.com.tr\/online\/urun\/ardic-katrani-sabunu-2li-eko-paket\/","title":{"rendered":"D&#8217;ROSE Ard\u0131\u00e7 Katran\u0131 Sabunu 2&#8217;li Paket UYUZ, B\u0130T, EGZAMA, SEDEF, V\u0130T\u0130L\u0130GO, MANTAR, AKNE, S\u0130YAH NOKTA \u0130\u00c7\u0130N YARDIMCI \u00dcR\u00dcN"},"content":{"rendered":"<p>D\u2019ROSE Do\u011fal Bitkisel Form\u00fcll\u00fc Ard\u0131\u00e7 Katran\u0131 Sabunu, zeytinya\u011f\u0131, hindistan cevizi ya\u011f\u0131, avakado ya\u011f\u0131, hint ya\u011f\u0131, kay\u0131s\u0131 \u00e7ekirde\u011fi ya\u011f\u0131, defne ya\u011f\u0131, shea ya\u011f\u0131 ve ard\u0131\u00e7 katran\u0131 ya\u011f\u0131 ile g\u00fc\u00e7lendirilmi\u015f zengin bitkisel ya\u011f kar\u0131\u015f\u0131m\u0131ndan olu\u015fmaktad\u0131r. Antiseptik \u00f6zelli\u011fi sayesinde, mantar, egzama ve sedef hastal\u0131klar\u0131nda mantar ve di\u011fer zararl\u0131 organizmalara kar\u015f\u0131 etki ederek bu rahats\u0131zl\u0131klar\u0131n ortadan kald\u0131r\u0131lmas\u0131na yard\u0131mc\u0131 olur. Akne ve siyah noktalar\u0131n giderilmesine kar\u015f\u0131 etkilidir. Sabun \u00e7e\u015fitlerimizin t\u00fcm\u00fcn\u00fcn i\u00e7eri\u011finde yeralan zeytinya\u011f\u0131 sabuna deri hastal\u0131klar\u0131 tedavisinde m\u00fckemmel bir \u00e7\u00f6z\u00fcm olan antioksidatif \u00f6zellik sa\u011flar.<\/p>\n<blockquote><p><strong>HER C\u0130LT T\u0130P\u0130 \u0130\u00c7\u0130N UYGUNDUR.<\/strong><\/p><\/blockquote>\n<p><a href=\"https:\/\/drose.com.tr\/online\/wp-content\/uploads\/2016\/10\/cocuk2.jpg\"><img loading=\"lazy\" decoding=\"async\" class=\"size-medium wp-image-3725 alignleft\" src=\"https:\/\/drose.com.tr\/online\/wp-content\/uploads\/2016\/10\/cocuk2-300x188.jpg\" alt=\"cocuk2\" width=\"300\" height=\"188\" srcset=\"https:\/\/drose.com.tr\/online\/wp-content\/uploads\/2016\/10\/cocuk2-300x188.jpg 300w, https:\/\/drose.com.tr\/online\/wp-content\/uploads\/2016\/10\/cocuk2.jpg 600w, https:\/\/drose.com.tr\/online\/wp-content\/uploads\/2016\/10\/cocuk2-450x281.jpg 450w\" sizes=\"auto, (max-width: 300px) 100vw, 300px\" \/><\/a>Zengin ya\u011f kar\u0131\u015f\u0131m\u0131 ve ard\u0131\u00e7 katran\u0131 ya\u011f\u0131 ile g\u00fc\u00e7lendirilmi\u015f, D\u2019ROSE Do\u011fal Bitkisel Form\u00fcll\u00fc Ard\u0131\u00e7 Katran\u0131 Sabunu, sa\u00e7 d\u00f6k\u00fclmesini, kepeklenmeyi ortadan kald\u0131r\u0131r, sa\u00e7lara canl\u0131 ve parlak bir g\u00f6r\u00fcn\u00fcm kazand\u0131r\u0131r.\u00a0<strong>Anti-bit tedavisinde,\u00a0\u00e7ocuklar\u0131n\u0131z\u0131n sa\u00e7lar\u0131nda korkmadan g\u00fcvenle kullanabilece\u011finiz en do\u011fal \u00fcr\u00fcnd\u00fcr.<\/strong><\/p>\n<p>Do\u011fal bitkisel form\u00fcll\u00fc\u00a0sabunlar\u0131m\u0131zdaki cildi nemlendirme, y\u00fcksek kapasitede temizleme \u00f6zelli\u011fi ve cilt \u00fczerindeki \u00f6nemli faydalan\u0131m etkileri i\u00e7eri\u011findeki ya\u011flar\u0131n \u00f6zelliklerinden gelmektedir<\/p>\n<p><strong>\u00a0DO\u011eAYA, SA\u011eLI\u011eINIZA VE C\u0130LD\u0130N\u0130ZE DOST\u2026<\/strong><\/p>\n<p>&nbsp;<\/p>\n<p><strong>SLS (SOD\u0130UM LAURYL SULFATE), PARABEN, ALKOL, K\u0130MYASAL SABUN B\u0130LE\u015eENLER\u0130, HAZIR SABUN BAZI VE HAYVANSAL YA\u011e \u0130\u00c7ERMEZ.<\/strong><\/p>\n<p><strong>G\u00f6ze, genital b\u00f6lgeye ve a\u00e7\u0131k yaralara uygulamay\u0131n\u0131z.<\/strong><\/p>\n<p><strong>Kulland\u0131ktan sonra kuru yerde tutunuz.<\/strong><\/p>\n<p>\u00dcr\u00fcnlerimiz el yap\u0131m\u0131 ve el kesimidir. Do\u011fal sabun, yap\u0131s\u0131 gere\u011fi el yap\u0131m\u0131 olmal\u0131d\u0131r. Sabunlar\u0131m\u0131z so\u011fuk proses y\u00f6ntemiyle, i\u00e7eri\u011findeki bitkisel \u00f6zlere hi\u00e7bir zarar vermeden \u00fcretilmektedir. \u00dcr\u00fcnlerimizde temel zeytinya\u011f\u0131n\u0131n yan\u0131nda, t\u00fcm form\u00fclasyonlar\u0131m\u0131zda bulunan hindistan cevizi ya\u011f\u0131, kay\u0131s\u0131 ya\u011f\u0131, hint ya\u011f\u0131 ve shea ya\u011f\u0131 sabunlara dayan\u0131kl\u0131l\u0131k, k\u00f6p\u00fcrme kapasitesinde art\u0131\u015f, cildin derin temizlenmesi, ya\u011f-nem dengesinin korunmas\u0131 gibi ciddi etkinlikler sa\u011flam\u0131\u015ft\u0131r. Ayr\u0131ca her sabunun kendi form\u00fclasyonu \u00e7er\u00e7evesinde; aromatik ve sabit bitkisel ya\u011flar, baharatlar, bitki yaprak ve \u00e7i\u00e7ekleri ile zenginle\u015ftirilmi\u015f, kesinlikle g\u0131da, kozmetik vb. boya kullan\u0131lmam\u0131\u015ft\u0131r.<\/p>\n<p><strong>\u0130\u00e7indekiler:<\/strong> Olea Europaea [zeytin] ya\u011f\u0131, Juniperus oxycedrus [ard\u0131\u00e7 katran\u0131] ya\u011f\u0131, Cocos Nucifera [hindistan cevizi] ya\u011f\u0131, Ricinus Communis [hint] ya\u011f\u0131, Prunus armeniaca [kay\u0131s\u0131] ya\u011f\u0131, Laurus Nobilis [defne] ya\u011f\u0131, Butyrospermum Parkii [shea] ya\u011f\u0131, Persea gratissima [avokado] ya\u011f\u0131, do\u011fal kaynak suyu, sodyum hidroksit, tuz, koku.<\/p>\n<p>&nbsp;<\/p>\n","protected":false},"excerpt":{"rendered":"<p><strong>El Yap\u0131m\u0131 &amp;\u00a0El Kesimi<\/strong><\/p>\n<p>D\u2019ROSE Do\u011fal Bitkisel Form\u00fcll\u00fc Ard\u0131\u00e7 Katran\u0131 Sabunu, zeytinya\u011f\u0131, hindistan cevizi ya\u011f\u0131, avokado ya\u011f\u0131, hint ya\u011f\u0131, kay\u0131s\u0131 \u00e7ekirde\u011fi ya\u011f\u0131, defne ya\u011f\u0131, shea ya\u011f\u0131 ve ard\u0131\u00e7 katran\u0131 ya\u011f\u0131 ile g\u00fc\u00e7lendirilmi\u015f zengin bitkisel ya\u011f kar\u0131\u015f\u0131m\u0131ndan olu\u015fmaktad\u0131r.<\/p>\n<p><strong>2&#8217;li Paket:\u00a0<\/strong>2\u00a0adet x 100 gr Ard\u0131\u00e7 Katran\u0131 Sabunu i\u00e7erir.<\/p>\n","protected":false},"featured_media":9522,"comment_status":"closed","ping_status":"closed","template":"","meta":[],"product_brand":[],"product_cat":[249,271],"product_tag":[274],"class_list":{"0":"post-2080","1":"product","2":"type-product","3":"status-publish","4":"has-post-thumbnail","6":"product_cat-ardic","7":"product_cat-vitrin","8":"product_tag-standart","9":"product_shipping_class-2-sinif-kargo","11":"first","12":"instock","13":"shipping-taxable","14":"purchasable","15":"product-type-simple"},"_links":{"self":[{"href":"https:\/\/drose.com.tr\/online\/wp-json\/wp\/v2\/product\/2080","targetHints":{"allow":["GET"]}}],"collection":[{"href":"https:\/\/drose.com.tr\/online\/wp-json\/wp\/v2\/product"}],"about":[{"href":"https:\/\/drose.com.tr\/online\/wp-json\/wp\/v2\/types\/product"}],"replies":[{"embeddable":true,"href":"https:\/\/drose.com.tr\/online\/wp-json\/wp\/v2\/comments?post=2080"}],"wp:featuredmedia":[{"embeddable":true,"href":"https:\/\/drose.com.tr\/online\/wp-json\/wp\/v2\/media\/9522"}],"wp:attachment":[{"href":"https:\/\/drose.com.tr\/online\/wp-json\/wp\/v2\/media?parent=2080"}],"wp:term":[{"taxonomy":"product_brand","embeddable":true,"href":"https:\/\/drose.com.tr\/online\/wp-json\/wp\/v2\/product_brand?post=2080"},{"taxonomy":"product_cat","embeddable":true,"href":"https:\/\/drose.com.tr\/online\/wp-json\/wp\/v2\/product_cat?post=2080"},{"taxonomy":"product_tag","embeddable":true,"href":"https:\/\/drose.com.tr\/online\/wp-json\/wp\/v2\/product_tag?post=2080"}],"curies":[{"name":"wp","href":"https:\/\/api.w.org\/{rel}","templated":true}]}}