{"id":2101,"date":"2020-04-09T17:17:12","date_gmt":"2020-04-09T14:17:12","guid":{"rendered":"https:\/\/drose.com.tr\/online\/?product=kakao-vanilya-sabunu-4lu-eko-paket"},"modified":"2025-10-23T13:31:49","modified_gmt":"2025-10-23T10:31:49","slug":"kakao-vanilya-sabunu-4lu-eko-paket","status":"publish","type":"product","link":"https:\/\/drose.com.tr\/online\/urun\/kakao-vanilya-sabunu-4lu-eko-paket\/","title":{"rendered":"D&#8217;ROSE Kakao &#038; Vanilya Sabunu 4&#8217;l\u00fc Paket"},"content":{"rendered":"<p>Do\u011fal Bitkisel Form\u00fcll\u00fc D\u2019ROSE\u00a0\u00a0Kakao &amp; Vanilya Sabunu, cildin nemli ve yumu\u015fak kalmas\u0131n\u0131 sa\u011flar. \u0130deal bir nemlendiricidir. G\u00fc\u00e7l\u00fc bir antioksidan \u00f6zelli\u011fi ile cildi yeniler ve ya\u015flanma belirtilerini geciktirir. Hamilelik, kilo al\u0131p verme gibi sebeplerle v\u00fccutta olu\u015fan \u00e7atlaklar\u0131n olu\u015fmas\u0131n\u0131 \u00f6nler. Kakao ya\u011f\u0131n\u0131n, ciltte olu\u015fan \u00e7atlaklar\u0131 onard\u0131\u011f\u0131 ve cildi besledi\u011fi, yumu\u015fatt\u0131\u011f\u0131 bilinmektedir. Parf\u00fcm ve \u00e7e\u015fitli kozmetik \u00fcr\u00fcnlerde kokusu i\u00e7in kullan\u0131lan vanilya, kokusuyla rahatlat\u0131r ve sakinle\u015ftirir. Afrodizyak etkisiyle\u00a0cildi canland\u0131r\u0131r.<\/p>\n<blockquote><p><strong>HER C\u0130LT T\u0130P\u0130 \u0130\u00c7\u0130N UYGUNDUR.<\/strong><\/p><\/blockquote>\n<p>\u0130\u00e7eri\u011fini olu\u015fturan zengin bitkisel ya\u011f kar\u0131\u015f\u0131m\u0131 ile sa\u00e7lara da bak\u0131m yapan Do\u011fal Bitkisel Form\u00fcll\u00fc\u00a0D\u2019ROSE\u00a0Kakao &amp; Vanilya Sabunu,\u00a0d\u00fczenli kullan\u0131m ile sa\u00e7lar\u0131 nemlendirir ve g\u00fc\u00e7lendirir. Sa\u00e7\u0131n h\u0131zl\u0131 uzamas\u0131na yard\u0131mc\u0131 olur.<\/p>\n<p>Do\u011fal bitkisel form\u00fcll\u00fc sabunlar\u0131m\u0131zdaki cildi nemlendirme, y\u00fcksek kapasitede temizleme \u00f6zelli\u011fi ve cilt \u00fczerindeki \u00f6nemli faydalan\u0131m etkileri i\u00e7eri\u011findeki ya\u011flar\u0131n \u00f6zelliklerinden gelmektedir.<\/p>\n<p><strong> DO\u011eAYA, SA\u011eLI\u011eINIZA VE C\u0130LD\u0130N\u0130ZE DOST\u2026<\/strong><\/p>\n<p><strong>\u0130\u00e7indekiler:<\/strong> Olea Europaea [zeytin] ya\u011f\u0131, Cocos Nucifera [hindistan cevizi] ya\u011f\u0131, Ricinus Communis [hint] ya\u011f\u0131, Theobroma cacao [kakao] ya\u011f\u0131, Prunus armeniaca [kay\u0131s\u0131] ya\u011f\u0131, Butyrospermum Parkii [shea] ya\u011f\u0131, vanilya, kakao tozu, do\u011fal kaynak suyu, sodyum hidroksit, tuz, koku.<\/p>\n<p><strong>SLS (SOD\u0130UM LAURYL SULFATE), PARABEN, ALKOL, K\u0130MYASAL SABUN B\u0130LE\u015eENLER\u0130, HAZIR SABUN BAZI VE HAYVANSAL YA\u011e \u0130\u00c7ERMEZ.<\/strong><\/p>\n<p>\u00dcr\u00fcnlerimiz el yap\u0131m\u0131 ve el kesimidir. Do\u011fal sabun, yap\u0131s\u0131 gere\u011fi el yap\u0131m\u0131 olmal\u0131d\u0131r. Sabunlar\u0131m\u0131z so\u011fuk proses y\u00f6ntemiyle, i\u00e7eri\u011findeki bitkisel \u00f6zlere hi\u00e7bir zarar vermeden \u00fcretilmektedir. \u00dcr\u00fcnlerimizde temel zeytinya\u011f\u0131n\u0131n yan\u0131nda, t\u00fcm form\u00fclasyonlar\u0131m\u0131zda bulunan hindistan cevizi ya\u011f\u0131, kay\u0131s\u0131 ya\u011f\u0131, hint ya\u011f\u0131 ve shea ya\u011f\u0131 sabunlara dayan\u0131kl\u0131l\u0131k, k\u00f6p\u00fcrme kapasitesinde art\u0131\u015f, cildin derin temizlenmesi, ya\u011f-nem dengesinin korunmas\u0131 gibi ciddi etkinlikler sa\u011flam\u0131\u015ft\u0131r. Ayr\u0131ca her sabunun kendi form\u00fclasyonu \u00e7er\u00e7evesinde; aromatik ve sabit bitkisel ya\u011flar, baharatlar, bitki yaprak ve \u00e7i\u00e7ekleri ile zenginle\u015ftirilmi\u015f, do\u011fal olarak renklendirilmi\u015f, kesinlikle g\u0131da ve kozmetik vb. boya kullan\u0131lmam\u0131\u015ft\u0131r.<\/p>\n<p><strong>G\u00f6ze, genital b\u00f6lgeye ve a\u00e7\u0131k yaralara uygulamay\u0131n\u0131z.\u00a0Kulland\u0131ktan sonra kuru yerde tutunuz.<\/strong><\/p>\n","protected":false},"excerpt":{"rendered":"<p><strong>4&#8217;l\u00fc Paket<\/strong><\/p>\n<p>El Yap\u0131m\u0131 &amp; El Kesimi<\/p>\n<p>D\u2019ROSE Do\u011fal Bitkisel Form\u00fcll\u00fc Kakao &amp; Vanilya Sabunu, zeytinya\u011f\u0131, hindistan cevizi ya\u011f\u0131, hint ya\u011f\u0131, kay\u0131s\u0131 \u00e7ekirde\u011fi ya\u011f\u0131, shea ya\u011f\u0131, kakao ya\u011f\u0131 ile harmanlanm\u0131\u015f zengin ya\u011f kar\u0131\u015f\u0131m\u0131, vanilya ve kakao tozu ile form\u00fcle edilmi\u015ftir. \u0130\u00e7eri\u011finde cilt i\u00e7in faydal\u0131 antioksidan, mineral ve vitaminler bar\u0131nd\u0131ran zengin bitkisel ya\u011f kar\u0131\u015f\u0131m\u0131 ve kakao ya\u011f\u0131ndaki E vitamini cildi besler, cilde do\u011fal bir parlakl\u0131k ve esneklik kazand\u0131r\u0131r.<\/p>\n<p>4&#8217;l\u00fc Paket: 4 adet x 100 gr Kakao &amp; Vanilya Sabunu i\u00e7erir.<\/p>\n","protected":false},"featured_media":9504,"comment_status":"closed","ping_status":"closed","template":"","meta":[],"product_brand":[],"product_cat":[254,271],"product_tag":[274],"class_list":{"0":"post-2101","1":"product","2":"type-product","3":"status-publish","4":"has-post-thumbnail","6":"product_cat-kakao","7":"product_cat-vitrin","8":"product_tag-standart","9":"product_shipping_class-3-sinif-kargo","11":"first","12":"instock","13":"shipping-taxable","14":"purchasable","15":"product-type-simple"},"_links":{"self":[{"href":"https:\/\/drose.com.tr\/online\/wp-json\/wp\/v2\/product\/2101","targetHints":{"allow":["GET"]}}],"collection":[{"href":"https:\/\/drose.com.tr\/online\/wp-json\/wp\/v2\/product"}],"about":[{"href":"https:\/\/drose.com.tr\/online\/wp-json\/wp\/v2\/types\/product"}],"replies":[{"embeddable":true,"href":"https:\/\/drose.com.tr\/online\/wp-json\/wp\/v2\/comments?post=2101"}],"wp:featuredmedia":[{"embeddable":true,"href":"https:\/\/drose.com.tr\/online\/wp-json\/wp\/v2\/media\/9504"}],"wp:attachment":[{"href":"https:\/\/drose.com.tr\/online\/wp-json\/wp\/v2\/media?parent=2101"}],"wp:term":[{"taxonomy":"product_brand","embeddable":true,"href":"https:\/\/drose.com.tr\/online\/wp-json\/wp\/v2\/product_brand?post=2101"},{"taxonomy":"product_cat","embeddable":true,"href":"https:\/\/drose.com.tr\/online\/wp-json\/wp\/v2\/product_cat?post=2101"},{"taxonomy":"product_tag","embeddable":true,"href":"https:\/\/drose.com.tr\/online\/wp-json\/wp\/v2\/product_tag?post=2101"}],"curies":[{"name":"wp","href":"https:\/\/api.w.org\/{rel}","templated":true}]}}