{"id":2110,"date":"2015-10-18T17:26:12","date_gmt":"2015-10-18T14:26:12","guid":{"rendered":"https:\/\/drose.com.tr\/online\/?product=kekik-limon-sabunu-2li-eko-paket"},"modified":"2025-10-23T13:33:51","modified_gmt":"2025-10-23T10:33:51","slug":"kekik-limon-sabunu-2li-eko-paket","status":"publish","type":"product","link":"https:\/\/drose.com.tr\/online\/urun\/kekik-limon-sabunu-2li-eko-paket\/","title":{"rendered":"D&#8217;ROSE Kekik &#038; Limon Sabunu 2&#8217;L\u0130 PAKET"},"content":{"rendered":"<p>Do\u011fal Bitkisel Form\u00fcll\u00fc D\u2019ROSE Kekik &amp; Limon Sabunu, antimikrobiyel \u00f6zelli\u011fi ile ciltteki bakterileri temizler ve sivilce olu\u015fumunu \u00f6nler. Cildi tazeleyerek, sivilce izlerinin ve lekelerin giderilmesine yard\u0131mc\u0131 olur. Anti ageing \u00f6zelli\u011fi ile ya\u015flanma etkilerinden biri olan k\u0131r\u0131\u015f\u0131kl\u0131klara kar\u015f\u0131 etkilidir. Ciltte olu\u015fan hafif s\u0131yr\u0131k ve yaralar\u0131n iyile\u015fmesinde, mantar, sedef, egzama gibi cilt sorunlar\u0131n\u0131n giderilmesine yard\u0131mc\u0131 olur.<\/p>\n<p>Do\u011fal Bitkisel Form\u00fcll\u00fc D\u2019ROSE Kekik &amp; Limon Sabunu, form\u00fclasyonunda yer alan zengin ya\u011f kar\u0131\u015f\u0131m\u0131 i\u00e7erisindeki antioksidanlar, vitamin ve mineraller ile limon ya\u011f\u0131n\u0131n C vitamini bak\u0131m\u0131ndan zengin yap\u0131s\u0131 cildi yumu\u015fat\u0131r ve nemlendirir. \u0130\u00e7eri\u011findeki limon ya\u011f\u0131 g\u00fc\u00e7l\u00fc bir antioksidan olan d-limonen maddesi i\u00e7erir. Cildi ya\u011fdan ar\u0131nd\u0131r\u0131rken ayn\u0131 zamanda, cildin ya\u011f dengesini korur. Canl\u0131, gergin ve s\u0131k\u0131 bir cilt g\u00f6r\u00fcn\u00fcm\u00fc sa\u011flamaya yard\u0131mc\u0131 olur.<\/p>\n<blockquote><p><strong>HER C\u0130LT T\u0130P\u0130 \u0130\u00c7\u0130N UYGUNDUR.<\/strong><\/p><\/blockquote>\n<p>Do\u011fal Bitkisel Form\u00fcll\u00fc D\u2019ROSE Kekik &amp; Limon Sabunu, \u00e7ok say\u0131da sa\u00e7 bak\u0131m\u0131 i\u00e7in etkili bitkisel ya\u011f kombine edilerek form\u00fcle edilmi\u015f do\u011fal yap\u0131s\u0131yla sa\u00e7lar\u0131n yeniden \u00e7\u0131kmas\u0131na yard\u0131mc\u0131 olurken, sa\u00e7lar\u0131n d\u00f6k\u00fclmesine kar\u015f\u0131 etkilidir.<\/p>\n<p>Do\u011fal bitkisel form\u00fcll\u00fc sabunlar\u0131m\u0131zdaki cildi nemlendirme, y\u00fcksek kapasitede temizleme \u00f6zelli\u011fi ve cilt \u00fczerindeki \u00f6nemli faydalan\u0131m etkileri i\u00e7eri\u011findeki ya\u011flar\u0131n \u00f6zelliklerinden gelmektedir.<\/p>\n<p><strong>D&#8217;ROSE NATUREL KOZMET\u0130K \u00dcR\u00dcNLER\u0130 UZUN S\u00dcREN AR-GE \u00c7ALI\u015eMALARI SONUCUNDA \u00dcRET\u0130LMEKTED\u0130R.<\/strong><br \/>\n<strong> DO\u011eAYA, SA\u011eLI\u011eINIZA VE C\u0130LD\u0130N\u0130ZE DOST\u2026<\/strong><\/p>\n<p><strong>\u0130\u00e7indekiler:<\/strong> Olea Europaea [zeytin] ya\u011f\u0131, Elaeis Guineensis [palmiye] ya\u011f\u0131, Cocos Nucifera [hindistan cevizi] ya\u011f\u0131, Ricinus Communis [hint] ya\u011f\u0131, Prunus armeniaca [kay\u0131s\u0131] ya\u011f\u0131, Butyrospermum Parkii [shea] ya\u011f\u0131, Thymus Vulgaris [kekik] ya\u011f\u0131, Citrus Limonum [limon] ya\u011f\u0131, do\u011fal kaynak suyu, sodyum hidroksit, tuz, koku.<\/p>\n<p><strong>SLS (SOD\u0130UM LAURYL SULFATE), PARF\u00dcM, PARABEN, ALKOL, K\u0130MYASAL SABUN B\u0130LE\u015eENLER\u0130, HAZIR SABUN BAZI VE HAYVANSAL YA\u011e \u0130\u00c7ERMEZ.<\/strong><\/p>\n<p><strong>G\u00f6ze, genital b\u00f6lgeye ve a\u00e7\u0131k yaralara uygulamay\u0131n\u0131z.<\/strong><\/p>\n<p><strong>Kulland\u0131ktan sonra kuru yerde tutunuz.<\/strong><\/p>\n<p>\u00dcr\u00fcnlerimiz el yap\u0131m\u0131 ve el kesimidir. Do\u011fal sabun, yap\u0131s\u0131 gere\u011fi el yap\u0131m\u0131 olmal\u0131d\u0131r. Sabunlar\u0131m\u0131z so\u011fuk proses y\u00f6ntemiyle, i\u00e7eri\u011findeki bitkisel \u00f6zlere hi\u00e7bir zarar vermeden \u00fcretilmektedir. \u00dcr\u00fcnlerimizde temel zeytinya\u011f\u0131n\u0131n yan\u0131nda, t\u00fcm form\u00fclasyonlar\u0131m\u0131zda bulunan palmiye ya\u011f\u0131, hindistan cevizi ya\u011f\u0131, kay\u0131s\u0131 ya\u011f\u0131, hint ya\u011f\u0131 ve shea ya\u011f\u0131 sabunlara dayan\u0131kl\u0131l\u0131k, k\u00f6p\u00fcrme kapasitesinde art\u0131\u015f, cildin derin temizlenmesi, ya\u011f-nem dengesinin korunmas\u0131 gibi ciddi etkinlikler sa\u011flam\u0131\u015ft\u0131r. Ayr\u0131ca her sabunun kendi form\u00fclasyonu \u00e7er\u00e7evesinde; aromatik ve sabit bitkisel ya\u011flar, baharatlar, bitki yaprak ve \u00e7i\u00e7ekleri ile zenginle\u015ftirilmi\u015f, do\u011fal olarak renklendirilmi\u015f, kesinlikle g\u0131da ve kozmetik vb. boya kullan\u0131lmam\u0131\u015ft\u0131r.<\/p>\n<p>&nbsp;<\/p>\n","protected":false},"excerpt":{"rendered":"<p><strong>El Yap\u0131m\u0131 &amp; El Kesimi<\/strong><\/p>\n<p>KARVAKROL \u0130\u00c7ER\u0130R<\/p>\n<p>Do\u011fal Bitkisel Form\u00fcll\u00fc D\u2019ROSE Kekik &amp; Limon Sabunu, zeytinya\u011f\u0131, hindistan cevizi ya\u011f\u0131, hint ya\u011f\u0131, kay\u0131s\u0131 \u00e7ekirde\u011fi ya\u011f\u0131, shea ya\u011f\u0131, kekik ya\u011f\u0131 ve limon ya\u011f\u0131 ile g\u00fc\u00e7lendirilmi\u015f zengin bitkisel ya\u011f kar\u0131\u015f\u0131m\u0131ndan olu\u015fmaktad\u0131r.<\/p>\n<p><strong>2&#8217;li \u00a0Paket:<\/strong>\u00a02\u00a0adet x 100 gr Kekik &amp; Limon Sabunu i\u00e7erir.<\/p>\n","protected":false},"featured_media":8948,"comment_status":"closed","ping_status":"closed","template":"","meta":[],"product_brand":[],"product_cat":[256],"product_tag":[274],"class_list":{"0":"post-2110","1":"product","2":"type-product","3":"status-publish","4":"has-post-thumbnail","6":"product_cat-kekik","7":"product_tag-standart","8":"product_shipping_class-2-sinif-kargo","10":"first","11":"instock","12":"shipping-taxable","13":"purchasable","14":"product-type-simple"},"_links":{"self":[{"href":"https:\/\/drose.com.tr\/online\/wp-json\/wp\/v2\/product\/2110","targetHints":{"allow":["GET"]}}],"collection":[{"href":"https:\/\/drose.com.tr\/online\/wp-json\/wp\/v2\/product"}],"about":[{"href":"https:\/\/drose.com.tr\/online\/wp-json\/wp\/v2\/types\/product"}],"replies":[{"embeddable":true,"href":"https:\/\/drose.com.tr\/online\/wp-json\/wp\/v2\/comments?post=2110"}],"wp:featuredmedia":[{"embeddable":true,"href":"https:\/\/drose.com.tr\/online\/wp-json\/wp\/v2\/media\/8948"}],"wp:attachment":[{"href":"https:\/\/drose.com.tr\/online\/wp-json\/wp\/v2\/media?parent=2110"}],"wp:term":[{"taxonomy":"product_brand","embeddable":true,"href":"https:\/\/drose.com.tr\/online\/wp-json\/wp\/v2\/product_brand?post=2110"},{"taxonomy":"product_cat","embeddable":true,"href":"https:\/\/drose.com.tr\/online\/wp-json\/wp\/v2\/product_cat?post=2110"},{"taxonomy":"product_tag","embeddable":true,"href":"https:\/\/drose.com.tr\/online\/wp-json\/wp\/v2\/product_tag?post=2110"}],"curies":[{"name":"wp","href":"https:\/\/api.w.org\/{rel}","templated":true}]}}