{"id":2121,"date":"2015-10-18T17:38:13","date_gmt":"2015-10-18T14:38:13","guid":{"rendered":"https:\/\/drose.com.tr\/online\/?product=kayisi-bal-sabunu-2li-eko-paket"},"modified":"2025-10-23T13:33:36","modified_gmt":"2025-10-23T10:33:36","slug":"kayisi-bal-sabunu-2li-eko-paket","status":"publish","type":"product","link":"https:\/\/drose.com.tr\/online\/urun\/kayisi-bal-sabunu-2li-eko-paket\/","title":{"rendered":"D&#8217;ROSE Kay\u0131s\u0131 &#038; Bal Sabunu 2&#8217;li Paket"},"content":{"rendered":"<p>Derin nemlendirme ve yumu\u015fatma \u00f6zelli\u011fi ile tam bir cilt bak\u0131m\u0131 yapar. Geleneksel olarak cilt yaralar\u0131n\u0131n tedavisinde kullan\u0131lan bal\u0131n cilde faydalar\u0131 antibakteriyel etkisinden gelmektedir. Mantar, iltihapl\u0131 yaralar ve akne tedavisinde kullan\u0131lan bal ayn\u0131 zamanda egzama gibi cilt hastal\u0131klar\u0131n\u0131n tedavisine yard\u0131mc\u0131 olur. Bal, i\u00e7eri\u011findeki antioksidan ve enzimlerle cildi besleyip nemlendirirken ayn\u0131 zamanda ar\u0131nd\u0131r\u0131p, g\u00f6zeneklerin temiz kalmas\u0131n\u0131 sa\u011flar.<\/p>\n<blockquote><p><strong>HER C\u0130LT T\u0130P\u0130 \u0130\u00c7\u0130N UYGUNDUR.<\/strong><\/p><\/blockquote>\n<p>Do\u011fal Bitkisel Form\u00fcll\u00fc\u00a0D\u2019ROSE Kay\u0131s\u0131 &amp; Bal Sabunu, zengin bitkisel ya\u011f kar\u0131\u015f\u0131m\u0131 form\u00fclasyonu i\u00e7erisindeki antioksidanlar, vitamin ve mineraller ile kay\u0131s\u0131 \u00e7ekirde\u011fi ya\u011f\u0131ndaki A ve E vitaminleri, hasarl\u0131 ve g\u00fcne\u015ften y\u0131pranm\u0131\u015f cildi k\u0131sa s\u00fcrede eski parlakl\u0131\u011f\u0131na kavu\u015ftururken,elastikiyetini korumaya yard\u0131mc\u0131 olur. Kay\u0131s\u0131 \u00e7ekirde\u011fi ya\u011f\u0131 y\u00fcksek C vitamini i\u00e7eri\u011finin yan\u0131 s\u0131ra cilde faydal\u0131 linoleik ve oleik asit gibi esansiyel ya\u011f asitleri ile cildi ya\u011flanmadan yumu\u015fat\u0131r, besler ve canland\u0131r\u0131r. Kay\u0131s\u0131 \u00e7ekirde\u011fi ya\u011f\u0131 cildi derinlemesine nemlendirerek k\u0131r\u0131\u015f\u0131kl\u0131klar\u0131n derinle\u015fmesini ve yeni k\u0131r\u0131\u015f\u0131kl\u0131klar\u0131n olu\u015fmas\u0131n\u0131 geciktirir. Rahatlam\u0131\u015f, nemli, \u0131\u015f\u0131l \u0131\u015f\u0131l bir cilt zemini olu\u015fturur.<\/p>\n<p>Do\u011fal bitkisel form\u00fcll\u00fc sabunlar\u0131m\u0131zdaki cildi nemlendirme, y\u00fcksek kapasitede temizleme \u00f6zelli\u011fi ve cilt \u00fczerindeki \u00f6nemli faydalan\u0131m etkileri i\u00e7eri\u011findeki ya\u011flar\u0131n \u00f6zelliklerinden gelmektedir.<\/p>\n<p><strong>DO\u011eAYA, SA\u011eLI\u011eINIZA VE C\u0130LD\u0130N\u0130ZE DOST\u2026<\/strong><\/p>\n<p><strong>\u0130\u00e7indekiler:<\/strong> Olea Europaea [zeytin] ya\u011f\u0131, Cocos Nucifera [hindistan cevizi] ya\u011f\u0131, Ricinus Communis [hint] ya\u011f\u0131, Prunus armeniaca [kay\u0131s\u0131 \u00e7ekirde\u011fi] ya\u011f\u0131, Mel [bal], Butyrospermum Parkii [shea] ya\u011f\u0131, do\u011fal kaynak suyu, sodyum hidroksit, tuz, koku.<\/p>\n<p><strong>SLS (SOD\u0130UM LAURYL SULFATE), PARF\u00dcM, PARABEN, ALKOL, K\u0130MYASAL SABUN B\u0130LE\u015eENLER\u0130, HAZIR SABUN BAZI VE HAYVANSAL YA\u011e \u0130\u00c7ERMEZ.<\/strong><\/p>\n<p><strong>G\u00f6ze, genital b\u00f6lgeye ve a\u00e7\u0131k yaralara uygulamay\u0131n\u0131z.<\/strong><\/p>\n<p><strong>Kulland\u0131ktan sonra kuru yerde tutunuz.<\/strong><\/p>\n<p>\u00dcr\u00fcnlerimiz el yap\u0131m\u0131 ve el kesimidir. Do\u011fal sabun, yap\u0131s\u0131 gere\u011fi el yap\u0131m\u0131 olmal\u0131d\u0131r. Sabunlar\u0131m\u0131z so\u011fuk proses y\u00f6ntemiyle, i\u00e7eri\u011findeki bitkisel \u00f6zlere hi\u00e7bir zarar vermeden \u00fcretilmektedir. \u00dcr\u00fcnlerimizde temel zeytinya\u011f\u0131n\u0131n yan\u0131nda, t\u00fcm form\u00fclasyonlar\u0131m\u0131zda bulunan hindistan cevizi ya\u011f\u0131, kay\u0131s\u0131 ya\u011f\u0131, hint ya\u011f\u0131 ve shea ya\u011f\u0131 sabunlara dayan\u0131kl\u0131l\u0131k, k\u00f6p\u00fcrme kapasitesinde art\u0131\u015f, cildin derin temizlenmesi, ya\u011f-nem dengesinin korunmas\u0131 gibi ciddi etkinlikler sa\u011flam\u0131\u015ft\u0131r. Ayr\u0131ca her sabunun kendi form\u00fclasyonu \u00e7er\u00e7evesinde; aromatik ve sabit bitkisel ya\u011flar, baharatlar, bitki yaprak ve \u00e7i\u00e7ekleri ile zenginle\u015ftirilmi\u015f, \u00a0kesinlikle g\u0131da ve kozmetik vb. boya kullan\u0131lmam\u0131\u015ft\u0131r.<\/p>\n<p>&nbsp;<\/p>\n","protected":false},"excerpt":{"rendered":"<p><strong>El Yap\u0131m\u0131 &amp;\u00a0El Kesimi<\/strong><\/p>\n<p>Zeytinya\u011f\u0131, hindistan cevizi ya\u011f\u0131, hint ya\u011f\u0131, shea ya\u011f\u0131, kay\u0131s\u0131 \u00e7ekirde\u011fi ya\u011f\u0131 ve bal \u00a0ile harmanlanm\u0131\u015f %100 do\u011fal i\u00e7eri\u011fe sahip D\u2019ROSE Kay\u0131s\u0131 &amp; Bal Sabunu, cildi temizlerken, kremlenir gibi hissettirir.<\/p>\n<p><strong>2&#8217;li Paket:\u00a0<\/strong>2 adet x 100 gr\u00a0D\u2019ROSE Kay\u0131s\u0131 &amp; Bal Sabunu i\u00e7erir.<\/p>\n","protected":false},"featured_media":9517,"comment_status":"closed","ping_status":"closed","template":"","meta":[],"product_brand":[],"product_cat":[255,271],"product_tag":[274],"class_list":{"0":"post-2121","1":"product","2":"type-product","3":"status-publish","4":"has-post-thumbnail","6":"product_cat-kayisi","7":"product_cat-vitrin","8":"product_tag-standart","9":"product_shipping_class-2-sinif-kargo","11":"first","12":"instock","13":"shipping-taxable","14":"purchasable","15":"product-type-simple"},"_links":{"self":[{"href":"https:\/\/drose.com.tr\/online\/wp-json\/wp\/v2\/product\/2121","targetHints":{"allow":["GET"]}}],"collection":[{"href":"https:\/\/drose.com.tr\/online\/wp-json\/wp\/v2\/product"}],"about":[{"href":"https:\/\/drose.com.tr\/online\/wp-json\/wp\/v2\/types\/product"}],"replies":[{"embeddable":true,"href":"https:\/\/drose.com.tr\/online\/wp-json\/wp\/v2\/comments?post=2121"}],"wp:featuredmedia":[{"embeddable":true,"href":"https:\/\/drose.com.tr\/online\/wp-json\/wp\/v2\/media\/9517"}],"wp:attachment":[{"href":"https:\/\/drose.com.tr\/online\/wp-json\/wp\/v2\/media?parent=2121"}],"wp:term":[{"taxonomy":"product_brand","embeddable":true,"href":"https:\/\/drose.com.tr\/online\/wp-json\/wp\/v2\/product_brand?post=2121"},{"taxonomy":"product_cat","embeddable":true,"href":"https:\/\/drose.com.tr\/online\/wp-json\/wp\/v2\/product_cat?post=2121"},{"taxonomy":"product_tag","embeddable":true,"href":"https:\/\/drose.com.tr\/online\/wp-json\/wp\/v2\/product_tag?post=2121"}],"curies":[{"name":"wp","href":"https:\/\/api.w.org\/{rel}","templated":true}]}}