{"id":2176,"date":"2015-08-28T15:35:42","date_gmt":"2015-08-28T12:35:42","guid":{"rendered":"https:\/\/drose.com.tr\/online\/?product=%100-dogal-hamam-sabunu"},"modified":"2025-10-23T13:25:08","modified_gmt":"2025-10-23T10:25:08","slug":"0-dogal-hamam-sabunu","status":"publish","type":"product","link":"https:\/\/drose.com.tr\/online\/urun\/0-dogal-hamam-sabunu\/","title":{"rendered":"D&#8217;ROSE Hamam Sabunu"},"content":{"rendered":"<p><img loading=\"lazy\" decoding=\"async\" class=\"size-medium wp-image-2181 alignleft\" src=\"https:\/\/drose.com.tr\/online\/wp-content\/uploads\/2015\/11\/55-300x300.jpg\" alt=\"55\" width=\"300\" height=\"300\" srcset=\"https:\/\/drose.com.tr\/online\/wp-content\/uploads\/2015\/11\/55-300x300.jpg 300w, https:\/\/drose.com.tr\/online\/wp-content\/uploads\/2015\/11\/55-150x150.jpg 150w, https:\/\/drose.com.tr\/online\/wp-content\/uploads\/2015\/11\/55-1024x1024.jpg 1024w, https:\/\/drose.com.tr\/online\/wp-content\/uploads\/2015\/11\/55-350x350.jpg 350w, https:\/\/drose.com.tr\/online\/wp-content\/uploads\/2015\/11\/55-110x110.jpg 110w, https:\/\/drose.com.tr\/online\/wp-content\/uploads\/2015\/11\/55-400x400.jpg 400w, https:\/\/drose.com.tr\/online\/wp-content\/uploads\/2015\/11\/55-70x70.jpg 70w, https:\/\/drose.com.tr\/online\/wp-content\/uploads\/2015\/11\/55-180x180.jpg 180w, https:\/\/drose.com.tr\/online\/wp-content\/uploads\/2015\/11\/55-600x600.jpg 600w, https:\/\/drose.com.tr\/online\/wp-content\/uploads\/2015\/11\/55-120x120.jpg 120w, https:\/\/drose.com.tr\/online\/wp-content\/uploads\/2015\/11\/55.jpg 1200w\" sizes=\"auto, (max-width: 300px) 100vw, 300px\" \/>Do\u011fal Bitkisel Form\u00fcll\u00fc D\u2019ROSE Hamam Sabunu, i\u00e7eri\u011finde yeralan bitkisel ya\u011f kar\u0131\u015f\u0131m\u0131n\u0131n vitamin, mineral ve antioksidanlar bak\u0131m\u0131ndan zengin yap\u0131s\u0131yla cildi ve sa\u00e7\u0131 nemlendirir, yumu\u015fat\u0131r, beslemeye yard\u0131mc\u0131 olur. Cildi p\u00fcr\u00fczs\u00fcz ve esnek bir hale getirir. Zeytinya\u011f\u0131 ve shea ya\u011f\u0131n\u0131n derin nemlendirme g\u00fcc\u00fc teninizde yumu\u015fak ve ipeksi bir cilt \u00a0dokusu olu\u015fturur. \u0130\u00e7eri\u011finde yeralan zeytinya\u011f\u0131 E, A, B, E, PP vitaminleri ve kalsiyum bak\u0131m\u0131ndan zengindir.<\/p>\n<p>Ciltteki k\u0131zar\u0131kl\u0131klar\u0131n\u0131 ve doku bozulmas\u0131n\u0131 \u00f6nlerken, cilt kurumas\u0131na ve sertle\u015fmesine kar\u015f\u0131 sava\u015f a\u00e7ar. Zeytinya\u011f\u0131 deri hastal\u0131klar\u0131 tedavisinde m\u00fckemmel bir \u00e7\u00f6z\u00fcm olan antioksidatif \u00f6zelliklere sahiptir. Ayn\u0131 zamanda, E Vitamini ve di\u011fer antioksidanlar bak\u0131m\u0131ndan zengin yap\u0131s\u0131yla cilt h\u00fccrelerini tamir ederek daha gen\u00e7 bir g\u00f6r\u00fcn\u00fcm kazand\u0131r\u0131r. Cildi derinlemesine temizler ve cildin do\u011fal ya\u011f \u00fcretimini dengelemeye yard\u0131mc\u0131 olur.<\/p>\n<blockquote><p><strong>HER C\u0130LT T\u0130P\u0130 \u0130\u00c7\u0130N UYGUNDUR.<\/strong><\/p><\/blockquote>\n<p>Do\u011fal Bitkisel Form\u00fcll\u00fc D\u2019ROSE Hamam Sabunu, i\u00e7eri\u011findeki zeytinya\u011f\u0131, hindistan cevizi ya\u011f\u0131, hint ya\u011f\u0131, kay\u0131s\u0131 \u00e7ekirde\u011fi ya\u011f\u0131, shea ya\u011f\u0131, lavanta ya\u011f\u0131 ve avokado ya\u011f\u0131ndan olu\u015fan zengin ya\u011f kar\u0131\u015f\u0131m\u0131 ile sa\u00e7 k\u00f6klerini besleyerek daha sa\u011fl\u0131kl\u0131 uzamas\u0131na, sa\u00e7 u\u00e7lardaki k\u0131r\u0131klar\u0131n azalmas\u0131na yard\u0131mc\u0131 olur. Sa\u00e7 dokusunu d\u00fczelterek y\u0131pranm\u0131\u015f, solgun g\u00f6r\u00fcnen sa\u00e7lar\u0131n g\u00f6r\u00fcn\u00fcm\u00fcn\u00fc d\u00fczeltir. Koparak d\u00f6k\u00fclmeleri azalt\u0131r ve kepek gibi sa\u00e7 derisinde ya\u015fanan sorunlar\u0131n giderilmesine yard\u0131mc\u0131 olur.<\/p>\n<p><strong>DO\u011eAYA, SA\u011eLI\u011eINIZA VE C\u0130LD\u0130N\u0130ZE DOST\u2026<\/strong><\/p>\n<p>Do\u011fal bitkisel form\u00fcll\u00fc\u00a0sabunlar\u0131m\u0131zdaki cildi nemlendirme, y\u00fcksek kapasitede temizleme \u00f6zelli\u011fi ve cilt \u00fczerindeki \u00f6nemli faydalan\u0131m etkileri i\u00e7eri\u011findeki ya\u011flar\u0131n \u00f6zelliklerinden gelmektedir.<\/p>\n<p><strong>SLS (SOD\u0130UM LAURYL SULFATE), PARABEN, ALKOL, K\u0130MYASAL SABUN B\u0130LE\u015eENLER\u0130, HAZIR SABUN BAZI VE HAYVANSAL YA\u011e \u0130\u00c7ERMEZ.<\/strong><\/p>\n<p><strong><a href=\"https:\/\/drose.com.tr\/online\/wp-content\/uploads\/2015\/10\/Olive-Oil.jpg\"><img loading=\"lazy\" decoding=\"async\" class=\"size-medium wp-image-2185 alignleft\" src=\"https:\/\/drose.com.tr\/online\/wp-content\/uploads\/2015\/10\/Olive-Oil-300x188.jpg\" alt=\"Olive-Oil\" width=\"300\" height=\"188\" srcset=\"https:\/\/drose.com.tr\/online\/wp-content\/uploads\/2015\/10\/Olive-Oil-300x188.jpg 300w, https:\/\/drose.com.tr\/online\/wp-content\/uploads\/2015\/10\/Olive-Oil-1024x640.jpg 1024w, https:\/\/drose.com.tr\/online\/wp-content\/uploads\/2015\/10\/Olive-Oil.jpg 1600w\" sizes=\"auto, (max-width: 300px) 100vw, 300px\" \/><\/a>G\u00f6ze, genital b\u00f6lgeye ve a\u00e7\u0131k yaralara uygulamay\u0131n\u0131z.<\/strong><\/p>\n<p><strong>Kulland\u0131ktan sonra kuru yerde tutunuz.<\/strong><\/p>\n<p>\u00dcr\u00fcnlerimiz el yap\u0131m\u0131 ve el kesimidir. Do\u011fal sabun, yap\u0131s\u0131 gere\u011fi el yap\u0131m\u0131 olmal\u0131d\u0131r. Sabunlar\u0131m\u0131z so\u011fuk proses y\u00f6ntemiyle, i\u00e7eri\u011findeki bitkisel \u00f6zlere hi\u00e7bir zarar vermeden \u00fcretilmektedir. \u00dcr\u00fcnlerimizde temel zeytinya\u011f\u0131n\u0131n yan\u0131nda, t\u00fcm form\u00fclasyonlar\u0131m\u0131zda bulunan hindistan cevizi ya\u011f\u0131, kay\u0131s\u0131 ya\u011f\u0131, hint ya\u011f\u0131 ve shea ya\u011f\u0131 sabunlara dayan\u0131kl\u0131l\u0131k, k\u00f6p\u00fcrme kapasitesinde art\u0131\u015f, cildin derin temizlenmesi, ya\u011f-nem dengesinin korunmas\u0131 gibi ciddi etkinlikler sa\u011flam\u0131\u015ft\u0131r. Ayr\u0131ca her sabunun kendi form\u00fclasyonu \u00e7er\u00e7evesinde; aromatik ve sabit bitkisel ya\u011flar, baharatlar, bitki yaprak ve \u00e7i\u00e7ekleri ile zenginle\u015ftirilmi\u015f, kesinlikle g\u0131da, kozmetik vb. boya kullan\u0131lmam\u0131\u015ft\u0131r.<\/p>\n<p>&nbsp;<\/p>\n","protected":false},"excerpt":{"rendered":"<p><strong>Tekli Paket<\/strong><\/p>\n<p><strong>El Yap\u0131m\u0131 &amp;\u00a0El Kesimi<\/strong><\/p>\n<p>Do\u011fal Bitkisel Form\u00fcll\u00fc D\u2019ROSE Hamam Sabunu, zeytinya\u011f\u0131, hindistan cevizi ya\u011f\u0131, hint ya\u011f\u0131, kay\u0131s\u0131 \u00e7ekirde\u011fi ya\u011f\u0131, shea ya\u011f\u0131, lavanta ya\u011f\u0131 ve avokado ya\u011f\u0131ndan olu\u015fan zengin bitkisel ya\u011f i\u00e7eri\u011fi ile T\u00fcrk Hamam\u0131n\u0131n egzotik kokusunu banyonuza ta\u015f\u0131yan nostaljik bir sabundur.<\/p>\n<p><strong>Tekli\u00a0Paket:<\/strong>\u00a01\u00a0adet x 100 gr Hamam\u00a0Sabunu\u00a0i\u00e7erir.<\/p>\n<p>&nbsp;<\/p>\n","protected":false},"featured_media":9521,"comment_status":"closed","ping_status":"closed","template":"","meta":[],"product_brand":[],"product_cat":[252,271],"product_tag":[260,274],"class_list":{"0":"post-2176","1":"product","2":"type-product","3":"status-publish","4":"has-post-thumbnail","6":"product_cat-hamam","7":"product_cat-vitrin","8":"product_tag-home","9":"product_tag-standart","10":"product_shipping_class-1-sinif-kargo","12":"first","13":"instock","14":"shipping-taxable","15":"purchasable","16":"product-type-simple"},"_links":{"self":[{"href":"https:\/\/drose.com.tr\/online\/wp-json\/wp\/v2\/product\/2176","targetHints":{"allow":["GET"]}}],"collection":[{"href":"https:\/\/drose.com.tr\/online\/wp-json\/wp\/v2\/product"}],"about":[{"href":"https:\/\/drose.com.tr\/online\/wp-json\/wp\/v2\/types\/product"}],"replies":[{"embeddable":true,"href":"https:\/\/drose.com.tr\/online\/wp-json\/wp\/v2\/comments?post=2176"}],"wp:featuredmedia":[{"embeddable":true,"href":"https:\/\/drose.com.tr\/online\/wp-json\/wp\/v2\/media\/9521"}],"wp:attachment":[{"href":"https:\/\/drose.com.tr\/online\/wp-json\/wp\/v2\/media?parent=2176"}],"wp:term":[{"taxonomy":"product_brand","embeddable":true,"href":"https:\/\/drose.com.tr\/online\/wp-json\/wp\/v2\/product_brand?post=2176"},{"taxonomy":"product_cat","embeddable":true,"href":"https:\/\/drose.com.tr\/online\/wp-json\/wp\/v2\/product_cat?post=2176"},{"taxonomy":"product_tag","embeddable":true,"href":"https:\/\/drose.com.tr\/online\/wp-json\/wp\/v2\/product_tag?post=2176"}],"curies":[{"name":"wp","href":"https:\/\/api.w.org\/{rel}","templated":true}]}}