{"id":2221,"date":"2023-12-16T11:44:53","date_gmt":"2023-12-16T08:44:53","guid":{"rendered":"https:\/\/drose.com.tr\/online\/?post_type=product&#038;p=2221"},"modified":"2025-10-23T13:30:42","modified_gmt":"2025-10-23T10:30:42","slug":"drose-0-saf-yagli-isparta-gulsuyu","status":"publish","type":"product","link":"https:\/\/drose.com.tr\/online\/urun\/drose-0-saf-yagli-isparta-gulsuyu\/","title":{"rendered":"D&#8217;ROSE NATURAL COSMETIC Rosa Damascena \u0130kili Set"},"content":{"rendered":"<p><b>D&#8217;ROSE NATURAL COSMETIC ROSA DAMESCANA \u0130K\u0130L\u0130 SET<\/b><\/p>\n<p style=\"text-align: justify;\"><strong>DO\u011eAL B\u0130TK\u0130SEL FORM\u00dcLL\u00dc G\u00dcL SABUNU (Rosa Damascena) ve G\u00dcLSUYU<\/strong><\/p>\n<p style=\"text-align: justify;\">Do\u011fal Bitkisel Form\u00fcll\u00fc\u00a0D\u2019ROSE G\u00fcl Sabunu \u201cRosa Damascena\u201d olarak bilinen ve g\u00fcl ya\u011f\u0131 \u00fcretiminde kullan\u0131lan mis kokulu, nadide Isparta g\u00fcl\u00fcn\u00fcn \u00e7i\u00e7ekleri ve g\u00fcl ya\u011f\u0131n\u0131n yan\u0131 s\u0131ra zeytinya\u011f\u0131, hindistan cevizi ya\u011f\u0131, hint ya\u011f\u0131, kay\u0131s\u0131 \u00e7ekirde\u011fi ya\u011f\u0131 ve shea ya\u011f\u0131ndan olu\u015fan zengin bitkisel ya\u011f i\u00e7eri\u011fi ile ger\u00e7ek bir g\u00fcl sabunudur.<\/p>\n<p style=\"text-align: justify;\">Antiseptik ve antebakteriyel \u00f6zelli\u011fi ile siyah noktalar\u0131 ar\u0131nd\u0131r\u0131r, sedef, dermatit, egzama ve di\u011fer cilt problemlerine kar\u015f\u0131 cildi rahatlat\u0131r ve sakinle\u015ftirir. Cildi derinlemesine temizlerken cildin do\u011fal ya\u011f \u00fcretimini dengelemeye yard\u0131mc\u0131 olur. \u0130\u00e7eri\u011finde yeralan zeytinya\u011f\u0131 sabuna deri hastal\u0131klar\u0131 tedavisinde m\u00fckemmel bir \u00e7\u00f6z\u00fcm olan antioksidatif \u00f6zellik sa\u011flar. \u0130\u00e7eri\u011finde yeralan bitkisel ya\u011f kar\u0131\u015f\u0131m\u0131n\u0131n vitamin, mineral ve antioksidanlar bak\u0131m\u0131ndan zengin yap\u0131s\u0131yla cilt h\u00fccrelerini tamir ederek daha gen\u00e7 bir g\u00f6r\u00fcn\u00fcm kazand\u0131r\u0131r. Cildi canland\u0131r\u0131c\u0131, g\u00fc\u00e7lendirici ve s\u0131k\u0131la\u015ft\u0131r\u0131c\u0131 etkisiyle p\u00fcr\u00fczs\u00fcz bir cilt dokusu olu\u015fturur. Yo\u011fun nemlendirici ve yumu\u015fat\u0131c\u0131 \u00f6zelli\u011fe sahip yap\u0131s\u0131yla ciltdeki ince k\u0131r\u0131\u015f\u0131kl\u0131klara kar\u015f\u0131 etkilidir, hassas ve allerjik ciltlerde, cildin g\u00fc\u00e7lenmesine, olu\u015fan k\u0131zar\u0131kl\u0131klar\u0131n yat\u0131\u015ft\u0131r\u0131lmas\u0131na yard\u0131mc\u0131 olur. \u0130\u00e7eri\u011finde bulunan shea ya\u011f\u0131 UV \u0131\u015f\u0131nlar\u0131na kar\u015f\u0131 do\u011fal bir g\u00fcne\u015f koruyucudur.<\/p>\n<blockquote><p><strong>HER C\u0130LT T\u0130P\u0130 \u0130\u00c7\u0130N UYGUNDUR.<\/strong><\/p><\/blockquote>\n<p>Do\u011fal bitkisel form\u00fcll\u00fc\u00a0sabunlar\u0131m\u0131zdaki cildi nemlendirme, y\u00fcksek kapasitede temizleme \u00f6zelli\u011fi ve cilt \u00fczerindeki \u00f6nemli faydalan\u0131m etkileri i\u00e7eri\u011findeki ya\u011flar\u0131n \u00f6zelliklerinden gelmektedir.<\/p>\n<p><strong>DO\u011eAYA, SA\u011eLI\u011eINIZA VE C\u0130LD\u0130N\u0130ZE DOST\u2026<\/strong><\/p>\n<p><a href=\"https:\/\/drose.com.tr\/online\/wp-content\/uploads\/2016\/08\/GULSABUNU.jpg\"><img loading=\"lazy\" decoding=\"async\" class=\"wp-image-9219 size-medium alignleft\" src=\"https:\/\/drose.com.tr\/online\/wp-content\/uploads\/2016\/08\/GULSABUNU-300x214.jpg\" alt=\"\" width=\"300\" height=\"214\" srcset=\"https:\/\/drose.com.tr\/online\/wp-content\/uploads\/2016\/08\/GULSABUNU-300x214.jpg 300w, https:\/\/drose.com.tr\/online\/wp-content\/uploads\/2016\/08\/GULSABUNU-768x548.jpg 768w, https:\/\/drose.com.tr\/online\/wp-content\/uploads\/2016\/08\/GULSABUNU-260x185.jpg 260w, https:\/\/drose.com.tr\/online\/wp-content\/uploads\/2016\/08\/GULSABUNU-705x503.jpg 705w, https:\/\/drose.com.tr\/online\/wp-content\/uploads\/2016\/08\/GULSABUNU-450x321.jpg 450w, https:\/\/drose.com.tr\/online\/wp-content\/uploads\/2016\/08\/GULSABUNU.jpg 800w\" sizes=\"auto, (max-width: 300px) 100vw, 300px\" \/><\/a><\/p>\n<p><strong>SLS (SOD\u0130UM LAURYL SULFATE), PARABEN, ALKOL, K\u0130MYASAL SABUN B\u0130LE\u015eENLER\u0130, HAZIR SABUN BAZI VE HAYVANSAL YA\u011e \u0130\u00c7ERMEZ.<\/strong><\/p>\n<p>Do\u011fal sabun, yap\u0131s\u0131 gere\u011fi el yap\u0131m\u0131 olmal\u0131d\u0131r. Sabunlar\u0131m\u0131z so\u011fuk proses y\u00f6ntemiyle, i\u00e7eri\u011findeki bitkisel \u00f6zlere hi\u00e7bir zarar vermeden \u00fcretilmektedir. \u00dcr\u00fcnlerimizde temel zeytinya\u011f\u0131n\u0131n yan\u0131nda, t\u00fcm form\u00fclasyonlar\u0131m\u0131zda bulunan palmiye ya\u011f\u0131, hindistan cevizi ya\u011f\u0131, kay\u0131s\u0131 ya\u011f\u0131, hint ya\u011f\u0131 ve shea ya\u011f\u0131 sabunlara dayan\u0131kl\u0131l\u0131k, k\u00f6p\u00fcrme kapasitesinde art\u0131\u015f, cildin derin temizlenmesi, ya\u011f-nem dengesinin korunmas\u0131 gibi ciddi etkinlikler sa\u011flam\u0131\u015ft\u0131r. Ayr\u0131ca her sabunun kendi form\u00fclasyonu \u00e7er\u00e7evesinde; aromatik ve sabit bitkisel ya\u011flar, baharatlar, bitki yaprak ve \u00e7i\u00e7ekleri ile zenginle\u015ftirilmi\u015f, do\u011fal olarak renklendirilmi\u015f, kesinlikle g\u0131da ve kozmetik vb. boya kullan\u0131lmam\u0131\u015ft\u0131r.<\/p>\n<p><strong>\u0130\u00e7indekiler:<\/strong>\u00a0Olea Europaea [zeytin] ya\u011f\u0131, Cocos Nucifera [hindistan cevizi] ya\u011f\u0131, Ricinus Communis [hint] ya\u011f\u0131, Prunus armeniaca [kay\u0131s\u0131 \u00e7ekirde\u011fi] ya\u011f\u0131, Butyrospermum Parkii [shea] ya\u011f\u0131, Rosa Damascena \u00e7i\u00e7ekleri, Rosa Damascena ya\u011f\u0131, do\u011fal kaynak suyu, sodyum hidroksit, tuz, koku.<\/p>\n<ul>\n<li>G\u00f6ze, genital b\u00f6lgeye ve a\u00e7\u0131k yaralara uygulamay\u0131n\u0131z.<\/li>\n<li>Kulland\u0131ktan sonra kuru yerde tutunuz.<\/li>\n<li>\u00dcr\u00fcnlerimiz el yap\u0131m\u0131 ve el kesimidir.<\/li>\n<\/ul>\n<p><a href=\"https:\/\/drose.com.tr\/online\/wp-content\/uploads\/2016\/08\/GULSUYU_-scaled.jpg\"><img loading=\"lazy\" decoding=\"async\" class=\"wp-image-9233 size-medium alignleft\" src=\"https:\/\/drose.com.tr\/online\/wp-content\/uploads\/2016\/08\/GULSUYU_-249x300.jpg\" alt=\"\" width=\"249\" height=\"300\" srcset=\"https:\/\/drose.com.tr\/online\/wp-content\/uploads\/2016\/08\/GULSUYU_-249x300.jpg 249w, https:\/\/drose.com.tr\/online\/wp-content\/uploads\/2016\/08\/GULSUYU_-856x1030.jpg 856w, https:\/\/drose.com.tr\/online\/wp-content\/uploads\/2016\/08\/GULSUYU_-768x924.jpg 768w, https:\/\/drose.com.tr\/online\/wp-content\/uploads\/2016\/08\/GULSUYU_-1277x1536.jpg 1277w, https:\/\/drose.com.tr\/online\/wp-content\/uploads\/2016\/08\/GULSUYU_-1703x2048.jpg 1703w, https:\/\/drose.com.tr\/online\/wp-content\/uploads\/2016\/08\/GULSUYU_-1247x1500.jpg 1247w, https:\/\/drose.com.tr\/online\/wp-content\/uploads\/2016\/08\/GULSUYU_-586x705.jpg 586w, https:\/\/drose.com.tr\/online\/wp-content\/uploads\/2016\/08\/GULSUYU_-450x541.jpg 450w\" sizes=\"auto, (max-width: 249px) 100vw, 249px\" \/><\/a><\/p>\n<p><b>%100 SAF G\u00dcL YA\u011eLI G\u00dcLSUYU<\/b><\/p>\n<p>Isparta g\u00fcl bah\u00e7elerinden erken saatlerde toplanan taze g\u00fcl \u00e7i\u00e7eklerinden, bak\u0131r kazan ve odun ate\u015finde geleneksel y\u00f6ntemlerle, su buhar\u0131 distilasyonu sonucu elde edilen ya\u011f\u0131 ayr\u0131lmam\u0131\u015f ve seyreltilmemi\u015f saf g\u00fcl suyudur.<\/p>\n<p>Do\u011fal tonik \u00f6zelli\u011fi ile cildi s\u0131k\u0131la\u015ft\u0131r\u0131r ve nemlendirir.\u00a0 \u0130yi bir cilt temizleyicisi olarak t\u0131kanm\u0131\u015f g\u00f6zenekleri temizleyen \u00a0%100 Saf G\u00fcl Ya\u011fl\u0131 D&#8217;ROSE G\u00fclsuyu d\u00fczenli kullan\u0131ld\u0131\u011f\u0131nda cilt lekelerinin giderilmesine, g\u00f6z alt\u0131 morluklar\u0131n\u0131n ve \u015fi\u015fliklerin azalmas\u0131na yard\u0131mc\u0131 olur. Ciltteki k\u0131zar\u0131kl\u0131klar\u0131 al\u0131r. Do\u011fal yap\u0131s\u0131yla cildin PH de\u011ferini korumas\u0131n\u0131 sa\u011flar.<\/p>\n<p>G\u00fcnl\u00fck y\u00fcz temizli\u011finiz i\u00e7in tek ba\u015f\u0131na\u00a0g\u00fclsuyu kullanabilirsiniz. G\u00f6zalt\u0131n\u0131zdaki koyu halkalar i\u00e7in, g\u00fclsuyu\u00a0uygulad\u0131\u011f\u0131n\u0131z\u00a0makyaj pamu\u011funu g\u00f6z alt\u0131n\u0131zda birka\u00e7 dakika bekletiniz, k\u0131sa s\u00fcrede koyu halkalar\u0131n hafifledi\u011fini g\u00f6recek, rahatl\u0131k hissedeceksiniz.<\/p>\n<p><strong>\u201cA\u011fda, epilasyon gibi uygulamalar sonras\u0131nda g\u00f6zenekleri temizler cildi nemlendirirerek yeniler. Cildi yat\u0131\u015ft\u0131r\u0131rarak ferahl\u0131k ve serinlik hissi verir. T\u00fcm bu ferahlat\u0131c\u0131 ve yenileyici etkileri, cilde parlakl\u0131k sa\u011flar.\u00a0Cildi yumu\u015fat\u0131r ve p\u00fcr\u00fczs\u00fcz bir g\u00f6r\u00fcn\u00fcme kavu\u015fturur.\u201d<\/strong><\/p>\n<p><strong>\u201cErkekler de tra\u015f sonras\u0131 g\u00fclsuyu ile y\u00fczlerini silebilir. %100 Saf G\u00fcl Ya\u011fl\u0131\u00a0D\u2019ROSE G\u00fclsuyu, tahri\u015f olmu\u015f yada yaralanm\u0131\u015f deriyi rahat\u0131r. Cildi yeniler. \u00d6zellikle kuru ciltler i\u00e7in m\u00fckemmel bir nemlendirici g\u00f6revi g\u00f6r\u00fcr. Ho\u015f bir koku sa\u011flar.\u201d<\/strong><\/p>\n<blockquote><p><strong>HER C\u0130LT T\u0130P\u0130 \u0130\u00c7\u0130N UYGUNDUR.<\/strong><\/p><\/blockquote>\n<p style=\"text-align: justify;\">G\u00fcl \u00e7i\u00e7eklerinin i\u015flenmesi esnas\u0131nda elde edilen %100 Saf G\u00fcl Ya\u011fl\u0131 D&#8217;ROSE G\u00fclsuyu kimyasal katk\u0131 maddesi ve hayvansal ya\u011f i\u00e7ermez. Naturel olmas\u0131 ve zararl\u0131 madde i\u00e7ermemesi nedeniyle yiyecek maddeleri ve tatl\u0131larda aroma olarak da kullan\u0131labilir.<\/p>\n<p><b>\u0130\u00e7indekiler: <\/b>%100 Do\u011fal, saf, ya\u011f\u0131 al\u0131nmam\u0131\u015f g\u00fclsuyu.<\/p>\n","protected":false},"excerpt":{"rendered":"<p><b>ROSA DAMESCANA \u0130K\u0130L\u0130 SET<\/b><\/p>\n<p>1 adet 200ml %100 Do\u011fal, saf, ya\u011f\u0131 al\u0131nmam\u0131\u015f G\u00fcl Suyu ve<\/p>\n<p>1 adet 100 gr El yap\u0131m\u0131 &amp; El Kesimi, Do\u011fal Bitkisel Form\u00fcll\u00fc G\u00fcl Sabunu i\u00e7erir.<\/p>\n","protected":false},"featured_media":9234,"comment_status":"closed","ping_status":"closed","template":"","meta":[],"product_brand":[],"product_cat":[263,261,271],"product_tag":[260,274],"class_list":{"0":"post-2221","1":"product","2":"type-product","3":"status-publish","4":"has-post-thumbnail","6":"product_cat-gulsuyu","7":"product_cat-hediye_paketleri","8":"product_cat-vitrin","9":"product_tag-home","10":"product_tag-standart","11":"product_shipping_class-2-sinif-kargo","13":"first","14":"instock","15":"shipping-taxable","16":"purchasable","17":"product-type-simple"},"_links":{"self":[{"href":"https:\/\/drose.com.tr\/online\/wp-json\/wp\/v2\/product\/2221","targetHints":{"allow":["GET"]}}],"collection":[{"href":"https:\/\/drose.com.tr\/online\/wp-json\/wp\/v2\/product"}],"about":[{"href":"https:\/\/drose.com.tr\/online\/wp-json\/wp\/v2\/types\/product"}],"replies":[{"embeddable":true,"href":"https:\/\/drose.com.tr\/online\/wp-json\/wp\/v2\/comments?post=2221"}],"wp:featuredmedia":[{"embeddable":true,"href":"https:\/\/drose.com.tr\/online\/wp-json\/wp\/v2\/media\/9234"}],"wp:attachment":[{"href":"https:\/\/drose.com.tr\/online\/wp-json\/wp\/v2\/media?parent=2221"}],"wp:term":[{"taxonomy":"product_brand","embeddable":true,"href":"https:\/\/drose.com.tr\/online\/wp-json\/wp\/v2\/product_brand?post=2221"},{"taxonomy":"product_cat","embeddable":true,"href":"https:\/\/drose.com.tr\/online\/wp-json\/wp\/v2\/product_cat?post=2221"},{"taxonomy":"product_tag","embeddable":true,"href":"https:\/\/drose.com.tr\/online\/wp-json\/wp\/v2\/product_tag?post=2221"}],"curies":[{"name":"wp","href":"https:\/\/api.w.org\/{rel}","templated":true}]}}