{"id":2224,"date":"2023-12-22T11:46:18","date_gmt":"2023-12-22T08:46:18","guid":{"rendered":"https:\/\/drose.com.tr\/online\/?product=drose-%100-saf-yagli-isparta-gulsuyu"},"modified":"2025-10-23T13:29:07","modified_gmt":"2025-10-23T10:29:07","slug":"drose-0-saf-yagli-isparta-gulsuyu-2","status":"publish","type":"product","link":"https:\/\/drose.com.tr\/online\/urun\/drose-0-saf-yagli-isparta-gulsuyu-2\/","title":{"rendered":"D&#8217;ROSE Saf G\u00fcl Ya\u011fl\u0131 G\u00fclsuyu"},"content":{"rendered":"<p style=\"text-align: justify;\"><strong>D&#8217;ROSE SAF G\u00dcL YA\u011eLI G\u00dcLSUYU\u00a0(Rosa Damascena)\u00a0<\/strong><\/p>\n<p style=\"text-align: justify;\"><a href=\"https:\/\/drose.com.tr\/online\/wp-content\/uploads\/2016\/09\/rosadamascena.jpg\"><img loading=\"lazy\" decoding=\"async\" class=\"size-medium wp-image-3391 alignleft\" src=\"https:\/\/drose.com.tr\/online\/wp-content\/uploads\/2016\/09\/rosadamascena-300x200.jpg\" alt=\"rosadamascena\" width=\"300\" height=\"200\" srcset=\"https:\/\/drose.com.tr\/online\/wp-content\/uploads\/2016\/09\/rosadamascena-300x200.jpg 300w, https:\/\/drose.com.tr\/online\/wp-content\/uploads\/2016\/09\/rosadamascena-768x513.jpg 768w, https:\/\/drose.com.tr\/online\/wp-content\/uploads\/2016\/09\/rosadamascena-1030x687.jpg 1030w, https:\/\/drose.com.tr\/online\/wp-content\/uploads\/2016\/09\/rosadamascena-1500x1001.jpg 1500w, https:\/\/drose.com.tr\/online\/wp-content\/uploads\/2016\/09\/rosadamascena-705x471.jpg 705w, https:\/\/drose.com.tr\/online\/wp-content\/uploads\/2016\/09\/rosadamascena-450x300.jpg 450w\" sizes=\"auto, (max-width: 300px) 100vw, 300px\" \/><\/a>Isparta g\u00fcl bah\u00e7elerinden erken saatlerde toplanan taze g\u00fcl \u00e7i\u00e7eklerinden, bak\u0131r kazan ve odun ate\u015finde geleneksel y\u00f6ntemlerle, su buhar\u0131 distilasyonu sonucu elde edilen ya\u011f\u0131 ayr\u0131lmam\u0131\u015f ve seyreltilmemi\u015f saf g\u00fcl suyudur.<\/p>\n<p>Do\u011fal tonik \u00f6zelli\u011fi ile cildi s\u0131k\u0131la\u015ft\u0131r\u0131r ve nemlendirir.\u00a0 \u0130yi bir cilt temizleyicisi olarak t\u0131kanm\u0131\u015f g\u00f6zenekleri temizleyen \u00a0%100 Saf G\u00fcl Ya\u011fl\u0131 D&#8217;ROSE G\u00fclsuyu d\u00fczenli kullan\u0131ld\u0131\u011f\u0131nda cilt lekelerinin giderilmesine, g\u00f6z alt\u0131 morluklar\u0131n\u0131n ve \u015fi\u015fliklerin azalmas\u0131na yard\u0131mc\u0131 olur. Ciltteki k\u0131zar\u0131kl\u0131klar\u0131 al\u0131r. Do\u011fal yap\u0131s\u0131yla cildin PH de\u011ferini korumas\u0131n\u0131 sa\u011flar.<\/p>\n<p>G\u00fcnl\u00fck y\u00fcz temizli\u011finiz i\u00e7in tek ba\u015f\u0131na\u00a0g\u00fclsuyunu kullanabilirsiniz. G\u00f6zalt\u0131n\u0131zdaki koyu halkalar i\u00e7in, g\u00fclsuyu\u00a0uygulad\u0131\u011f\u0131n\u0131z\u00a0makyaj pamu\u011funu g\u00f6z alt\u0131n\u0131zda birka\u00e7 dakika bekletiniz, k\u0131sa s\u00fcrede koyu halkalar\u0131n hafifledi\u011fini g\u00f6recek, rahatl\u0131k hissedeceksiniz.<\/p>\n<p>&nbsp;<\/p>\n<p><strong>&#8220;A\u011fda, epilasyon gibi uygulamalar sonras\u0131nda g\u00f6zenekleri temizler cildi nemlendirirerek yeniler. Cildi yat\u0131\u015ft\u0131r\u0131rarak ferahl\u0131k ve serinlik hissi verir. T\u00fcm bu ferahlat\u0131c\u0131 ve yenileyici etkileri, cilde parlakl\u0131k sa\u011flar.\u00a0Cildi yumu\u015fat\u0131r ve p\u00fcr\u00fczs\u00fcz bir g\u00f6r\u00fcn\u00fcme kavu\u015fturur.&#8221;<\/strong><\/p>\n<p>&#8220;Erkekler de tra\u015f sonras\u0131 g\u00fclsuyu ile y\u00fczlerini silebilir. %100 Saf G\u00fcl Ya\u011fl\u0131\u00a0D&#8217;ROSE G\u00fclsuyu, tahri\u015f olmu\u015f yada yaralanm\u0131\u015f deriyi rahat\u0131r. Cildi yeniler. \u00d6zellikle kuru ciltler i\u00e7in m\u00fckemmel bir nemlendirici g\u00f6revi g\u00f6r\u00fcr. Ho\u015f bir koku sa\u011flar.&#8221;<\/p>\n<blockquote><p><strong>HER C\u0130LT T\u0130P\u0130 \u0130\u00c7\u0130N UYGUNDUR.<\/strong><\/p><\/blockquote>\n<p>G\u00fcl \u00e7i\u00e7eklerinin i\u015flenmesi esnas\u0131nda elde edilen D&#8217;ROSE %100 Saf G\u00fcl Ya\u011fl\u0131 G\u00fclsuyu kimyasal katk\u0131 maddesi ve hayvansal ya\u011f i\u00e7ermez. Naturel olmas\u0131 ve zararl\u0131 madde i\u00e7ermemesi nedeniyle yiyecek maddeleri ve tatl\u0131larda aroma olarak da kullan\u0131labilir.<\/p>\n<p><strong>DO\u011eAYA, SA\u011eLI\u011eINIZA VE C\u0130LD\u0130N\u0130ZE DOST\u2026<\/strong><\/p>\n<p><strong>\u0130\u00e7indekiler:\u00a0<\/strong>%100 Do\u011fal, saf, ya\u011f\u0131 al\u0131nmam\u0131\u015f g\u00fclsuyu.<\/p>\n<p><strong>PARF\u00dcM, PARABEN, ALKOL VE HAYVANSAL YA\u011e \u0130\u00c7ERMEZ.<\/strong><\/p>\n<p>&nbsp;<\/p>\n<p>&nbsp;<\/p>\n","protected":false},"excerpt":{"rendered":"<p>200 ml\u00a0%100 Do\u011fal, saf, ya\u011f\u0131 al\u0131nmam\u0131\u015f G\u00fclsuyu<\/p>\n","protected":false},"featured_media":9233,"comment_status":"closed","ping_status":"closed","template":"","meta":[],"product_brand":[],"product_cat":[263,271],"product_tag":[260,274],"class_list":{"0":"post-2224","1":"product","2":"type-product","3":"status-publish","4":"has-post-thumbnail","6":"product_cat-gulsuyu","7":"product_cat-vitrin","8":"product_tag-home","9":"product_tag-standart","10":"product_shipping_class-2-sinif-kargo","12":"first","13":"instock","14":"shipping-taxable","15":"purchasable","16":"product-type-simple"},"_links":{"self":[{"href":"https:\/\/drose.com.tr\/online\/wp-json\/wp\/v2\/product\/2224","targetHints":{"allow":["GET"]}}],"collection":[{"href":"https:\/\/drose.com.tr\/online\/wp-json\/wp\/v2\/product"}],"about":[{"href":"https:\/\/drose.com.tr\/online\/wp-json\/wp\/v2\/types\/product"}],"replies":[{"embeddable":true,"href":"https:\/\/drose.com.tr\/online\/wp-json\/wp\/v2\/comments?post=2224"}],"wp:featuredmedia":[{"embeddable":true,"href":"https:\/\/drose.com.tr\/online\/wp-json\/wp\/v2\/media\/9233"}],"wp:attachment":[{"href":"https:\/\/drose.com.tr\/online\/wp-json\/wp\/v2\/media?parent=2224"}],"wp:term":[{"taxonomy":"product_brand","embeddable":true,"href":"https:\/\/drose.com.tr\/online\/wp-json\/wp\/v2\/product_brand?post=2224"},{"taxonomy":"product_cat","embeddable":true,"href":"https:\/\/drose.com.tr\/online\/wp-json\/wp\/v2\/product_cat?post=2224"},{"taxonomy":"product_tag","embeddable":true,"href":"https:\/\/drose.com.tr\/online\/wp-json\/wp\/v2\/product_tag?post=2224"}],"curies":[{"name":"wp","href":"https:\/\/api.w.org\/{rel}","templated":true}]}}