{"id":2499,"date":"2023-12-17T11:07:52","date_gmt":"2023-12-17T08:07:52","guid":{"rendered":"https:\/\/drose.com.tr\/online\/?product=%100-dogal-zeytinyagi-formullu-ardic-katrani-sabunu-ve-biberiye-sabunu"},"modified":"2025-10-23T13:30:01","modified_gmt":"2025-10-23T10:30:01","slug":"0-dogal-zeytinyagi-formullu-ardic-katrani-sabunu-ve-biberiye-sabunu","status":"publish","type":"product","link":"https:\/\/drose.com.tr\/online\/urun\/0-dogal-zeytinyagi-formullu-ardic-katrani-sabunu-ve-biberiye-sabunu\/","title":{"rendered":"D&#8217;ROSE 12&#8217;li Ard\u0131\u00e7 Katran\u0131 &#038; Biberiye Sabunu"},"content":{"rendered":"<p><strong>D\u2019ROSE\u00a012&#8217;L\u0130 ARDI\u00c7 KATRANI ve B\u0130BER\u0130YE SABUNU<\/strong><\/p>\n<p><strong>DO\u011eAL B\u0130TK\u0130SEL FORM\u00dcLL\u00dc \/ EL YAPIMI &amp; EL KES\u0130M\u0130<br \/>\n<\/strong><\/p>\n<p>D\u2019ROSE Ard\u0131\u00e7 Katran\u0131 Sabunu, zeytinya\u011f\u0131, hindistan cevizi ya\u011f\u0131, avakado ya\u011f\u0131, hint ya\u011f\u0131, kay\u0131s\u0131 \u00e7ekirde\u011fi ya\u011f\u0131, defne ya\u011f\u0131, shea ya\u011f\u0131 ve ard\u0131\u00e7 katran\u0131 ya\u011f\u0131 ile g\u00fc\u00e7lendirilmi\u015f zengin bitkisel ya\u011f kar\u0131\u015f\u0131m\u0131ndan olu\u015fmaktad\u0131r.<\/p>\n<p>Antiseptik \u00f6zelli\u011fi sayesinde, mantar, egzama ve sedef hastal\u0131klar\u0131nda mantar ve di\u011fer zararl\u0131 organizmalara kar\u015f\u0131 etki ederek bu rahats\u0131zl\u0131klar\u0131n ortadan kald\u0131r\u0131lmas\u0131na yard\u0131mc\u0131 olur. Akne ve siyah noktalar\u0131n giderilmesine kar\u015f\u0131 etkilidir. Sabun \u00e7e\u015fitlerimizin t\u00fcm\u00fcn\u00fcn i\u00e7eri\u011finde yeralan zeytinya\u011f\u0131 sabuna deri hastal\u0131klar\u0131 tedavisinde m\u00fckemmel bir \u00e7\u00f6z\u00fcm olan antioksidatif \u00f6zellik sa\u011flar.<\/p>\n<blockquote><p><strong>HER C\u0130LT T\u0130P\u0130 \u0130\u00c7\u0130N UYGUNDUR.<\/strong><\/p><\/blockquote>\n<p>Zengin ya\u011f kar\u0131\u015f\u0131m\u0131 ve ard\u0131\u00e7 katran\u0131 ya\u011f\u0131 ile g\u00fc\u00e7lendirilmi\u015f, Do\u011fal Bitkisel Form\u00fcll\u00fc D\u2019ROSE\u00a0Ard\u0131\u00e7 Katran\u0131 Sabunu, sa\u00e7 d\u00f6k\u00fclmesini, kepeklenmeyi ortadan kald\u0131r\u0131r, sa\u00e7lara canl\u0131 ve parlak bir g\u00f6r\u00fcn\u00fcm kazand\u0131r\u0131r.<\/p>\n<p><strong><a href=\"https:\/\/drose.com.tr\/online\/wp-content\/uploads\/2016\/09\/cocuk1.jpg\"><img loading=\"lazy\" decoding=\"async\" class=\"size-medium wp-image-3727 alignleft\" src=\"https:\/\/drose.com.tr\/online\/wp-content\/uploads\/2016\/09\/cocuk1-300x200.jpg\" alt=\"cocuk1\" width=\"300\" height=\"200\" srcset=\"https:\/\/drose.com.tr\/online\/wp-content\/uploads\/2016\/09\/cocuk1-300x200.jpg 300w, https:\/\/drose.com.tr\/online\/wp-content\/uploads\/2016\/09\/cocuk1-768x512.jpg 768w, https:\/\/drose.com.tr\/online\/wp-content\/uploads\/2016\/09\/cocuk1-1030x687.jpg 1030w, https:\/\/drose.com.tr\/online\/wp-content\/uploads\/2016\/09\/cocuk1-1500x1000.jpg 1500w, https:\/\/drose.com.tr\/online\/wp-content\/uploads\/2016\/09\/cocuk1-705x470.jpg 705w, https:\/\/drose.com.tr\/online\/wp-content\/uploads\/2016\/09\/cocuk1-450x300.jpg 450w\" sizes=\"auto, (max-width: 300px) 100vw, 300px\" \/><\/a>Anti-bit tedavisinde,\u00a0\u00e7ocuklar\u0131n\u0131z\u0131n sa\u00e7lar\u0131nda korkmadan g\u00fcvenle kullanabilece\u011finiz en do\u011fal \u00fcr\u00fcnd\u00fcr.<\/strong><\/p>\n<p><strong>DO\u011eAYA, SA\u011eLI\u011eINIZA VE C\u0130LD\u0130N\u0130ZE DOST\u2026<\/strong><\/p>\n<p>Do\u011fal bitkisel form\u00fcll\u00fc sabunlar\u0131m\u0131zdaki cildi nemlendirme, y\u00fcksek kapasitede temizleme \u00f6zelli\u011fi ve cilt \u00fczerindeki \u00f6nemli faydalan\u0131m etkileri i\u00e7eri\u011findeki ya\u011flar\u0131n \u00f6zelliklerinden gelmektedir.<\/p>\n<p>&nbsp;<\/p>\n<p><strong>SLS (SOD\u0130UM LAURYL SULFATE), PARABEN, ALKOL, K\u0130MYASAL SABUN B\u0130LE\u015eENLER\u0130, HAZIR SABUN BAZI VE HAYVANSAL YA\u011e \u0130\u00c7ERMEZ.<\/strong><\/p>\n<p>\u00dcr\u00fcnlerimiz el yap\u0131m\u0131 ve el kesimidir. Do\u011fal sabun, yap\u0131s\u0131 gere\u011fi el yap\u0131m\u0131 olmal\u0131d\u0131r. Sabunlar\u0131m\u0131z so\u011fuk proses y\u00f6ntemiyle, i\u00e7eri\u011findeki bitkisel \u00f6zlere hi\u00e7bir zarar vermeden \u00fcretilmektedir. \u00dcr\u00fcnlerimizde temel zeytinya\u011f\u0131n\u0131n yan\u0131nda, t\u00fcm form\u00fclasyonlar\u0131m\u0131zda bulunan hindistan cevizi ya\u011f\u0131, kay\u0131s\u0131 ya\u011f\u0131, hint ya\u011f\u0131 ve shea ya\u011f\u0131 sabunlara dayan\u0131kl\u0131l\u0131k, k\u00f6p\u00fcrme kapasitesinde art\u0131\u015f, cildin derin temizlenmesi, ya\u011f-nem dengesinin korunmas\u0131 gibi ciddi etkinlikler sa\u011flam\u0131\u015ft\u0131r. Ayr\u0131ca her sabunun kendi form\u00fclasyonu \u00e7er\u00e7evesinde; aromatik ve sabit bitkisel ya\u011flar, baharatlar, bitki yaprak ve \u00e7i\u00e7ekleri ile zenginle\u015ftirilmi\u015f, kesinlikle g\u0131da, kozmetik vb. boya kullan\u0131lmam\u0131\u015ft\u0131r.<\/p>\n<p><strong>\u0130\u00e7indekiler:<\/strong> Olea Europaea [zeytin] ya\u011f\u0131, Juniperus oxycedrus [ard\u0131\u00e7 katran\u0131] ya\u011f\u0131, Cocos Nucifera [hindistan cevizi] ya\u011f\u0131, Ricinus Communis [hint] ya\u011f\u0131, Prunus armeniaca [kay\u0131s\u0131] ya\u011f\u0131, Laurus Nobilis [defne] ya\u011f\u0131, Butyrospermum Parkii [shea] ya\u011f\u0131, Persea gratissima [avokado] ya\u011f\u0131, do\u011fal kaynak suyu, sodyum hidroksit, tuz, koku.<\/p>\n<p><strong>G\u00f6ze, genital b\u00f6lgeye ve a\u00e7\u0131k yaralara uygulamay\u0131n\u0131z.\u00a0Kulland\u0131ktan sonra kuru yerde tutunuz.<\/strong><\/p>\n<p><strong>DO\u011eAL B\u0130TK\u0130SEL FORM\u00dcLL\u00dc D\u2019ROSE\u00a0B\u0130BER\u0130YE SABUNU<\/strong><\/p>\n<p>Do\u011fal Bitkisel Form\u00fcll\u00fc D\u2019ROSE Biberiye Sabunu, zeytinya\u011f\u0131, hindistan cevizi ya\u011f\u0131, hint ya\u011f\u0131, \u00e7am terebentini ya\u011f\u0131, \u0131s\u0131rgan tohumu ya\u011f\u0131, ceviz ya\u011f\u0131, \u00e7\u00f6rek otu ya\u011f\u0131, bu\u011fday ya\u011f\u0131, susam ya\u011f\u0131, \u00fcz\u00fcm \u00e7ekirde\u011fi ya\u011f\u0131, defne ya\u011f\u0131, avokado ya\u011f\u0131, lavanta ya\u011f\u0131 ve biberiye ya\u011f\u0131ndan olu\u015fan zengin ya\u011f kar\u0131\u015f\u0131m\u0131yla size \u015fampuan\u0131 b\u0131rakt\u0131racak bir sa\u00e7 ve cilt bak\u0131m sabunudur.<\/p>\n<p><a href=\"https:\/\/drose.com.tr\/online\/wp-content\/uploads\/2016\/08\/biberiye3.jpg\"><img loading=\"lazy\" decoding=\"async\" class=\"size-medium wp-image-2806 alignright\" src=\"https:\/\/drose.com.tr\/online\/wp-content\/uploads\/2016\/08\/biberiye3-200x300.jpg\" alt=\"biberiye3\" width=\"200\" height=\"300\" srcset=\"https:\/\/drose.com.tr\/online\/wp-content\/uploads\/2016\/08\/biberiye3-200x300.jpg 200w, https:\/\/drose.com.tr\/online\/wp-content\/uploads\/2016\/08\/biberiye3-768x1151.jpg 768w, https:\/\/drose.com.tr\/online\/wp-content\/uploads\/2016\/08\/biberiye3-684x1024.jpg 684w, https:\/\/drose.com.tr\/online\/wp-content\/uploads\/2016\/08\/biberiye3.jpg 801w\" sizes=\"auto, (max-width: 200px) 100vw, 200px\" \/><\/a>Sa\u00e7lar\u0131 besleyerek nem ve ya\u011f dengesini korumaya yard\u0131mc\u0131 olan Do\u011fal Bitkisel Form\u00fcll\u00fc D\u2019ROSE\u00a0Biberiye Sabunu, d\u00fczenli kullan\u0131mda sa\u00e7lardaki d\u00f6k\u00fclmeyi azaltt\u0131\u011f\u0131, dolgunla\u015fmas\u0131nda ve g\u00fc\u00e7lenmesinde yard\u0131mc\u0131 oldu\u011fu g\u00f6zlenmi\u015ftir. Sa\u00e7lar\u0131 yumu\u015fat\u0131p, sa\u00e7 derisini beslerken ayn\u0131 zamanda zay\u0131flam\u0131\u015f sa\u00e7 tellerinin g\u00fc\u00e7lenmesini sa\u011flar. Sa\u00e7 derisindeki kan dola\u015f\u0131m\u0131n\u0131 h\u0131zland\u0131rarak, sa\u00e7 \u00e7\u0131karma ve d\u00f6k\u00fclen sa\u00e7lar\u0131n yerine gelmesine yard\u0131mc\u0131 olur. Sa\u00e7 derisinde olu\u015fan ka\u015f\u0131nt\u0131 ve kepeklenme sorunlar\u0131n\u0131n giderilmesinde etkilidir.<\/p>\n<p><strong>HER C\u0130LT T\u0130P\u0130 \u0130\u00c7\u0130N UYGUNDUR.<\/strong><\/p>\n<p>Do\u011fal Bitkisel Form\u00fcll\u00fc D\u2019ROSE Biberiye Sabunu, anti aging etkisiyle h\u00fccre yenilenmesini art\u0131r\u0131r, \u015fi\u015flikleri azalt\u0131r, cildi s\u0131k\u0131la\u015ft\u0131r\u0131r ve canland\u0131r\u0131r. Ciltteki kan dola\u015f\u0131m\u0131n\u0131 ve oksijen al\u0131m\u0131n\u0131 h\u0131zland\u0131r\u0131c\u0131 etkisiyle cilde dirilik verir. Biberiyenin i\u00e7indeki antioksidanlar ve vitaminler cildi tazeler gen\u00e7 bir g\u00f6r\u00fcn\u00fcm sa\u011flar. Y\u00fczdeki k\u0131lcal damar g\u00f6r\u00fcn\u00fcm\u00fcn\u00fc azalt\u0131r. Antiseptik ve antibakteriyel \u00f6zelli\u011fi ile akneli ciltlerde iyi bir bak\u0131m sabunudur.<\/p>\n<p>Do\u011fal bitkisel form\u00fcll\u00fc sabunlar\u0131m\u0131zdaki cildi nemlendirme, y\u00fcksek kapasitede temizleme \u00f6zelli\u011fi ve cilt \u00fczerindeki \u00f6nemli faydalan\u0131m etkileri i\u00e7eri\u011findeki ya\u011flar\u0131n \u00f6zelliklerinden gelmektedir.<\/p>\n<p><strong>DO\u011eAYA, SA\u011eLI\u011eINIZA VE C\u0130LD\u0130N\u0130ZE DOST\u2026<\/strong><\/p>\n<p><strong>\u0130\u00e7indekiler:<\/strong> Olea Europaea [zeytin] ya\u011f\u0131, Cocos Nucifera [hindistan cevizi] ya\u011f\u0131, Ricinus Communis [hint] ya\u011f\u0131, Oleum Terebinthinae [\u00e7am terebentin] ya\u011f\u0131, Rosmarinus Officinalis [biberiye] ya\u011f\u0131, Urtica pilulifera [\u0131s\u0131rgan tohumu] oil, Juglans regia [ceviz] ya\u011f\u0131, \u00e7\u00f6rek otu ya\u011f\u0131, Triticum aestivum L.[bu\u011fday] ya\u011f\u0131, sesamum Indicum [susam] ya\u011f\u0131, Vitis vinifera [\u00fcz\u00fcm \u00e7ekirde\u011fi] ya\u011f\u0131, Laurus Nobilis [defne] ya\u011f\u0131, Persea gratissima [avokado] ya\u011f\u0131, Lavandula Angustifolia [lavanta] ya\u011f\u0131, biberiye yapraklar\u0131, do\u011fal kaynak suyu, sodyum hidroksit, tuz, koku.<\/p>\n<p><strong>SLS (SOD\u0130UM LAURYL SULFATE), PARABEN, ALKOL, K\u0130MYASAL SABUN B\u0130LE\u015eENLER\u0130, HAZIR SABUN BAZI VE HAYVANSAL YA\u011e \u0130\u00c7ERMEZ.<\/strong><\/p>\n<p><strong>G\u00f6ze, genital b\u00f6lgeye ve a\u00e7\u0131k yaralara uygulamay\u0131n\u0131z.<\/strong><br \/>\n<strong>Kulland\u0131ktan sonra kuru yerde tutunuz.<\/strong><\/p>\n<p>\u00dcr\u00fcnlerimiz el yap\u0131m\u0131 ve el kesimidir. Do\u011fal sabun, yap\u0131s\u0131 gere\u011fi el yap\u0131m\u0131 olmal\u0131d\u0131r. Sabunlar\u0131m\u0131z so\u011fuk proses y\u00f6ntemiyle, i\u00e7eri\u011findeki bitkisel \u00f6zlere hi\u00e7bir zarar vermeden \u00fcretilmektedir. \u00dcr\u00fcnlerimizde temel zeytinya\u011f\u0131n\u0131n yan\u0131nda, t\u00fcm form\u00fclasyonlar\u0131m\u0131zda bulunan hindistan cevizi ya\u011f\u0131, kay\u0131s\u0131 ya\u011f\u0131, hint ya\u011f\u0131 ve shea ya\u011f\u0131 sabunlara dayan\u0131kl\u0131l\u0131k, k\u00f6p\u00fcrme kapasitesinde art\u0131\u015f, cildin derin temizlenmesi, ya\u011f-nem dengesinin korunmas\u0131 gibi ciddi etkinlikler sa\u011flam\u0131\u015ft\u0131r. Ayr\u0131ca her sabunun kendi form\u00fclasyonu \u00e7er\u00e7evesinde; aromatik ve sabit bitkisel ya\u011flar, baharatlar, bitki yaprak ve \u00e7i\u00e7ekleri ile zenginle\u015ftirilmi\u015f, \u00a0kesinlikle g\u0131da, kozmetik vb. boya kullan\u0131lmam\u0131\u015ft\u0131r.<\/p>\n","protected":false},"excerpt":{"rendered":"<p><strong>12\u2019li Paket<\/strong><\/p>\n<p><strong>El Yap\u0131m\u0131 &amp; El Kesimi<\/strong><\/p>\n<p><strong>12&#8217;li\u00a0Ard\u0131\u00e7 Katran\u0131 ve Biberiye Sabunu:<\/strong><br \/>\n6 adet x 80 gr\u00a0Ard\u0131\u00e7 Katran\u0131 Sabunu<br \/>\n6 adet x 80 gr Biberiye Sabunu i\u00e7erir.<\/p>\n","protected":false},"featured_media":2500,"comment_status":"closed","ping_status":"closed","template":"","meta":[],"product_brand":[],"product_cat":[249,250,261,271],"product_tag":[262,260,274],"class_list":{"0":"post-2499","1":"product","2":"type-product","3":"status-publish","4":"has-post-thumbnail","6":"product_cat-ardic","7":"product_cat-biberiye","8":"product_cat-hediye_paketleri","9":"product_cat-vitrin","10":"product_tag-hediye","11":"product_tag-home","12":"product_tag-standart","13":"product_shipping_class-2-sinif-kargo","15":"first","16":"instock","17":"shipping-taxable","18":"purchasable","19":"product-type-simple"},"_links":{"self":[{"href":"https:\/\/drose.com.tr\/online\/wp-json\/wp\/v2\/product\/2499","targetHints":{"allow":["GET"]}}],"collection":[{"href":"https:\/\/drose.com.tr\/online\/wp-json\/wp\/v2\/product"}],"about":[{"href":"https:\/\/drose.com.tr\/online\/wp-json\/wp\/v2\/types\/product"}],"replies":[{"embeddable":true,"href":"https:\/\/drose.com.tr\/online\/wp-json\/wp\/v2\/comments?post=2499"}],"wp:featuredmedia":[{"embeddable":true,"href":"https:\/\/drose.com.tr\/online\/wp-json\/wp\/v2\/media\/2500"}],"wp:attachment":[{"href":"https:\/\/drose.com.tr\/online\/wp-json\/wp\/v2\/media?parent=2499"}],"wp:term":[{"taxonomy":"product_brand","embeddable":true,"href":"https:\/\/drose.com.tr\/online\/wp-json\/wp\/v2\/product_brand?post=2499"},{"taxonomy":"product_cat","embeddable":true,"href":"https:\/\/drose.com.tr\/online\/wp-json\/wp\/v2\/product_cat?post=2499"},{"taxonomy":"product_tag","embeddable":true,"href":"https:\/\/drose.com.tr\/online\/wp-json\/wp\/v2\/product_tag?post=2499"}],"curies":[{"name":"wp","href":"https:\/\/api.w.org\/{rel}","templated":true}]}}