{"id":2829,"date":"2023-12-21T11:47:12","date_gmt":"2023-12-21T08:47:12","guid":{"rendered":"https:\/\/drose.com.tr\/online\/?post_type=product&#038;p=2829"},"modified":"2025-04-29T10:49:30","modified_gmt":"2025-04-29T07:49:30","slug":"drose-gul-ozlu-aromatik-cilt-bakim-kremi","status":"publish","type":"product","link":"https:\/\/drose.com.tr\/online\/urun\/drose-gul-ozlu-aromatik-cilt-bakim-kremi\/","title":{"rendered":"D&#8217;ROSE Rosa Damascena G\u00fcl \u00d6zl\u00fc Aromatik Y\u00fcz Bak\u0131m Kremi"},"content":{"rendered":"<p><strong>D&#8217;ROSE NATURAL COSMETIC\u00a0ROSA DAMASCENA G\u00dcL \u00d6ZL\u00dc AROMAT\u0130K Y\u00dcZ BAKIM KREM\u0130<\/strong><\/p>\n<p>Ya\u015flanma Kar\u015f\u0131t\u0131 &amp; Derinlemesine Nemlendirici<\/p>\n<p>T\u00fcm cilt tipleri i\u00e7in<\/p>\n<p><a href=\"https:\/\/drose.com.tr\/online\/wp-content\/uploads\/2016\/09\/rosadamascena.jpg\"><img loading=\"lazy\" decoding=\"async\" class=\"size-medium wp-image-3391 alignleft\" src=\"https:\/\/drose.com.tr\/online\/wp-content\/uploads\/2016\/09\/rosadamascena-300x200.jpg\" alt=\"rosadamascena\" width=\"300\" height=\"200\" srcset=\"https:\/\/drose.com.tr\/online\/wp-content\/uploads\/2016\/09\/rosadamascena-300x200.jpg 300w, https:\/\/drose.com.tr\/online\/wp-content\/uploads\/2016\/09\/rosadamascena-768x513.jpg 768w, https:\/\/drose.com.tr\/online\/wp-content\/uploads\/2016\/09\/rosadamascena-1030x687.jpg 1030w, https:\/\/drose.com.tr\/online\/wp-content\/uploads\/2016\/09\/rosadamascena-1500x1001.jpg 1500w, https:\/\/drose.com.tr\/online\/wp-content\/uploads\/2016\/09\/rosadamascena-705x471.jpg 705w, https:\/\/drose.com.tr\/online\/wp-content\/uploads\/2016\/09\/rosadamascena-450x300.jpg 450w\" sizes=\"auto, (max-width: 300px) 100vw, 300px\" \/><\/a>Zengin bitkisel ya\u011f kar\u0131\u015f\u0131m\u0131ndan olu\u015fmaktad\u0131r. Ya\u011fl\u0131l\u0131k hissi b\u0131rakmayan do\u011fal yap\u0131s\u0131yla, cildiniz taraf\u0131ndan kolay emilir.<\/p>\n<p>D&#8217;ROSE G\u00fcl \u00d6zl\u00fc Aromatik Y\u00fcz Bak\u0131m Kremi cildinizi ya\u011fland\u0131rmadan nemlendirirken cildin do\u011fal nem dengesini korur.<\/p>\n<p>\u0130\u00e7eri\u011findeki g\u00fcl \u00f6zleriyle cildi yumu\u015fat\u0131r ve p\u00fcr\u00fczs\u00fcz bir doku olu\u015fturur.<\/p>\n<p>Vitamin E ve B5 i\u00e7eri ile g\u00fcnl\u00fck y\u00fcz bak\u0131m\u0131 i\u00e7in idealdir.<\/p>\n<p>&nbsp;<\/p>\n<p><strong>\u0130\u00e7indekiler:\u00a0<\/strong>Rosa Damascena water, Cocos Nucifera [coconut] oil, beeswax, Monogliserol stearat, Simmondsia chinensis [jojoba] oil, sesamum Indicum [sesame] oil, Grapeseed [grape seeds] oil, Prunus armeniaca [apricot] oil, Persea gratissima [avocado] oil, Rosa canina [rosehip] oil, Rosa Damascena essential oil, potasyum sorbat, sitrik asit.<\/p>\n<blockquote><p><strong>HER C\u0130LT T\u0130P\u0130 \u0130\u00c7\u0130N UYGUNDUR.<\/strong><\/p><\/blockquote>\n<p><strong>DO\u011eAYA, SA\u011eLI\u011e<\/strong><strong>INIZA VE C\u0130LD\u0130N\u0130ZE DOST\u2026<\/strong><\/p>\n<p><a href=\"https:\/\/drose.com.tr\/online\/wp-content\/uploads\/2016\/08\/2-2.jpg\"><img loading=\"lazy\" decoding=\"async\" class=\"alignnone size-large wp-image-5081\" src=\"https:\/\/drose.com.tr\/online\/wp-content\/uploads\/2016\/08\/2-2-1030x568.jpg\" alt=\"\" width=\"1030\" height=\"568\" srcset=\"https:\/\/drose.com.tr\/online\/wp-content\/uploads\/2016\/08\/2-2-1030x568.jpg 1030w, https:\/\/drose.com.tr\/online\/wp-content\/uploads\/2016\/08\/2-2-300x165.jpg 300w, https:\/\/drose.com.tr\/online\/wp-content\/uploads\/2016\/08\/2-2-768x424.jpg 768w, https:\/\/drose.com.tr\/online\/wp-content\/uploads\/2016\/08\/2-2-705x389.jpg 705w, https:\/\/drose.com.tr\/online\/wp-content\/uploads\/2016\/08\/2-2-450x248.jpg 450w, https:\/\/drose.com.tr\/online\/wp-content\/uploads\/2016\/08\/2-2.jpg 1378w\" sizes=\"auto, (max-width: 1030px) 100vw, 1030px\" \/><\/a><\/p>\n<p>&nbsp;<\/p>\n<p>&nbsp;<\/p>\n","protected":false},"excerpt":{"rendered":"<p><strong>ROSA DAMASCENA<\/strong><\/p>\n<p>1 x 50 ml Do\u011fal G\u00fcl \u00d6zl\u00fc Y\u00fcz Bak\u0131m Kremi<\/p>\n<p>Ya\u015flanma Kar\u015f\u0131t\u0131 &amp; Derinlemesine Nemlendirici<\/p>\n<p>T\u00fcm cilt tipleri i\u00e7in<\/p>\n<p>Rosa Damascena G\u00fcl \u00d6zl\u00fc Aromatik Y\u00fcz Bak\u0131m Kremi cildinizi ya\u011fland\u0131rmadan nemlendirirken cildin do\u011fal nem dengesini korur.<\/p>\n","protected":false},"featured_media":5082,"comment_status":"closed","ping_status":"closed","template":"","meta":[],"product_brand":[],"product_cat":[251,263,1232,271],"product_tag":[260,274],"class_list":{"0":"post-2829","1":"product","2":"type-product","3":"status-publish","4":"has-post-thumbnail","6":"product_cat-gul","7":"product_cat-gulsuyu","8":"product_cat-krem","9":"product_cat-vitrin","10":"product_tag-home","11":"product_tag-standart","12":"product_shipping_class-2-sinif-kargo","14":"first","15":"instock","16":"shipping-taxable","17":"purchasable","18":"product-type-simple"},"_links":{"self":[{"href":"https:\/\/drose.com.tr\/online\/wp-json\/wp\/v2\/product\/2829","targetHints":{"allow":["GET"]}}],"collection":[{"href":"https:\/\/drose.com.tr\/online\/wp-json\/wp\/v2\/product"}],"about":[{"href":"https:\/\/drose.com.tr\/online\/wp-json\/wp\/v2\/types\/product"}],"replies":[{"embeddable":true,"href":"https:\/\/drose.com.tr\/online\/wp-json\/wp\/v2\/comments?post=2829"}],"wp:featuredmedia":[{"embeddable":true,"href":"https:\/\/drose.com.tr\/online\/wp-json\/wp\/v2\/media\/5082"}],"wp:attachment":[{"href":"https:\/\/drose.com.tr\/online\/wp-json\/wp\/v2\/media?parent=2829"}],"wp:term":[{"taxonomy":"product_brand","embeddable":true,"href":"https:\/\/drose.com.tr\/online\/wp-json\/wp\/v2\/product_brand?post=2829"},{"taxonomy":"product_cat","embeddable":true,"href":"https:\/\/drose.com.tr\/online\/wp-json\/wp\/v2\/product_cat?post=2829"},{"taxonomy":"product_tag","embeddable":true,"href":"https:\/\/drose.com.tr\/online\/wp-json\/wp\/v2\/product_tag?post=2829"}],"curies":[{"name":"wp","href":"https:\/\/api.w.org\/{rel}","templated":true}]}}