{"id":4581,"date":"2018-01-22T14:25:56","date_gmt":"2018-01-22T11:25:56","guid":{"rendered":"https:\/\/drose.com.tr\/online\/?post_type=product&#038;p=4581"},"modified":"2025-10-23T13:24:32","modified_gmt":"2025-10-23T10:24:32","slug":"lavanta-sabunu-tekli-paket","status":"publish","type":"product","link":"https:\/\/drose.com.tr\/online\/urun\/lavanta-sabunu-tekli-paket\/","title":{"rendered":"D&#8217;ROSE Lavanta Sabunu"},"content":{"rendered":"<p style=\"text-align: justify;\">D\u2019ROSE Do\u011fal Bitkisel Form\u00fcll\u00fc\u00a0Lavanta Sabunu, i\u00e7eri\u011finde yeralan bitkisel ya\u011f kar\u0131\u015f\u0131m\u0131, vitamin, mineral ve antioksidanlar bak\u0131m\u0131ndan zengin yap\u0131s\u0131yla cilde yo\u011fun nem sa\u011flayarak cildin tahri\u015f olmas\u0131n\u0131 engeller ve iyile\u015fme s\u00fcrecini h\u0131zland\u0131r\u0131r. Cilt lekelerinin g\u00f6r\u00fcn\u00fcm\u00fcn\u00fc azalt\u0131r.<\/p>\n<blockquote>\n<p style=\"text-align: justify;\"><strong>HER C\u0130LT T\u0130P\u0130 \u0130\u00c7\u0130N UYGUNDUR.<\/strong><\/p>\n<\/blockquote>\n<p style=\"text-align: justify;\">Sa\u00e7 bak\u0131m\u0131nda da g\u00fc\u00e7l\u00fc bir destek olan, D\u2019ROSE Do\u011fal Bitkisel Form\u00fcll\u00fc Lavanta Sabunu, i\u00e7eri\u011findeki lavanta suyu ve lavanta ya\u011f\u0131n\u0131n yan\u0131 s\u0131ra zeytinya\u011f\u0131, hindistan cevizi ya\u011f\u0131, hint ya\u011f\u0131, kay\u0131s\u0131 ya\u011f\u0131 ve shea ya\u011f\u0131ndan olu\u015fan zengin ya\u011f kar\u0131\u015f\u0131m\u0131 ile do\u011fal sa\u00e7 kremi olarak sa\u00e7lar\u0131 beslerken, sa\u00e7 d\u00f6k\u00fclmesi, kuru sa\u00e7 derisi, ka\u015f\u0131nt\u0131 ve kepek problemlerini rahatlatmaya yard\u0131mc\u0131 olur.<\/p>\n<p style=\"text-align: justify;\">Do\u011fal bitkisel form\u00fcll\u00fc\u00a0sabunlar\u0131m\u0131zdaki cildi nemlendirme, y\u00fcksek kapasitede temizleme \u00f6zelli\u011fi ve cilt \u00fczerindeki \u00f6nemli faydalan\u0131m etkileri i\u00e7eri\u011findeki ya\u011flar\u0131n \u00f6zelliklerinden gelmektedir.<\/p>\n<p style=\"text-align: justify;\"><strong>DO\u011eAYA, SA\u011eLI\u011eINIZA VE C\u0130LD\u0130N\u0130ZE DOST\u2026<\/strong><\/p>\n<p style=\"text-align: justify;\"><strong>\u0130\u00e7indekiler:<\/strong> Olea Europaea [zeytin] ya\u011f\u0131, Lavandula Angustifolia [lavanta] ya\u011f\u0131, lavanta suyu, Cocos Nucifera [hindistan cevizi] ya\u011f\u0131, Ricinus Communis [hint] ya\u011f\u0131, Prunus armeniaca [kay\u0131s\u0131] ya\u011f\u0131, Butyrospermum Parkii [shea] ya\u011f\u0131, lavanta \u00e7i\u00e7ekleri, do\u011fal kaynak suyu, sodyum hidroksit, tuz, koku.<\/p>\n<p style=\"text-align: justify;\"><strong>SLS (SOD\u0130UM LAURYL SULFATE), PARF\u00dcM, PARABEN, ALKOL, K\u0130MYASAL SABUN B\u0130LE\u015eENLER\u0130, HAZIR SABUN BAZI VE HAYVANSAL YA\u011e \u0130\u00c7ERMEZ.<\/strong><\/p>\n<p style=\"text-align: justify;\"><strong>G\u00f6ze, genital b\u00f6lgeye ve a\u00e7\u0131k yaralara uygulamay\u0131n\u0131z.<\/strong><\/p>\n<p style=\"text-align: justify;\"><strong>Kulland\u0131ktan sonra kuru yerde tutunuz.<\/strong><\/p>\n<p style=\"text-align: justify;\"><img loading=\"lazy\" decoding=\"async\" class=\"size-medium wp-image-2028 alignright\" src=\"https:\/\/drose.com.tr\/online\/wp-content\/uploads\/2015\/08\/lavanta4-300x200.jpg\" alt=\"lavanta4\" width=\"300\" height=\"200\" srcset=\"https:\/\/drose.com.tr\/online\/wp-content\/uploads\/2015\/08\/lavanta4-300x200.jpg 300w, https:\/\/drose.com.tr\/online\/wp-content\/uploads\/2015\/08\/lavanta4-1024x683.jpg 1024w\" sizes=\"auto, (max-width: 300px) 100vw, 300px\" \/><\/p>\n<p style=\"text-align: justify;\">\u00dcr\u00fcnlerimiz el yap\u0131m\u0131 ve el kesimidir. Do\u011fal sabun, yap\u0131s\u0131 gere\u011fi el yap\u0131m\u0131 olmal\u0131d\u0131r. Sabunlar\u0131m\u0131z so\u011fuk proses y\u00f6ntemiyle, i\u00e7eri\u011findeki bitkisel \u00f6zlere hi\u00e7bir zarar vermeden \u00fcretilmektedir. \u00dcr\u00fcnlerimizde temel zeytinya\u011f\u0131n\u0131n yan\u0131nda, t\u00fcm form\u00fclasyonlar\u0131m\u0131zda bulunan hindistan cevizi ya\u011f\u0131, kay\u0131s\u0131 ya\u011f\u0131, hint ya\u011f\u0131 ve shea ya\u011f\u0131 sabunlara dayan\u0131kl\u0131l\u0131k, k\u00f6p\u00fcrme kapasitesinde art\u0131\u015f, cildin derin temizlenmesi, ya\u011f-nem dengesinin korunmas\u0131 gibi ciddi etkinlikler sa\u011flam\u0131\u015ft\u0131r. Ayr\u0131ca her sabunun kendi form\u00fclasyonu \u00e7er\u00e7evesinde; aromatik ve sabit bitkisel ya\u011flar, baharatlar, bitki yaprak ve \u00e7i\u00e7ekleri ile zenginle\u015ftirilmi\u015f, kesinlikle g\u0131da, kozmetik vb. boya kullan\u0131lmam\u0131\u015ft\u0131r.<\/p>\n<p style=\"text-align: justify;\">\n","protected":false},"excerpt":{"rendered":"<p><strong>El Yap\u0131m\u0131 &amp;\u00a0El Kesimi<\/strong><\/p>\n<p>Lavantan\u0131n muhte\u015fem sakinle\u015ftirici aromas\u0131 ve ho\u015f kokusuyla D\u2019ROSE Do\u011fal Bitkisel Form\u00fcll\u00fc Lavanta Sabunu, yat\u0131\u015ft\u0131r\u0131c\u0131 ve rahatlat\u0131c\u0131 etkiye sahiptir. Cilde canl\u0131l\u0131k ve tazelik verir. Do\u011fal antiseptik \u00f6zelli\u011fiyle sivilce enfeksiyonlar\u0131na yol a\u00e7an bakterilere kar\u015f\u0131 etkilidir. Antiseptik ve antibakteriyel \u00f6zelli\u011fi ayn\u0131 zamanda egzama, yara, yan\u0131k, kesik ve s\u0131yr\u0131klar\u0131n iyile\u015fmesini kolayla\u015ft\u0131r\u0131r.<\/p>\n<p><strong>Tekli\u00a0Paket:<\/strong>\u00a01 adet x 100 gr Lavanta\u00a0Sabunu\u00a0i\u00e7erir.<\/p>\n","protected":false},"featured_media":9514,"comment_status":"closed","ping_status":"closed","template":"","meta":[],"product_brand":[],"product_cat":[275,257,271],"product_tag":[],"class_list":{"0":"post-4581","1":"product","2":"type-product","3":"status-publish","4":"has-post-thumbnail","6":"product_cat-lavanta","7":"product_cat-lavantanar-karanfil","8":"product_cat-vitrin","10":"first","11":"instock","12":"shipping-taxable","13":"purchasable","14":"product-type-simple"},"_links":{"self":[{"href":"https:\/\/drose.com.tr\/online\/wp-json\/wp\/v2\/product\/4581","targetHints":{"allow":["GET"]}}],"collection":[{"href":"https:\/\/drose.com.tr\/online\/wp-json\/wp\/v2\/product"}],"about":[{"href":"https:\/\/drose.com.tr\/online\/wp-json\/wp\/v2\/types\/product"}],"replies":[{"embeddable":true,"href":"https:\/\/drose.com.tr\/online\/wp-json\/wp\/v2\/comments?post=4581"}],"wp:featuredmedia":[{"embeddable":true,"href":"https:\/\/drose.com.tr\/online\/wp-json\/wp\/v2\/media\/9514"}],"wp:attachment":[{"href":"https:\/\/drose.com.tr\/online\/wp-json\/wp\/v2\/media?parent=4581"}],"wp:term":[{"taxonomy":"product_brand","embeddable":true,"href":"https:\/\/drose.com.tr\/online\/wp-json\/wp\/v2\/product_brand?post=4581"},{"taxonomy":"product_cat","embeddable":true,"href":"https:\/\/drose.com.tr\/online\/wp-json\/wp\/v2\/product_cat?post=4581"},{"taxonomy":"product_tag","embeddable":true,"href":"https:\/\/drose.com.tr\/online\/wp-json\/wp\/v2\/product_tag?post=4581"}],"curies":[{"name":"wp","href":"https:\/\/api.w.org\/{rel}","templated":true}]}}