{"id":8835,"date":"2020-05-05T13:35:42","date_gmt":"2020-05-05T10:35:42","guid":{"rendered":"https:\/\/drose.com.tr\/online\/?post_type=product&#038;p=8835"},"modified":"2025-10-23T13:36:01","modified_gmt":"2025-10-23T10:36:01","slug":"drose-mixblock","status":"publish","type":"product","link":"https:\/\/drose.com.tr\/online\/urun\/drose-mixblock\/","title":{"rendered":"D\u2019ROSE MIXBLOCK Bitkisel Hijyen 150ML"},"content":{"rendered":"<p><strong>D\u2019ROSE MIXBLOCK\u00a0 %100 Bitkisel i\u00e7erikli\u00a0 hijyen \u00fcr\u00fcn\u00fcd\u00fcr.\u00a0<\/strong><\/p>\n<p><a href=\"https:\/\/drose.com.tr\/online\/wp-content\/uploads\/2020\/05\/lavanta1.jpg\"><img loading=\"lazy\" decoding=\"async\" class=\"size-medium wp-image-8840 alignleft\" src=\"https:\/\/drose.com.tr\/online\/wp-content\/uploads\/2020\/05\/lavanta1-300x224.jpg\" alt=\"\" width=\"300\" height=\"224\" srcset=\"https:\/\/drose.com.tr\/online\/wp-content\/uploads\/2020\/05\/lavanta1-300x224.jpg 300w, https:\/\/drose.com.tr\/online\/wp-content\/uploads\/2020\/05\/lavanta1-768x573.jpg 768w, https:\/\/drose.com.tr\/online\/wp-content\/uploads\/2020\/05\/lavanta1-705x526.jpg 705w, https:\/\/drose.com.tr\/online\/wp-content\/uploads\/2020\/05\/lavanta1-450x336.jpg 450w, https:\/\/drose.com.tr\/online\/wp-content\/uploads\/2020\/05\/lavanta1.jpg 995w\" sizes=\"auto, (max-width: 300px) 100vw, 300px\" \/><\/a>Kullanmadan \u00f6nce \u00e7alkalay\u0131n\u0131z. Sprey \u015feklinde s\u0131k\u0131larak uygulan\u0131r.<\/p>\n<p>3-4 saatte bir odaya, kullan\u0131lan e\u015fyalar\u0131n \u00fczerine, elbiselere, havlu ve \u00e7ar\u015faflara sprey uygulanmas\u0131 ayr\u0131ca temas edilen y\u00fczeylere s\u0131k\u0131larak, ka\u011f\u0131t pe\u00e7eteyle silinmesi, do\u011fal hijyen sa\u011flamaya yard\u0131mc\u0131 olur.<\/p>\n<p><strong>DO\u011eAYA, SA\u011eLI\u011eINIZA VE C\u0130LD\u0130N\u0130ZE DOST\u2026<\/strong><\/p>\n<p>Yatak odas\u0131na ya da yast\u0131\u011fa sprey uygulanmas\u0131, rahat bir uyku ve do\u011fal hijyen sa\u011flamaya yard\u0131mc\u0131 olur. Kar\u0131\u015f\u0131mdaki t\u00fcm\u00a0 hidrolatlar\u0131n ve \u00f6z ya\u011flar\u0131n sakinle\u015ftirici,\u00a0 ferahlat\u0131c\u0131 \u00f6zelli\u011finden dolay\u0131 v\u00fccut frekans enerjisini y\u00fckselterek imm\u00fcn sistemin g\u00fc\u00e7lenmesine yard\u0131mc\u0131 olur.<\/p>\n<p>&nbsp;<\/p>\n<p><strong>%100 bitkisel i\u00e7erikli hijyen \u00fcr\u00fcn\u00fcd\u00fcr. Alkol, paraben ve petrol t\u00fcrevleri i\u00e7ermez.<\/strong><\/p>\n<p><a href=\"https:\/\/drose.com.tr\/online\/wp-content\/uploads\/2020\/05\/Rosemary-oil.jpg\"><img loading=\"lazy\" decoding=\"async\" class=\"size-medium wp-image-8841 alignright\" src=\"https:\/\/drose.com.tr\/online\/wp-content\/uploads\/2020\/05\/Rosemary-oil-200x300.jpg\" alt=\"\" width=\"200\" height=\"300\" srcset=\"https:\/\/drose.com.tr\/online\/wp-content\/uploads\/2020\/05\/Rosemary-oil-200x300.jpg 200w, https:\/\/drose.com.tr\/online\/wp-content\/uploads\/2020\/05\/Rosemary-oil-688x1030.jpg 688w, https:\/\/drose.com.tr\/online\/wp-content\/uploads\/2020\/05\/Rosemary-oil-768x1151.jpg 768w, https:\/\/drose.com.tr\/online\/wp-content\/uploads\/2020\/05\/Rosemary-oil-471x705.jpg 471w, https:\/\/drose.com.tr\/online\/wp-content\/uploads\/2020\/05\/Rosemary-oil-450x674.jpg 450w, https:\/\/drose.com.tr\/online\/wp-content\/uploads\/2020\/05\/Rosemary-oil.jpg 801w\" sizes=\"auto, (max-width: 200px) 100vw, 200px\" \/><\/a><\/p>\n<p><strong>%100 B\u0130TK\u0130SEL \u0130\u00c7ER\u0130K<\/strong><\/p>\n<p>Su buhar\u0131 distilasyonu y\u00f6ntemi ile elde edilen lavanta hidrolat\u0131 ve kekik hidrolat\u0131 ile i\u00e7erisindeki dokuz adet aromatik ya\u011f\u0131n kar\u0131\u015f\u0131m\u0131 ile form\u00fcle edilmi\u015ftir.<\/p>\n<p><strong>3 ya\u015f alt\u0131 bebekler ile hamileler ve i\u00e7erisindeki \u00f6z ya\u011flara kar\u015f\u0131 herhangi bir hassasiyeti olanlar\u0131n \u00fcr\u00fcn\u00fc kullanmas\u0131 \u00f6nerilmemektedir.<\/strong><\/p>\n<p>&nbsp;<\/p>\n","protected":false},"excerpt":{"rendered":"<p>Kullanmadan \u00f6nce \u00e7alkalay\u0131n\u0131z. \u00a0Sprey \u015feklinde s\u0131k\u0131larak uygulan\u0131r.<\/p>\n<p>KARVAKROL \u0130\u00c7ER\u0130R<\/p>\n<p><strong>%100 bitkisel i\u00e7erikli hijyen \u00fcr\u00fcn\u00fcd\u00fcr. Alkol, paraben ve petrol t\u00fcrevleri i\u00e7ermez.<\/strong><\/p>\n<p>Su buhar\u0131 distilasyonu y\u00f6ntemi ile elde edilen lavanta hidrolat\u0131 ve kekik hidrolat\u0131 ile i\u00e7erisindeki dokuz adet aromatik ya\u011f\u0131n kar\u0131\u015f\u0131m\u0131 ile form\u00fcle edilmi\u015ftir.<\/p>\n<p>3-4 saatte bir odaya, kullan\u0131lan e\u015fyalar\u0131n \u00fczerine, elbiselere, havlu ve \u00e7ar\u015faflara sprey uygulanmas\u0131 ayr\u0131ca temas edilen y\u00fczeylere s\u0131k\u0131larak, ka\u011f\u0131t pe\u00e7eteyle silinmesi, do\u011fal hijyen sa\u011flamaya yard\u0131mc\u0131 olur.<\/p>\n<p>&nbsp;<\/p>\n<p>&nbsp;<\/p>\n","protected":false},"featured_media":8836,"comment_status":"closed","ping_status":"closed","template":"","meta":[],"product_brand":[],"product_cat":[256,275,1230,271],"product_tag":[],"class_list":{"0":"post-8835","1":"product","2":"type-product","3":"status-publish","4":"has-post-thumbnail","6":"product_cat-kekik","7":"product_cat-lavanta","8":"product_cat-mixblock","9":"product_cat-vitrin","11":"first","12":"instock","13":"shipping-taxable","14":"purchasable","15":"product-type-simple"},"_links":{"self":[{"href":"https:\/\/drose.com.tr\/online\/wp-json\/wp\/v2\/product\/8835","targetHints":{"allow":["GET"]}}],"collection":[{"href":"https:\/\/drose.com.tr\/online\/wp-json\/wp\/v2\/product"}],"about":[{"href":"https:\/\/drose.com.tr\/online\/wp-json\/wp\/v2\/types\/product"}],"replies":[{"embeddable":true,"href":"https:\/\/drose.com.tr\/online\/wp-json\/wp\/v2\/comments?post=8835"}],"wp:featuredmedia":[{"embeddable":true,"href":"https:\/\/drose.com.tr\/online\/wp-json\/wp\/v2\/media\/8836"}],"wp:attachment":[{"href":"https:\/\/drose.com.tr\/online\/wp-json\/wp\/v2\/media?parent=8835"}],"wp:term":[{"taxonomy":"product_brand","embeddable":true,"href":"https:\/\/drose.com.tr\/online\/wp-json\/wp\/v2\/product_brand?post=8835"},{"taxonomy":"product_cat","embeddable":true,"href":"https:\/\/drose.com.tr\/online\/wp-json\/wp\/v2\/product_cat?post=8835"},{"taxonomy":"product_tag","embeddable":true,"href":"https:\/\/drose.com.tr\/online\/wp-json\/wp\/v2\/product_tag?post=8835"}],"curies":[{"name":"wp","href":"https:\/\/api.w.org\/{rel}","templated":true}]}}