{"id":8865,"date":"2023-12-19T13:55:08","date_gmt":"2023-12-19T10:55:08","guid":{"rendered":"https:\/\/drose.com.tr\/online\/?post_type=product&#038;p=8865"},"modified":"2025-10-23T13:29:31","modified_gmt":"2025-10-23T10:29:31","slug":"gul-yagi-1g","status":"publish","type":"product","link":"https:\/\/drose.com.tr\/online\/urun\/gul-yagi-1g\/","title":{"rendered":"G\u00fcl Ya\u011f\u0131 1 gr"},"content":{"rendered":"<p>\u00d6zel \u00dcretim %100 Do\u011fal G\u00fcl Ya\u011f\u0131 Rosa Damascena 1gr\u00a0<a href=\"https:\/\/drose.com.tr\/online\/wp-content\/uploads\/2016\/09\/rosadamascena.jpg\"><img loading=\"lazy\" decoding=\"async\" class=\"size-medium wp-image-3391 alignleft\" src=\"https:\/\/drose.com.tr\/online\/wp-content\/uploads\/2016\/09\/rosadamascena-300x200.jpg\" alt=\"\" width=\"300\" height=\"200\" srcset=\"https:\/\/drose.com.tr\/online\/wp-content\/uploads\/2016\/09\/rosadamascena-300x200.jpg 300w, https:\/\/drose.com.tr\/online\/wp-content\/uploads\/2016\/09\/rosadamascena-768x513.jpg 768w, https:\/\/drose.com.tr\/online\/wp-content\/uploads\/2016\/09\/rosadamascena-1030x687.jpg 1030w, https:\/\/drose.com.tr\/online\/wp-content\/uploads\/2016\/09\/rosadamascena-1500x1001.jpg 1500w, https:\/\/drose.com.tr\/online\/wp-content\/uploads\/2016\/09\/rosadamascena-705x471.jpg 705w, https:\/\/drose.com.tr\/online\/wp-content\/uploads\/2016\/09\/rosadamascena-450x300.jpg 450w\" sizes=\"auto, (max-width: 300px) 100vw, 300px\" \/><\/a><\/p>\n","protected":false},"excerpt":{"rendered":"<p>\u00d6zel \u00dcretim % 100 Do\u011fal G\u00fcl Ya\u011f\u0131 Rosa Damascena 1gr<\/p>\n","protected":false},"featured_media":9239,"comment_status":"closed","ping_status":"closed","template":"","meta":[],"product_brand":[],"product_cat":[251,1231,271],"product_tag":[],"class_list":{"0":"post-8865","1":"product","2":"type-product","3":"status-publish","4":"has-post-thumbnail","6":"product_cat-gul","7":"product_cat-gul-yagi","8":"product_cat-vitrin","10":"first","11":"instock","12":"shipping-taxable","13":"purchasable","14":"product-type-simple"},"_links":{"self":[{"href":"https:\/\/drose.com.tr\/online\/wp-json\/wp\/v2\/product\/8865","targetHints":{"allow":["GET"]}}],"collection":[{"href":"https:\/\/drose.com.tr\/online\/wp-json\/wp\/v2\/product"}],"about":[{"href":"https:\/\/drose.com.tr\/online\/wp-json\/wp\/v2\/types\/product"}],"replies":[{"embeddable":true,"href":"https:\/\/drose.com.tr\/online\/wp-json\/wp\/v2\/comments?post=8865"}],"wp:featuredmedia":[{"embeddable":true,"href":"https:\/\/drose.com.tr\/online\/wp-json\/wp\/v2\/media\/9239"}],"wp:attachment":[{"href":"https:\/\/drose.com.tr\/online\/wp-json\/wp\/v2\/media?parent=8865"}],"wp:term":[{"taxonomy":"product_brand","embeddable":true,"href":"https:\/\/drose.com.tr\/online\/wp-json\/wp\/v2\/product_brand?post=8865"},{"taxonomy":"product_cat","embeddable":true,"href":"https:\/\/drose.com.tr\/online\/wp-json\/wp\/v2\/product_cat?post=8865"},{"taxonomy":"product_tag","embeddable":true,"href":"https:\/\/drose.com.tr\/online\/wp-json\/wp\/v2\/product_tag?post=8865"}],"curies":[{"name":"wp","href":"https:\/\/api.w.org\/{rel}","templated":true}]}}