{"id":9018,"date":"2021-04-19T15:25:33","date_gmt":"2021-04-19T12:25:33","guid":{"rendered":"https:\/\/drose.com.tr\/online\/?post_type=product&#038;p=9018"},"modified":"2025-04-29T10:53:40","modified_gmt":"2025-04-29T07:53:40","slug":"drose-bitkisel-kastil-sivi-sabunkekik-limon","status":"publish","type":"product","link":"https:\/\/drose.com.tr\/online\/urun\/drose-bitkisel-kastil-sivi-sabunkekik-limon\/","title":{"rendered":"D&#8217;ROSE Bitkisel Kastil S\u0131v\u0131 Sabun Kekik &#038; Limon"},"content":{"rendered":"<div class=\"page\" title=\"Page 1\">\n<p>S\u0131zma zeytinya\u011f\u0131, hindistan cevizi ya\u011f\u0131, hint ya\u011f\u0131 ile antifungal, antibakteriyel ve antivirutik etkili geni\u015f spektrumlu bitkisel u\u00e7ucu ya\u011flardan olu\u015fan do\u011fal form\u00fcll\u00fc i\u00e7erik ile \u00fcretilmi\u015ftir.<\/p>\n<p><a href=\"https:\/\/drose.com.tr\/online\/wp-content\/uploads\/2021\/04\/kekik.jpg\"><img loading=\"lazy\" decoding=\"async\" class=\"size-medium wp-image-9021 alignleft\" src=\"https:\/\/drose.com.tr\/online\/wp-content\/uploads\/2021\/04\/kekik-285x300.jpg\" alt=\"\" width=\"285\" height=\"300\" srcset=\"https:\/\/drose.com.tr\/online\/wp-content\/uploads\/2021\/04\/kekik-285x300.jpg 285w, https:\/\/drose.com.tr\/online\/wp-content\/uploads\/2021\/04\/kekik-768x807.jpg 768w, https:\/\/drose.com.tr\/online\/wp-content\/uploads\/2021\/04\/kekik-671x705.jpg 671w, https:\/\/drose.com.tr\/online\/wp-content\/uploads\/2021\/04\/kekik-450x473.jpg 450w, https:\/\/drose.com.tr\/online\/wp-content\/uploads\/2021\/04\/kekik.jpg 837w\" sizes=\"auto, (max-width: 285px) 100vw, 285px\" \/><\/a><\/p>\n<div class=\"layoutArea\">\n<div class=\"column\">\n<p>Tamamen do\u011fal, bitkisel ya\u011f bazl\u0131 form\u00fcl\u00fc ile saf kastil s\u0131v\u0131 sabunlar\u0131m\u0131z i\u00e7eri\u011findeki bitkisel \u00f6zlere zarar vermeden \u00fcretilmektedir. Do\u011fal bitkisel form\u00fcll\u00fc kastil s\u0131v\u0131 sabunlar\u0131m\u0131zdaki cildi nemlendirme, y\u00fcksek kapasitede temizleme ve cilt \u00fczerindeki \u00f6nemli faydalan\u0131m etkileri i\u00e7eri\u011findeki ya\u011flar\u0131n \u00f6zelliklerinden gelmektedir. \u00a0[symple_column size=&#8221;one-half&#8221; position=&#8221;last&#8221; fade_in=&#8221;false&#8221;]<\/p>\n<p>&nbsp;<\/p>\n<\/div>\n<\/div>\n<div class=\"layoutArea\">\n<div class=\"column\">\n<p><strong>HER C\u0130LT T\u0130P\u0130 \u0130\u00c7\u0130N UYGUNDUR.<\/strong><br \/>\nAyr\u0131ca egzama, sedef, mantar, akne ve kuru cilt rahats\u0131zl\u0131\u011f\u0131 olan ki\u015filerin el ve v\u00fccut temizli\u011finde\u00a0g\u00fcvenle kullanabilecekleri iyi bir bak\u0131m sabunudur.<\/p>\n<p>G\u00f6ze, genital b\u00f6lgeye ve a\u00e7\u0131k yaralara uygulamay\u0131n\u0131z.<\/p>\n<p><strong><a href=\"https:\/\/drose.com.tr\/online\/wp-content\/uploads\/2021\/04\/limon.jpg\"><img loading=\"lazy\" decoding=\"async\" class=\"size-medium wp-image-9023 alignright\" src=\"https:\/\/drose.com.tr\/online\/wp-content\/uploads\/2021\/04\/limon-300x227.jpg\" alt=\"\" width=\"300\" height=\"227\" srcset=\"https:\/\/drose.com.tr\/online\/wp-content\/uploads\/2021\/04\/limon-300x227.jpg 300w, https:\/\/drose.com.tr\/online\/wp-content\/uploads\/2021\/04\/limon-450x341.jpg 450w, https:\/\/drose.com.tr\/online\/wp-content\/uploads\/2021\/04\/limon.jpg 626w\" sizes=\"auto, (max-width: 300px) 100vw, 300px\" \/><\/a>SLS (SOD\u0130UM LAURYL SULFATE), PARABEN, ALKOL, K\u0130MYASAL KATKI MADDELER\u0130, K\u0130MYASAL SABUN B\u0130LE\u015eENLER\u0130, HAZIR SABUN BAZI, PALM\u0130YE YA\u011eI VE HAYVANSAL YA\u011e \u0130\u00c7ERMEZ. G\u0131da, kozmetik vb. boya kullan\u0131lmam\u0131\u015ft\u0131r.<\/strong><\/p>\n<p>Tamamen do\u011fal bitkisel ya\u011f bazl\u0131 form\u00fcl\u00fc ile saf kastil s\u0131v\u0131 sabunlar\u0131m\u0131z veganlar i\u00e7in uygundur.<\/p>\n<\/div>\n<\/div>\n<\/div>\n","protected":false},"excerpt":{"rendered":"<p>300 ML D&#8217;ROSE Bitkisel Kastil S\u0131v\u0131 Sabun Kekik &amp; Limon<\/p>\n<p>T\u00fcm cilt tipleri i\u00e7in uygundur.<\/p>\n<p><strong>Tamamen do\u011fal bitkisel ya\u011f bazl\u0131 form\u00fcl\u00fc ile saf kastil s\u0131v\u0131 sabunlar\u0131m\u0131z SLS (SOD\u0130UM LAURYL SULFATE), PARABEN, ALKOL, K\u0130MYASAL KATKI MADDELER\u0130, K\u0130MYASAL SABUN B\u0130LE\u015eENLER\u0130, HAZIR SABUN BAZI, PALM\u0130YE YA\u011eI VE HAYVANSAL YA\u011e \u0130\u00c7ERMEZ. G\u0131da, kozmetik vb. boya kullan\u0131lmam\u0131\u015ft\u0131r.<\/strong><\/p>\n","protected":false},"featured_media":9022,"comment_status":"closed","ping_status":"closed","template":"","meta":[],"product_brand":[],"product_cat":[256,271],"product_tag":[],"class_list":{"0":"post-9018","1":"product","2":"type-product","3":"status-publish","4":"has-post-thumbnail","6":"product_cat-kekik","7":"product_cat-vitrin","9":"first","10":"instock","11":"shipping-taxable","12":"purchasable","13":"product-type-simple"},"_links":{"self":[{"href":"https:\/\/drose.com.tr\/online\/wp-json\/wp\/v2\/product\/9018","targetHints":{"allow":["GET"]}}],"collection":[{"href":"https:\/\/drose.com.tr\/online\/wp-json\/wp\/v2\/product"}],"about":[{"href":"https:\/\/drose.com.tr\/online\/wp-json\/wp\/v2\/types\/product"}],"replies":[{"embeddable":true,"href":"https:\/\/drose.com.tr\/online\/wp-json\/wp\/v2\/comments?post=9018"}],"wp:featuredmedia":[{"embeddable":true,"href":"https:\/\/drose.com.tr\/online\/wp-json\/wp\/v2\/media\/9022"}],"wp:attachment":[{"href":"https:\/\/drose.com.tr\/online\/wp-json\/wp\/v2\/media?parent=9018"}],"wp:term":[{"taxonomy":"product_brand","embeddable":true,"href":"https:\/\/drose.com.tr\/online\/wp-json\/wp\/v2\/product_brand?post=9018"},{"taxonomy":"product_cat","embeddable":true,"href":"https:\/\/drose.com.tr\/online\/wp-json\/wp\/v2\/product_cat?post=9018"},{"taxonomy":"product_tag","embeddable":true,"href":"https:\/\/drose.com.tr\/online\/wp-json\/wp\/v2\/product_tag?post=9018"}],"curies":[{"name":"wp","href":"https:\/\/api.w.org\/{rel}","templated":true}]}}