{"id":9029,"date":"2021-04-19T15:53:39","date_gmt":"2021-04-19T12:53:39","guid":{"rendered":"https:\/\/drose.com.tr\/online\/?post_type=product&#038;p=9029"},"modified":"2025-04-29T10:53:30","modified_gmt":"2025-04-29T07:53:30","slug":"drose-bitkisel-kastil-sivi-sabunbiberiye","status":"publish","type":"product","link":"https:\/\/drose.com.tr\/online\/urun\/drose-bitkisel-kastil-sivi-sabunbiberiye\/","title":{"rendered":"D&#8217;ROSE Bitkisel Kastil S\u0131v\u0131 Sabun Biberiye"},"content":{"rendered":"<p>S\u0131zma zeytinya\u011f\u0131, hindistan cevizi ya\u011f\u0131, hint ya\u011f\u0131 ile antifungal, antibakteriyel ve antivirutik etkili geni\u015f spektrumlu bitkisel u\u00e7ucu ya\u011flardan olu\u015fan do\u011fal form\u00fcll\u00fc i\u00e7erik ile \u00fcretilmi\u015ftir.<\/p>\n<p><a href=\"https:\/\/drose.com.tr\/online\/wp-content\/uploads\/2020\/05\/Rosemary-oil.jpg\"><img loading=\"lazy\" decoding=\"async\" class=\"size-medium wp-image-8841 alignleft\" src=\"https:\/\/drose.com.tr\/online\/wp-content\/uploads\/2020\/05\/Rosemary-oil-200x300.jpg\" alt=\"\" width=\"200\" height=\"300\" srcset=\"https:\/\/drose.com.tr\/online\/wp-content\/uploads\/2020\/05\/Rosemary-oil-200x300.jpg 200w, https:\/\/drose.com.tr\/online\/wp-content\/uploads\/2020\/05\/Rosemary-oil-688x1030.jpg 688w, https:\/\/drose.com.tr\/online\/wp-content\/uploads\/2020\/05\/Rosemary-oil-768x1151.jpg 768w, https:\/\/drose.com.tr\/online\/wp-content\/uploads\/2020\/05\/Rosemary-oil-471x705.jpg 471w, https:\/\/drose.com.tr\/online\/wp-content\/uploads\/2020\/05\/Rosemary-oil-450x674.jpg 450w, https:\/\/drose.com.tr\/online\/wp-content\/uploads\/2020\/05\/Rosemary-oil.jpg 801w\" sizes=\"auto, (max-width: 200px) 100vw, 200px\" \/><\/a><\/p>\n<div class=\"layoutArea\">\n<div class=\"column\">\n<p>Tamamen do\u011fal, bitkisel ya\u011f bazl\u0131 form\u00fcl\u00fc ile saf kastil s\u0131v\u0131 sabunlar\u0131m\u0131z i\u00e7eri\u011findeki bitkisel \u00f6zlere zarar vermeden \u00fcretilmektedir. Do\u011fal bitkisel form\u00fcll\u00fc kastil s\u0131v\u0131 sabunlar\u0131m\u0131zdaki cildi nemlendirme, y\u00fcksek kapasitede temizleme ve cilt \u00fczerindeki \u00f6nemli faydalan\u0131m etkileri i\u00e7eri\u011findeki ya\u011flar\u0131n \u00f6zelliklerinden gelmektedir.<\/p>\n<\/div>\n<\/div>\n<div class=\"layoutArea\">\n<div class=\"column\">\n<p><strong>HER C\u0130LT T\u0130P\u0130 \u0130\u00c7\u0130N UYGUNDUR.<\/strong><br \/>\nAyr\u0131ca egzama, sedef, mantar, akne ve kuru cilt rahats\u0131zl\u0131\u011f\u0131 olan ki\u015filerin el ve v\u00fccut temizli\u011finde\u00a0g\u00fcvenle kullanabilecekleri iyi bir bak\u0131m sabunudur.<\/p>\n<p>G\u00f6ze, genital b\u00f6lgeye ve a\u00e7\u0131k yaralara uygulamay\u0131n\u0131z.<\/p>\n<p><strong>SLS (SOD\u0130UM LAURYL SULFATE), PARABEN, ALKOL, K\u0130MYASAL KATKI MADDELER\u0130, K\u0130MYASAL SABUN B\u0130LE\u015eENLER\u0130, HAZIR SABUN BAZI, PALM\u0130YE YA\u011eI VE HAYVANSAL YA\u011e \u0130\u00c7ERMEZ. G\u0131da, kozmetik vb. boya kullan\u0131lmam\u0131\u015ft\u0131r.<\/strong><\/p>\n<p>Tamamen do\u011fal bitkisel ya\u011f bazl\u0131 form\u00fcl\u00fc ile saf kastil s\u0131v\u0131 sabunlar\u0131m\u0131z veganlar i\u00e7in uygundur.<\/p>\n<\/div>\n<\/div>\n","protected":false},"excerpt":{"rendered":"<p>300 ML D&#8217;ROSE Bitkisel Kastil S\u0131v\u0131 Sabun Biberiye<\/p>\n<p>T\u00fcm cilt tipleri i\u00e7in uygundur.<\/p>\n<p><strong>Tamamen do\u011fal bitkisel ya\u011f bazl\u0131 form\u00fcl\u00fc ile saf kastil s\u0131v\u0131 sabunlar\u0131m\u0131z SLS (SOD\u0130UM LAURYL SULFATE), PARABEN, ALKOL, K\u0130MYASAL KATKI MADDELER\u0130, K\u0130MYASAL SABUN B\u0130LE\u015eENLER\u0130, HAZIR SABUN BAZI, PALM\u0130YE YA\u011eI VE HAYVANSAL YA\u011e \u0130\u00c7ERMEZ. G\u0131da, kozmetik vb. boya kullan\u0131lmam\u0131\u015ft\u0131r.<\/strong><\/p>\n","protected":false},"featured_media":9030,"comment_status":"closed","ping_status":"closed","template":"","meta":[],"product_brand":[],"product_cat":[250,271],"product_tag":[],"class_list":{"0":"post-9029","1":"product","2":"type-product","3":"status-publish","4":"has-post-thumbnail","6":"product_cat-biberiye","7":"product_cat-vitrin","9":"first","10":"instock","11":"shipping-taxable","12":"purchasable","13":"product-type-simple"},"_links":{"self":[{"href":"https:\/\/drose.com.tr\/online\/wp-json\/wp\/v2\/product\/9029","targetHints":{"allow":["GET"]}}],"collection":[{"href":"https:\/\/drose.com.tr\/online\/wp-json\/wp\/v2\/product"}],"about":[{"href":"https:\/\/drose.com.tr\/online\/wp-json\/wp\/v2\/types\/product"}],"replies":[{"embeddable":true,"href":"https:\/\/drose.com.tr\/online\/wp-json\/wp\/v2\/comments?post=9029"}],"wp:featuredmedia":[{"embeddable":true,"href":"https:\/\/drose.com.tr\/online\/wp-json\/wp\/v2\/media\/9030"}],"wp:attachment":[{"href":"https:\/\/drose.com.tr\/online\/wp-json\/wp\/v2\/media?parent=9029"}],"wp:term":[{"taxonomy":"product_brand","embeddable":true,"href":"https:\/\/drose.com.tr\/online\/wp-json\/wp\/v2\/product_brand?post=9029"},{"taxonomy":"product_cat","embeddable":true,"href":"https:\/\/drose.com.tr\/online\/wp-json\/wp\/v2\/product_cat?post=9029"},{"taxonomy":"product_tag","embeddable":true,"href":"https:\/\/drose.com.tr\/online\/wp-json\/wp\/v2\/product_tag?post=9029"}],"curies":[{"name":"wp","href":"https:\/\/api.w.org\/{rel}","templated":true}]}}